{"id":4527,"date":"2026-04-15T11:18:24","date_gmt":"2026-04-15T14:18:24","guid":{"rendered":"https:\/\/delaet.com.br\/?page_id=4527"},"modified":"2026-04-15T11:32:30","modified_gmt":"2026-04-15T14:32:30","slug":"politica-de-privacidade-2","status":"publish","type":"page","link":"https:\/\/delaet.com.br\/en\/politica-de-privacidade-2\/","title":{"rendered":"Pol\u00edtica de Privacidade"},"content":{"rendered":"<div class=\"wp-block-group alignfull is-style-ext-preset--group--natural-1--section has-background-background-color has-background has-global-padding is-layout-constrained wp-container-core-group-is-layout-843e5a6d wp-block-group-is-layout-constrained\" style=\"margin-top:0;margin-bottom:0;padding-top:var(--wp--preset--spacing--70);padding-bottom:var(--wp--preset--spacing--70)\">\n<p class=\"has-text-align-center ext-animate--on\" style=\"margin-top:1.5rem\">Esta se\u00e7\u00e3o explica como os dados s\u00e3o tratados, focando na transpar\u00eancia exigida pelo Google e pela LGPD.<\/p>\n\n\n\n<h2 class=\"wp-block-heading has-text-align-center ext-animate--on\"><strong>Pol\u00edtica de Privacidade<\/strong><\/h2>\n\n\n\n<p class=\"has-text-align-left ext-animate--on\" style=\"margin-top:1.5rem\"><br><strong>1. Informa\u00e7\u00f5es que Coletamos<\/strong> Ao utilizar o Reader Revenue Manager, recebemos do Google informa\u00e7\u00f5es b\u00e1sicas como seu <strong>nome<\/strong> e <strong>endere\u00e7o de e-mail<\/strong>. N\u00e3o temos acesso \u00e0s suas senhas ou detalhes financeiros completos.<\/p>\n\n\n\n<p class=\"has-text-align-left ext-animate--on\" style=\"margin-top:1.5rem\"><br><strong>2. Como Usamos seus Dados<\/strong> Utilizamos seus dados exclusivamente para:<br>Garantir seu acesso ao conte\u00fado restrito.<br>Enviar newsletters e atualiza\u00e7\u00f5es do Atelier (caso voc\u00ea tenha optado por receb\u00ea-las).<br>Melhorar a experi\u00eancia de navega\u00e7\u00e3o no blog.<\/p>\n\n\n\n<p class=\"has-text-align-left ext-animate--on\" style=\"margin-top:1.5rem\"><br><strong>3. Compartilhamento de Dados<\/strong> De Laet Workshop <strong>n\u00e3o vende ou compartilha<\/strong> seus dados pessoais com terceiros. As informa\u00e7\u00f5es s\u00e3o utilizadas apenas dentro do ecossistema Google\/Atelier para a presta\u00e7\u00e3o do servi\u00e7o contratado.<\/p>\n\n\n\n<p class=\"has-text-align-left ext-animate--on\" style=\"margin-top:1.5rem\"><br><strong>4. Seus Direitos (LGPD)<\/strong> Voc\u00ea tem o direito de solicitar a exclus\u00e3o de seus dados, corrigir informa\u00e7\u00f5es ou retirar seu consentimento a qualquer momento, entrando em contato conosco atrav\u00e9s do e-mail oficial do Atelier.<\/p>\n\n\n\n<p class=\"has-text-align-left ext-animate--on\" style=\"margin-top:1.5rem\"><br><strong>5. Cookies<\/strong> Utilizamos cookies t\u00e9cnicos do Google para identificar assinantes ativos e manter sua sess\u00e3o iniciada.transpar\u00eancia e respeito \u00e0s normas de privacidade.<\/p>\n\n\n\n<figure class=\"wp-block-image is-style-ext-preset-image-natural-1-image-1--content-any is-style-ext-preset--image--natural-1--image-1--content-any ext-animate--on is-style-ext-preset--image--natural-1--image-1--content-any--2\"><img data-recalc-dims=\"1\" loading=\"lazy\" decoding=\"async\" width=\"1440\" height=\"961\" class=\"wp-image-4531\" src=\"https:\/\/i0.wp.com\/delaet.com.br\/wp-content\/uploads\/2026\/04\/26b6ff6715eafb2806f11d13280052e788b7ca3f.jpg?resize=1440%2C961&#038;ssl=1\" alt=\"\" style=\"aspect-ratio:16\/9;object-fit:cover\" srcset=\"https:\/\/i0.wp.com\/delaet.com.br\/wp-content\/uploads\/2026\/04\/26b6ff6715eafb2806f11d13280052e788b7ca3f.jpg?w=1440&amp;ssl=1 1440w, https:\/\/i0.wp.com\/delaet.com.br\/wp-content\/uploads\/2026\/04\/26b6ff6715eafb2806f11d13280052e788b7ca3f.jpg?resize=300%2C200&amp;ssl=1 300w, https:\/\/i0.wp.com\/delaet.com.br\/wp-content\/uploads\/2026\/04\/26b6ff6715eafb2806f11d13280052e788b7ca3f.jpg?resize=1024%2C683&amp;ssl=1 1024w, https:\/\/i0.wp.com\/delaet.com.br\/wp-content\/uploads\/2026\/04\/26b6ff6715eafb2806f11d13280052e788b7ca3f.jpg?resize=768%2C513&amp;ssl=1 768w, https:\/\/i0.wp.com\/delaet.com.br\/wp-content\/uploads\/2026\/04\/26b6ff6715eafb2806f11d13280052e788b7ca3f.jpg?resize=18%2C12&amp;ssl=1 18w, https:\/\/i0.wp.com\/delaet.com.br\/wp-content\/uploads\/2026\/04\/26b6ff6715eafb2806f11d13280052e788b7ca3f.jpg?resize=600%2C400&amp;ssl=1 600w\" sizes=\"auto, (max-width: 1000px) 100vw, 1000px\" \/><\/figure>\n<\/div>\n\n\n\n<div class=\"wp-block-group alignfull is-style-ext-preset--group--natural-1--section has-background-background-color has-background has-global-padding is-layout-constrained wp-container-core-group-is-layout-e955bbaf wp-block-group-is-layout-constrained\" style=\"margin-top:0;margin-bottom:0;padding-top:var(--wp--preset--spacing--70);padding-bottom:var(--wp--preset--spacing--70)\">\n<h2 class=\"wp-block-heading has-text-align-center\">Bem-vindo \u00e0 se\u00e7\u00e3o de Perguntas Frequentes sobre Privacidade.<\/h2>\n\n\n\n<p class=\"has-text-align-center ext-animate--on\" style=\"margin-top:1.5rem\">Aqui esclarecemos d\u00favidas comuns para que voc\u00ea compreenda como seus dados s\u00e3o protegidos e usados.<\/p>\n\n\n\n<div class=\"wp-block-group alignwide has-global-padding is-content-justification-center is-layout-constrained wp-container-core-group-is-layout-8f997a6a wp-block-group-is-layout-constrained\">\n<div class=\"wp-block-group is-style-ext-preset--group--natural-1--item-card-1--align-start ext-animate--on is-layout-flow wp-block-group-is-layout-flow is-style-ext-preset--group--natural-1--item-card-1--align-start--4\">\n<div class=\"wp-block-group is-style-default is-layout-flow wp-block-group-is-layout-flow\">\n<h3 class=\"wp-block-heading\">Quais dados pessoais s\u00e3o coletados pelo Reader Revenue Manager?<\/h3>\n\n\n\n<p>Coletamos informa\u00e7\u00f5es como nome, e-mail e dados de navega\u00e7\u00e3o para melhorar sua experi\u00eancia.<\/p>\n<\/div>\n<\/div>\n\n\n\n<div class=\"wp-block-group is-style-ext-preset--group--natural-1--item-card-1--align-start ext-animate--on is-layout-flow wp-block-group-is-layout-flow is-style-ext-preset--group--natural-1--item-card-1--align-start--5\">\n<div class=\"wp-block-group is-style-default is-layout-flow wp-block-group-is-layout-flow\">\n<h3 class=\"wp-block-heading\">Como os dados s\u00e3o armazenados e protegidos?<\/h3>\n\n\n\n<p>Utilizamos criptografia avan\u00e7ada e servidores seguros para garantir a integridade dos dados.<\/p>\n<\/div>\n<\/div>\n\n\n\n<div class=\"wp-block-group is-style-ext-preset--group--natural-1--item-card-1--align-start ext-animate--on is-layout-flow wp-block-group-is-layout-flow is-style-ext-preset--group--natural-1--item-card-1--align-start--6\">\n<div class=\"wp-block-group is-style-default is-layout-flow wp-block-group-is-layout-flow\">\n<h3 class=\"wp-block-heading\">Com quem os dados dos usu\u00e1rios s\u00e3o compartilhados?<\/h3>\n\n\n\n<p>Compartilhamos informa\u00e7\u00f5es apenas com parceiros autorizados, sempre respeitando a privacidade.<\/p>\n<\/div>\n<\/div>\n\n\n\n<div class=\"wp-block-group is-style-ext-preset--group--natural-1--item-card-1--align-start ext-animate--on is-layout-flow wp-block-group-is-layout-flow is-style-ext-preset--group--natural-1--item-card-1--align-start--7\">\n<div class=\"wp-block-group is-style-default is-layout-flow wp-block-group-is-layout-flow\">\n<h3 class=\"wp-block-heading\">Como posso solicitar a exclus\u00e3o dos meus dados?<\/h3>\n\n\n\n<p>Voc\u00ea pode entrar em contato conosco pelo e-mail para solicitar remo\u00e7\u00e3o de seus dados pessoais.<\/p>\n<\/div>\n<\/div>\n<\/div>\n<\/div>\n\n\n\n<div class=\"wp-block-group alignfull is-style-ext-preset--group--natural-1--section has-background-background-color has-background has-global-padding is-layout-constrained wp-container-core-group-is-layout-e96f6837 wp-block-group-is-layout-constrained\" style=\"margin-top:0;margin-bottom:0;padding-top:0;padding-right:0;padding-bottom:0;padding-left:0\"><\/div>","protected":false},"excerpt":{"rendered":"<p>Esta se\u00e7\u00e3o explica como os dados s\u00e3o tratados, focando na transpar\u00eancia exigida pelo Google e pela LGPD. Pol\u00edtica de Privacidade 1. Informa\u00e7\u00f5es que Coletamos Ao utilizar o Reader Revenue Manager, recebemos do Google informa\u00e7\u00f5es b\u00e1sicas como seu nome e endere\u00e7o de e-mail. N\u00e3o temos acesso \u00e0s suas senhas ou detalhes financeiros completos. 2. Como Usamos [&hellip;]<\/p>\n","protected":false},"author":1,"featured_media":0,"parent":0,"menu_order":0,"comment_status":"closed","ping_status":"closed","template":"page-with-title","meta":{"om_disable_all_campaigns":false,"_monsterinsights_skip_tracking":false,"_monsterinsights_sitenote_active":false,"_monsterinsights_sitenote_note":"","_monsterinsights_sitenote_category":0,"footnotes":""},"class_list":["post-4527","page","type-page","status-publish","hentry"],"aioseo_notices":[],"jetpack_sharing_enabled":true,"_links":{"self":[{"href":"https:\/\/delaet.com.br\/en\/wp-json\/wp\/v2\/pages\/4527","targetHints":{"allow":["GET"]}}],"collection":[{"href":"https:\/\/delaet.com.br\/en\/wp-json\/wp\/v2\/pages"}],"about":[{"href":"https:\/\/delaet.com.br\/en\/wp-json\/wp\/v2\/types\/page"}],"author":[{"embeddable":true,"href":"https:\/\/delaet.com.br\/en\/wp-json\/wp\/v2\/users\/1"}],"replies":[{"embeddable":true,"href":"https:\/\/delaet.com.br\/en\/wp-json\/wp\/v2\/comments?post=4527"}],"version-history":[{"count":2,"href":"https:\/\/delaet.com.br\/en\/wp-json\/wp\/v2\/pages\/4527\/revisions"}],"predecessor-version":[{"id":4532,"href":"https:\/\/delaet.com.br\/en\/wp-json\/wp\/v2\/pages\/4527\/revisions\/4532"}],"wp:attachment":[{"href":"https:\/\/delaet.com.br\/en\/wp-json\/wp\/v2\/media?parent=4527"}],"curies":[{"name":"wp","href":"https:\/\/api.w.org\/{rel}","templated":true}]}}