{"id":637,"date":"2026-04-08T09:49:14","date_gmt":"2026-04-08T12:49:14","guid":{"rendered":"https:\/\/delaet.com.br\/rastrear-encomenda\/"},"modified":"2026-04-08T09:49:14","modified_gmt":"2026-04-08T12:49:14","slug":"rastrear-encomenda","status":"publish","type":"page","link":"https:\/\/delaet.com.br\/en\/rastrear-encomenda\/","title":{"rendered":"Rastrear Encomenda"},"content":{"rendered":"<form method=\"get\" class=\"infixs-correios-automatico-tracking-search-form\" action=\"\">\n\t<label for=\"search_tracking_code\">Insira o c\u00f3digo de rastreio:<\/label>\n\t<div class=\"infixs-correios-automatico-tracking-search-form-input\">\n\t\t<input type=\"text\" id=\"search_tracking_code\" name=\"code\" value=\"\"\n\t\t\trequired>\n\t\t<button type=\"submit\">Rastrear<\/button>\n\t<\/div>\n<input type=\"hidden\" name=\"trp-form-language\" value=\"en\"\/><\/form>\n\n<div class=\"infixs-caref-order-tracking-history\">\n\t\t\t\t<div class=\"infixs-caref-order-tracking-box\">\n\t\t\t\t\t\t\t<div class=\"infixs-caref-order-tracking-info\">\n\t\t\t\t\t<p>Ainda n\u00e3o h\u00e1 eventos de rastreamento para o c\u00f3digo selecionado, tente outro.<\/p>\n\t\t\t\t\t<a href=\"https:\/\/rastreamento.correios.com.br\/app\/index.php\" target=\"_blank\"\n\t\t\t\t\t\tclass=\"button button-primary\">Rastrear Site dos Correios<\/a>\n\t\t\t\t<\/div>\n\t\t\t\t\t<\/div>\n\t<\/div>","protected":false},"excerpt":{"rendered":"","protected":false},"author":1,"featured_media":0,"parent":0,"menu_order":0,"comment_status":"closed","ping_status":"closed","template":"page-with-title","meta":{"om_disable_all_campaigns":false,"_monsterinsights_skip_tracking":false,"_monsterinsights_sitenote_active":false,"_monsterinsights_sitenote_note":"","_monsterinsights_sitenote_category":0,"footnotes":""},"class_list":["post-637","page","type-page","status-publish","hentry"],"aioseo_notices":[],"jetpack_sharing_enabled":true,"_links":{"self":[{"href":"https:\/\/delaet.com.br\/en\/wp-json\/wp\/v2\/pages\/637","targetHints":{"allow":["GET"]}}],"collection":[{"href":"https:\/\/delaet.com.br\/en\/wp-json\/wp\/v2\/pages"}],"about":[{"href":"https:\/\/delaet.com.br\/en\/wp-json\/wp\/v2\/types\/page"}],"author":[{"embeddable":true,"href":"https:\/\/delaet.com.br\/en\/wp-json\/wp\/v2\/users\/1"}],"replies":[{"embeddable":true,"href":"https:\/\/delaet.com.br\/en\/wp-json\/wp\/v2\/comments?post=637"}],"version-history":[{"count":0,"href":"https:\/\/delaet.com.br\/en\/wp-json\/wp\/v2\/pages\/637\/revisions"}],"wp:attachment":[{"href":"https:\/\/delaet.com.br\/en\/wp-json\/wp\/v2\/media?parent=637"}],"curies":[{"name":"wp","href":"https:\/\/api.w.org\/{rel}","templated":true}]}}