{"id":1018,"date":"2026-04-11T23:46:02","date_gmt":"2026-04-12T02:46:02","guid":{"rendered":"https:\/\/delaet.com.br\/pt_br\/loja\/produto\/barra-de-tensao-guitarra-cromada-unidade-spirit-stb5h-cr-f035\/"},"modified":"2026-04-13T10:41:01","modified_gmt":"2026-04-13T13:41:01","slug":"barra-de-tensao-guitarra-cromada-unidade-spirit-stb5h-cr-f035","status":"publish","type":"product","link":"https:\/\/delaet.com.br\/en\/loja\/produto\/barra-de-tensao-guitarra-cromada-unidade-spirit-stb5h-cr-f035\/","title":{"rendered":"Barra De Tens\u00e3o Guitarra Cromada (Unidade) Spirit STB5H-CR"},"content":{"rendered":"<p>Barra de Tens\u00e3o para Guitarra Cromada, unidade, Spirit Guitar Parts &#8211; STB5H-CR.<br \/>\nFormato cil\u00edndrico e curvado<br \/>\nMedidas s\u00e3o: Altura 2cm x Largura 10cm x Comprimento 15cm.<\/p>\n<p>Instrumentos compat\u00edveis:Guitarra<br \/> Material:Metal<br \/> SKU:008795<\/p>\n<p> Condi\u00e7\u00e3o:Novo<br \/> Cor:Cromada<br \/> C\u00f3digo Universal do Produto:7899559803759<br \/> G\u00eanero:Unissex<br \/> Linha:Spirit Guitar Parts<br \/> MPN:H5500_90<br \/> Marca:Spirit<br \/> Modelo:STB5H-CR<br \/> Origem:Cor\u00e9ia do Sul<br \/> Unidades por embalagem:1<br \/> \u00c9 kit:N\u00e3o<br \/> Instrumento Recomendado:Guitarra<\/p>\n<p><\/p>","protected":false},"excerpt":{"rendered":"<p>Barra de Tens\u00e3o para Guitarra Cromada, unidade, Spirit Guitar Parts &#8211; STB5H-CR. Formato cil\u00edndrico e curvado Medidas s\u00e3o: Altura 2cm x Largura 10cm x Comprimento 15cm. Instrumentos compat\u00edveis:Guitarra Material:Metal SKU:008795 Condi\u00e7\u00e3o:Novo Cor:Cromada C\u00f3digo Universal do Produto:7899559803759 G\u00eanero:Unissex Linha:Spirit Guitar Parts MPN:H5500_90 Marca:Spirit Modelo:STB5H-CR Origem:Cor\u00e9ia do Sul Unidades por embalagem:1 \u00c9 kit:N\u00e3o Instrumento Recomendado:Guitarra<\/p>","protected":false},"featured_media":2380,"comment_status":"open","ping_status":"closed","template":"","meta":{"om_disable_all_campaigns":false,"jetpack_publicize_message":"","jetpack_publicize_feature_enabled":true,"jetpack_social_post_already_shared":false,"jetpack_social_options":{"image_generator_settings":{"template":"highway","default_image_id":0,"font":"","enabled":false},"version":2}},"product_brand":[165],"product_cat":[28,223],"product_tag":[682,684,685],"class_list":{"0":"post-1018","1":"product","2":"type-product","3":"status-publish","4":"has-post-thumbnail","6":"product_brand-spirit","7":"product_cat-eletricos","8":"product_cat-outros","9":"product_tag-barra-de-tensao","10":"product_tag-barra-estabilizadora","11":"product_tag-retentor-cordas","13":"first","14":"instock","15":"shipping-taxable","16":"purchasable","17":"product-type-simple"},"aioseo_notices":[],"jetpack_publicize_connections":[],"jetpack_sharing_enabled":true,"_links":{"self":[{"href":"https:\/\/delaet.com.br\/en\/wp-json\/wp\/v2\/product\/1018","targetHints":{"allow":["GET"]}}],"collection":[{"href":"https:\/\/delaet.com.br\/en\/wp-json\/wp\/v2\/product"}],"about":[{"href":"https:\/\/delaet.com.br\/en\/wp-json\/wp\/v2\/types\/product"}],"replies":[{"embeddable":true,"href":"https:\/\/delaet.com.br\/en\/wp-json\/wp\/v2\/comments?post=1018"}],"wp:featuredmedia":[{"embeddable":true,"href":"https:\/\/delaet.com.br\/en\/wp-json\/wp\/v2\/media\/2380"}],"wp:attachment":[{"href":"https:\/\/delaet.com.br\/en\/wp-json\/wp\/v2\/media?parent=1018"}],"wp:term":[{"taxonomy":"product_brand","embeddable":true,"href":"https:\/\/delaet.com.br\/en\/wp-json\/wp\/v2\/product_brand?post=1018"},{"taxonomy":"product_cat","embeddable":true,"href":"https:\/\/delaet.com.br\/en\/wp-json\/wp\/v2\/product_cat?post=1018"},{"taxonomy":"product_tag","embeddable":true,"href":"https:\/\/delaet.com.br\/en\/wp-json\/wp\/v2\/product_tag?post=1018"}],"curies":[{"name":"wp","href":"https:\/\/api.w.org\/{rel}","templated":true}]}}