{"id":1060,"date":"2026-04-11T23:48:34","date_gmt":"2026-04-12T02:48:34","guid":{"rendered":"https:\/\/delaet.com.br\/pt_br\/loja\/produto\/breu-claro-d-addario-natural-rosin-vr200-f035\/"},"modified":"2026-04-17T15:29:40","modified_gmt":"2026-04-17T18:29:40","slug":"breu-claro-d-addario-natural-rosin-vr200-f035","status":"publish","type":"product","link":"https:\/\/delaet.com.br\/en\/loja\/produto\/breu-claro-d-addario-natural-rosin-vr200-f035\/","title":{"rendered":"Breu Claro D\u00b4Addario Natural Rosin VR200"},"content":{"rendered":"<p>Ingredientes naturais combinados em um processo exclusivo tornam o Breu Natural D Addario perfeito para arcos com crina de cavalo ou crina sint\u00e9tica. Sua embalagem se encaixa perfeitamente em estojos de instrumentos. Canaletas de pl\u00e1stico facilitam seu uso, acondicionando e protegendo o breu. Excelente padr\u00e3o de qualidade e \u00f3timo custo-benef\u00edcio. Dispon\u00edvel nos modelos Claro ou Escuro.<\/p>\n<p>Origem:Estados Unidos<br \/>\nUnidades por Embalagem:1<br \/>\nG\u00eanero:Unissex<br \/>\nMarca:D<br \/>\nModelo:VR200<br \/>\nSKU:VR200<\/p>\n<p>Condi\u00e7\u00e3o do \u00edtem:Novo<br \/>\nMPN:VR200<br \/>\nFonte do Produto:Estados Unidos<br \/>\n\u00c9 kit:N\u00e3o<\/p>","protected":false},"excerpt":{"rendered":"<p>Ingredientes naturais combinados em um processo exclusivo tornam o Breu Natural D Addario perfeito para arcos com crina de cavalo ou crina sint\u00e9tica. Sua embalagem se encaixa perfeitamente em estojos de instrumentos. Canaletas de pl\u00e1stico facilitam seu uso, acondicionando e protegendo o breu. Excelente padr\u00e3o de qualidade e \u00f3timo custo-benef\u00edcio. Dispon\u00edvel nos modelos Claro ou [&hellip;]<\/p>\n","protected":false},"featured_media":2405,"comment_status":"open","ping_status":"closed","template":"","meta":{"om_disable_all_campaigns":false,"jetpack_publicize_message":"","jetpack_publicize_feature_enabled":true,"jetpack_social_post_already_shared":false,"jetpack_social_options":{"image_generator_settings":{"template":"highway","default_image_id":0,"font":"","enabled":false},"version":2}},"product_brand":[160],"product_cat":[158,210],"product_tag":[191,672,195,671,670],"class_list":{"0":"post-1060","1":"product","2":"type-product","3":"status-publish","4":"has-post-thumbnail","6":"product_brand-daddario","7":"product_cat-breu","8":"product_cat-friccionadas","9":"product_tag-breu","10":"product_tag-breu-cello","11":"product_tag-breu-para-arco","12":"product_tag-breu-viola","13":"product_tag-breu-violino","15":"first","16":"instock","17":"sale","18":"shipping-taxable","19":"purchasable","20":"product-type-simple"},"aioseo_notices":[],"jetpack_publicize_connections":[],"jetpack_sharing_enabled":true,"_links":{"self":[{"href":"https:\/\/delaet.com.br\/en\/wp-json\/wp\/v2\/product\/1060","targetHints":{"allow":["GET"]}}],"collection":[{"href":"https:\/\/delaet.com.br\/en\/wp-json\/wp\/v2\/product"}],"about":[{"href":"https:\/\/delaet.com.br\/en\/wp-json\/wp\/v2\/types\/product"}],"replies":[{"embeddable":true,"href":"https:\/\/delaet.com.br\/en\/wp-json\/wp\/v2\/comments?post=1060"}],"wp:featuredmedia":[{"embeddable":true,"href":"https:\/\/delaet.com.br\/en\/wp-json\/wp\/v2\/media\/2405"}],"wp:attachment":[{"href":"https:\/\/delaet.com.br\/en\/wp-json\/wp\/v2\/media?parent=1060"}],"wp:term":[{"taxonomy":"product_brand","embeddable":true,"href":"https:\/\/delaet.com.br\/en\/wp-json\/wp\/v2\/product_brand?post=1060"},{"taxonomy":"product_cat","embeddable":true,"href":"https:\/\/delaet.com.br\/en\/wp-json\/wp\/v2\/product_cat?post=1060"},{"taxonomy":"product_tag","embeddable":true,"href":"https:\/\/delaet.com.br\/en\/wp-json\/wp\/v2\/product_tag?post=1060"}],"curies":[{"name":"wp","href":"https:\/\/api.w.org\/{rel}","templated":true}]}}