{"id":1179,"date":"2026-04-12T00:00:07","date_gmt":"2026-04-12T03:00:07","guid":{"rendered":"https:\/\/delaet.com.br\/pt_br\/loja\/produto\/breu-claro-instrumentos-orquestrais-daddario-clarity-rosin-f035\/"},"modified":"2026-04-22T19:33:18","modified_gmt":"2026-04-22T22:33:18","slug":"breu-claro-instrumentos-orquestrais-daddario-clarity-rosin-f035","status":"publish","type":"product","link":"https:\/\/delaet.com.br\/en\/loja\/produto\/breu-claro-instrumentos-orquestrais-daddario-clarity-rosin-f035\/","title":{"rendered":"Breu Claro Instrumentos Orquestrais D\u00b4Addario Clarity Rosin"},"content":{"rendered":"<p>O Breu DAddario Clarity Rosin \u00e9 um composto de resina sint\u00e9tica de \u00faltima gera\u00e7\u00e3o que \u00e9 t\u00e3o clara quanto o som que produz. A f\u00f3rmula Clarity cont\u00e9m ingredientes hipoalerg\u00eanicos, ao mesmo tempo em que oferece a mesma performance dos breus da linha Natural Rosin.  &#8211; F\u00f3rmula de resina hipoalerg\u00eanica &#8211; Feito de resina sint\u00e9tica de hidrocarboneto. &#8211; Oferece as mesmas qualidades de desempenho que os breus Natural Rosin. &#8211; Produzido nos EUA.<\/p>\n<p> Condi\u00e7\u00e3o do item:Novo<br \/> Fonte do Produto:Importado<br \/> G\u00eanero:Unissex<br \/> Instrumento recomendado:Instrumentos de Arco<br \/> C\u00f3digo Universal do Produto:752715592508<br \/> \u00c9 kit:N\u00e3o<br \/> Linha:Rosin<br \/> Marca:DAddario Orchestral<br \/> Material:Resina<br \/> Modelo:9250-EA<br \/> Origem:Estados Unidos<br \/> SKU:039031<br \/> Tamanhos Compat\u00edveis:N\/A<br \/> Unidades por embalagem:1<\/p>\n<p><\/p>","protected":false},"excerpt":{"rendered":"<p>O Breu DAddario Clarity Rosin \u00e9 um composto de resina sint\u00e9tica de \u00faltima gera\u00e7\u00e3o que \u00e9 t\u00e3o clara quanto o som que produz. A f\u00f3rmula Clarity cont\u00e9m ingredientes hipoalerg\u00eanicos, ao mesmo tempo em que oferece a mesma performance dos breus da linha Natural Rosin. &#8211; F\u00f3rmula de resina hipoalerg\u00eanica &#8211; Feito de resina sint\u00e9tica de [&hellip;]<\/p>\n","protected":false},"featured_media":2408,"comment_status":"open","ping_status":"closed","template":"","meta":{"om_disable_all_campaigns":false,"_monsterinsights_skip_tracking":false,"_monsterinsights_sitenote_active":false,"_monsterinsights_sitenote_note":"","_monsterinsights_sitenote_category":0,"jetpack_publicize_message":"","jetpack_publicize_feature_enabled":true,"jetpack_social_post_already_shared":false,"jetpack_social_options":{"image_generator_settings":{"template":"highway","default_image_id":0,"font":"","enabled":false},"version":2}},"product_brand":[160],"product_cat":[158,210],"product_tag":[191,672,195,671,670],"class_list":{"0":"post-1179","1":"product","2":"type-product","3":"status-publish","4":"has-post-thumbnail","6":"product_brand-daddario","7":"product_cat-breu","8":"product_cat-friccionadas","9":"product_tag-breu","10":"product_tag-breu-cello","11":"product_tag-breu-para-arco","12":"product_tag-breu-viola","13":"product_tag-breu-violino","15":"first","16":"instock","17":"shipping-taxable","18":"purchasable","19":"product-type-simple"},"aioseo_notices":[],"jetpack_publicize_connections":[],"jetpack_sharing_enabled":true,"_links":{"self":[{"href":"https:\/\/delaet.com.br\/en\/wp-json\/wp\/v2\/product\/1179","targetHints":{"allow":["GET"]}}],"collection":[{"href":"https:\/\/delaet.com.br\/en\/wp-json\/wp\/v2\/product"}],"about":[{"href":"https:\/\/delaet.com.br\/en\/wp-json\/wp\/v2\/types\/product"}],"replies":[{"embeddable":true,"href":"https:\/\/delaet.com.br\/en\/wp-json\/wp\/v2\/comments?post=1179"}],"wp:featuredmedia":[{"embeddable":true,"href":"https:\/\/delaet.com.br\/en\/wp-json\/wp\/v2\/media\/2408"}],"wp:attachment":[{"href":"https:\/\/delaet.com.br\/en\/wp-json\/wp\/v2\/media?parent=1179"}],"wp:term":[{"taxonomy":"product_brand","embeddable":true,"href":"https:\/\/delaet.com.br\/en\/wp-json\/wp\/v2\/product_brand?post=1179"},{"taxonomy":"product_cat","embeddable":true,"href":"https:\/\/delaet.com.br\/en\/wp-json\/wp\/v2\/product_cat?post=1179"},{"taxonomy":"product_tag","embeddable":true,"href":"https:\/\/delaet.com.br\/en\/wp-json\/wp\/v2\/product_tag?post=1179"}],"curies":[{"name":"wp","href":"https:\/\/api.w.org\/{rel}","templated":true}]}}