{"id":1209,"date":"2026-04-12T00:02:08","date_gmt":"2026-04-12T03:02:08","guid":{"rendered":"https:\/\/delaet.com.br\/pt_br\/loja\/produto\/cabo-microf-xlr-azul-escuro-classic-daddario-pw-cpmic-20dbu-f035\/"},"modified":"2026-04-13T10:13:35","modified_gmt":"2026-04-13T13:13:35","slug":"cabo-microf-xlr-azul-escuro-classic-daddario-pw-cpmic-20dbu-f035","status":"publish","type":"product","link":"https:\/\/delaet.com.br\/en\/loja\/produto\/cabo-microf-xlr-azul-escuro-classic-daddario-pw-cpmic-20dbu-f035\/","title":{"rendered":"Cabo para Microfone XLR Azul Escuro Classic D\u00b4Addario PW-CPMIC-20DBU"},"content":{"rendered":"<p>Cabo DAddario Classic Series para microfone com 6 metros e conectores XLR\/XLR balanceado, acabamento azul escuro.?<\/p>\n<p> Comprimento do cabo:6m<br \/> Condi\u00e7\u00e3o do \u00edtem:Novo<br \/> Conector de entrada:XLR<br \/> Conector de sa\u00edda:XLR<br \/> Cor:Azul Escuro<br \/> Fonte do Produto:Importado<br \/> G\u00eanero:Unissex<br \/> Linha:Classic<br \/> Material:Metal, Borracha<br \/> Origem:China<br \/> Quantidade de conectores de entrada:1<br \/> Quantidade de conectores de sa\u00edda:1<br \/> SKU:052589<br \/> Unidade de Comprimento do cabo:Metros<br \/> Unidades por Embalagem:1<br \/> \u00c9 kit:N\u00e3o<br \/> Tipo de cabo e adaptador:XLR<\/p>\n<p><\/p>","protected":false},"excerpt":{"rendered":"<p>Cabo DAddario Classic Series para microfone com 6 metros e conectores XLR\/XLR balanceado, acabamento azul escuro.? Comprimento do cabo:6m Condi\u00e7\u00e3o do \u00edtem:Novo Conector de entrada:XLR Conector de sa\u00edda:XLR Cor:Azul Escuro Fonte do Produto:Importado G\u00eanero:Unissex Linha:Classic Material:Metal, Borracha Origem:China Quantidade de conectores de entrada:1 Quantidade de conectores de sa\u00edda:1 SKU:052589 Unidade de Comprimento do cabo:Metros Unidades [&hellip;]<\/p>\n","protected":false},"featured_media":2431,"comment_status":"open","ping_status":"closed","template":"","meta":{"om_disable_all_campaigns":false,"_monsterinsights_skip_tracking":false,"_monsterinsights_sitenote_active":false,"_monsterinsights_sitenote_note":"","_monsterinsights_sitenote_category":0,"jetpack_publicize_message":"","jetpack_publicize_feature_enabled":true,"jetpack_social_post_already_shared":false,"jetpack_social_options":{"image_generator_settings":{"template":"highway","default_image_id":0,"font":"","enabled":false},"version":2}},"product_brand":[160],"product_cat":[96,97],"product_tag":[660,663],"class_list":{"0":"post-1209","1":"product","2":"type-product","3":"status-publish","4":"has-post-thumbnail","6":"product_brand-daddario","7":"product_cat-acessorios","8":"product_cat-cabos","9":"product_tag-cabo-microfone","10":"product_tag-cabo-xlr","12":"first","13":"instock","14":"shipping-taxable","15":"purchasable","16":"product-type-simple"},"aioseo_notices":[],"jetpack_publicize_connections":[],"jetpack_sharing_enabled":true,"_links":{"self":[{"href":"https:\/\/delaet.com.br\/en\/wp-json\/wp\/v2\/product\/1209","targetHints":{"allow":["GET"]}}],"collection":[{"href":"https:\/\/delaet.com.br\/en\/wp-json\/wp\/v2\/product"}],"about":[{"href":"https:\/\/delaet.com.br\/en\/wp-json\/wp\/v2\/types\/product"}],"replies":[{"embeddable":true,"href":"https:\/\/delaet.com.br\/en\/wp-json\/wp\/v2\/comments?post=1209"}],"wp:featuredmedia":[{"embeddable":true,"href":"https:\/\/delaet.com.br\/en\/wp-json\/wp\/v2\/media\/2431"}],"wp:attachment":[{"href":"https:\/\/delaet.com.br\/en\/wp-json\/wp\/v2\/media?parent=1209"}],"wp:term":[{"taxonomy":"product_brand","embeddable":true,"href":"https:\/\/delaet.com.br\/en\/wp-json\/wp\/v2\/product_brand?post=1209"},{"taxonomy":"product_cat","embeddable":true,"href":"https:\/\/delaet.com.br\/en\/wp-json\/wp\/v2\/product_cat?post=1209"},{"taxonomy":"product_tag","embeddable":true,"href":"https:\/\/delaet.com.br\/en\/wp-json\/wp\/v2\/product_tag?post=1209"}],"curies":[{"name":"wp","href":"https:\/\/api.w.org\/{rel}","templated":true}]}}