{"id":1214,"date":"2026-04-12T00:02:21","date_gmt":"2026-04-12T03:02:21","guid":{"rendered":"https:\/\/delaet.com.br\/pt_br\/loja\/produto\/cabo-microfone-305m-xlr-d-addario-american-stage-pw-amsm-10-f035\/"},"modified":"2026-04-20T11:54:18","modified_gmt":"2026-04-20T14:54:18","slug":"cabo-microfone-305m-xlr-d-addario-american-stage-pw-amsm-10-f035","status":"publish","type":"product","link":"https:\/\/delaet.com.br\/en\/loja\/produto\/cabo-microfone-305m-xlr-d-addario-american-stage-pw-amsm-10-f035\/","title":{"rendered":"Cabo Microfone 3,05m XLR D\u00b4Addario American Stage PW-AMSM-10"},"content":{"rendered":"<p>Os cabos American Stage t\u00eam tudo para aprimorar sua sonoridade: materiais premium, design custom e desenvolvidos com extrema precis\u00e3o, combinados para proporcionar um cabo \u00fanico e de desempenho profissional incompar\u00e1vel. Sua liga interna foi projetada para reproduzir graves completos, agudos ricos e transmitir com precis\u00e3o seu timbre com clareza e livre de ru\u00eddos. Nosso processo de soldagem com fus\u00e3o em h\u00e9lio utiliza a moderna tecnologia de micro chama e compatibilidade de solda RoHS, resultando na jun\u00e7\u00e3o permanente entre o fio e o conector, flex\u00edveis a tor\u00e7\u00f5es e durabilidade inigual\u00e1veis. Nossos conectores s\u00e3o exclusivamente desenvolvidos com as mesmas especifica\u00e7\u00f5es sigilosamente aplicadas pela Neutrik\u00ae em sua f\u00e1brica de \u00faltima gera\u00e7\u00e3o. A patente GeoTip\u2122 proporciona encaixe perfeito com o jack do instrumento. Os cabos American Stage garantem o seu timbre sempre com voc\u00ea.<\/p>\n<p>Origem:Estados Unidos<br \/> Cor:Preto<br \/> Unidades por Embalagem:1<br \/> G\u00eanero:Unissex<br \/> Material:Alum\u00ednio\/Cobre\/PVC-Emborrachado<br \/> Linha:American Stage<br \/> Conector de entrada:XLR<br \/> Conector de sa\u00edda:XLR<br \/> Comprimento do cabo:3,05<br \/> Unidade de Comprimento do cabo:m<br \/> Quantidade de conectores de entrada:1<br \/> Quantidade de conectores de sa\u00edda:1<\/p>\n<p><\/p>","protected":false},"excerpt":{"rendered":"<p>Os cabos American Stage t\u00eam tudo para aprimorar sua sonoridade: materiais premium, design custom e desenvolvidos com extrema precis\u00e3o, combinados para proporcionar um cabo \u00fanico e de desempenho profissional incompar\u00e1vel. Sua liga interna foi projetada para reproduzir graves completos, agudos ricos e transmitir com precis\u00e3o seu timbre com clareza e livre de ru\u00eddos. Nosso processo [&hellip;]<\/p>\n","protected":false},"featured_media":2432,"comment_status":"open","ping_status":"closed","template":"","meta":{"om_disable_all_campaigns":false,"_monsterinsights_skip_tracking":false,"_monsterinsights_sitenote_active":false,"_monsterinsights_sitenote_note":"","_monsterinsights_sitenote_category":0,"jetpack_publicize_message":"","jetpack_publicize_feature_enabled":true,"jetpack_social_post_already_shared":false,"jetpack_social_options":{"image_generator_settings":{"template":"highway","default_image_id":0,"font":"","enabled":false},"version":2}},"product_brand":[160],"product_cat":[96,97],"product_tag":[660,662],"class_list":{"0":"post-1214","1":"product","2":"type-product","3":"status-publish","4":"has-post-thumbnail","6":"product_brand-daddario","7":"product_cat-acessorios","8":"product_cat-cabos","9":"product_tag-cabo-microfone","10":"product_tag-xlr","12":"first","13":"instock","14":"shipping-taxable","15":"purchasable","16":"product-type-simple"},"aioseo_notices":[],"jetpack_publicize_connections":[],"jetpack_sharing_enabled":true,"_links":{"self":[{"href":"https:\/\/delaet.com.br\/en\/wp-json\/wp\/v2\/product\/1214","targetHints":{"allow":["GET"]}}],"collection":[{"href":"https:\/\/delaet.com.br\/en\/wp-json\/wp\/v2\/product"}],"about":[{"href":"https:\/\/delaet.com.br\/en\/wp-json\/wp\/v2\/types\/product"}],"replies":[{"embeddable":true,"href":"https:\/\/delaet.com.br\/en\/wp-json\/wp\/v2\/comments?post=1214"}],"wp:featuredmedia":[{"embeddable":true,"href":"https:\/\/delaet.com.br\/en\/wp-json\/wp\/v2\/media\/2432"}],"wp:attachment":[{"href":"https:\/\/delaet.com.br\/en\/wp-json\/wp\/v2\/media?parent=1214"}],"wp:term":[{"taxonomy":"product_brand","embeddable":true,"href":"https:\/\/delaet.com.br\/en\/wp-json\/wp\/v2\/product_brand?post=1214"},{"taxonomy":"product_cat","embeddable":true,"href":"https:\/\/delaet.com.br\/en\/wp-json\/wp\/v2\/product_cat?post=1214"},{"taxonomy":"product_tag","embeddable":true,"href":"https:\/\/delaet.com.br\/en\/wp-json\/wp\/v2\/product_tag?post=1214"}],"curies":[{"name":"wp","href":"https:\/\/api.w.org\/{rel}","templated":true}]}}