{"id":1232,"date":"2026-04-12T00:03:48","date_gmt":"2026-04-12T03:03:48","guid":{"rendered":"https:\/\/delaet.com.br\/pt_br\/loja\/produto\/case-para-violao-aco-on-stage-gca5000b-f035\/"},"modified":"2026-04-13T10:10:30","modified_gmt":"2026-04-13T13:10:30","slug":"case-para-violao-aco-on-stage-gca5000b-f035","status":"publish","type":"product","link":"https:\/\/delaet.com.br\/en\/loja\/produto\/case-para-violao-aco-on-stage-gca5000b-f035\/","title":{"rendered":"Case Para Viol\u00e3o A\u00e7o On-Stage GCA5000B"},"content":{"rendered":"<p>Case para Viol\u00e3o A\u00e7o, dimensionado para a maioria dos modelos de viol\u00f5es, On-Stage GCA5000B:<\/p>\n<p>&#8211; Perfeito para estrada<br \/>\n&#8211; Formato customizado e apoio para o bra\u00e7o<br \/>\n&#8211; Constru\u00e7\u00e3o em madeira laminada com revestimento em vinil<br \/>\n&#8211; Forro interno em pel\u00facia<br \/>\n&#8211; Compartimento interno para acess\u00f3rios, perfeito para palhetas ou capotrastes<br \/>\n&#8211; Trinco central com chave<br \/>\n&#8211; Acabamento em Vinil Preto<br \/>\n&#8211; Hardware dourado<\/p>\n<p>COR:Preta<\/p>\n<p> Capacidade de instrumentos:1<br \/> Condi\u00e7\u00e3o do item:Novo<br \/> Cor:Preta<br \/> DESCRI\u00c7\u00c3O MARCA:On-Stage<br \/> Dobravel:N\u00e3o<br \/> E dobravel:N\u00e3o<br \/> Fonte do Produto:Importado<br \/> G\u00eanero:Unissex<br \/> Inclui estojo:N\u00e3o<br \/> Instrumentos recomendados:Viol\u00e3o<br \/> MPN:GCA5000B<br \/> Marca:On-Stage<br \/> Modelo:GCA5000B<br \/> Origem:China<br \/> Origem do Produto:China<br \/> SKU:022890<br \/> Unidades por pacote:1<br \/> \u00c9 kit:Nao<\/p>\n<p><\/p>","protected":false},"excerpt":{"rendered":"<p>Case para Viol\u00e3o A\u00e7o, dimensionado para a maioria dos modelos de viol\u00f5es, On-Stage GCA5000B: &#8211; Perfeito para estrada &#8211; Formato customizado e apoio para o bra\u00e7o &#8211; Constru\u00e7\u00e3o em madeira laminada com revestimento em vinil &#8211; Forro interno em pel\u00facia &#8211; Compartimento interno para acess\u00f3rios, perfeito para palhetas ou capotrastes &#8211; Trinco central com chave [&hellip;]<\/p>\n","protected":false},"featured_media":2449,"comment_status":"open","ping_status":"closed","template":"","meta":{"om_disable_all_campaigns":false,"_monsterinsights_skip_tracking":false,"_monsterinsights_sitenote_active":false,"_monsterinsights_sitenote_note":"","_monsterinsights_sitenote_category":0,"jetpack_publicize_message":"","jetpack_publicize_feature_enabled":true,"jetpack_social_post_already_shared":false,"jetpack_social_options":{"image_generator_settings":{"template":"highway","default_image_id":0,"font":"","enabled":false},"version":2}},"product_brand":[414],"product_cat":[207,455],"product_tag":[657,658],"class_list":{"0":"post-1232","1":"product","2":"type-product","3":"status-publish","4":"has-post-thumbnail","6":"product_brand-on-stage","7":"product_cat-acusticos","8":"product_cat-outros-acusticos","9":"product_tag-case","10":"product_tag-estojo-violao","12":"first","13":"instock","14":"shipping-taxable","15":"purchasable","16":"product-type-simple"},"aioseo_notices":[],"jetpack_publicize_connections":[],"jetpack_sharing_enabled":true,"_links":{"self":[{"href":"https:\/\/delaet.com.br\/en\/wp-json\/wp\/v2\/product\/1232","targetHints":{"allow":["GET"]}}],"collection":[{"href":"https:\/\/delaet.com.br\/en\/wp-json\/wp\/v2\/product"}],"about":[{"href":"https:\/\/delaet.com.br\/en\/wp-json\/wp\/v2\/types\/product"}],"replies":[{"embeddable":true,"href":"https:\/\/delaet.com.br\/en\/wp-json\/wp\/v2\/comments?post=1232"}],"wp:featuredmedia":[{"embeddable":true,"href":"https:\/\/delaet.com.br\/en\/wp-json\/wp\/v2\/media\/2449"}],"wp:attachment":[{"href":"https:\/\/delaet.com.br\/en\/wp-json\/wp\/v2\/media?parent=1232"}],"wp:term":[{"taxonomy":"product_brand","embeddable":true,"href":"https:\/\/delaet.com.br\/en\/wp-json\/wp\/v2\/product_brand?post=1232"},{"taxonomy":"product_cat","embeddable":true,"href":"https:\/\/delaet.com.br\/en\/wp-json\/wp\/v2\/product_cat?post=1232"},{"taxonomy":"product_tag","embeddable":true,"href":"https:\/\/delaet.com.br\/en\/wp-json\/wp\/v2\/product_tag?post=1232"}],"curies":[{"name":"wp","href":"https:\/\/api.w.org\/{rel}","templated":true}]}}