{"id":1251,"date":"2026-04-12T00:06:17","date_gmt":"2026-04-12T03:06:17","guid":{"rendered":"https:\/\/delaet.com.br\/pt_br\/loja\/produto\/cera-liquida-protetora-de-carnauba-d-addario-pw-pl-02-f035\/"},"modified":"2026-04-18T19:43:19","modified_gmt":"2026-04-18T22:43:19","slug":"cera-liquida-protetora-de-carnauba-d-addario-pw-pl-02-f035","status":"publish","type":"product","link":"https:\/\/delaet.com.br\/en\/loja\/produto\/cera-liquida-protetora-de-carnauba-d-addario-pw-pl-02-f035\/","title":{"rendered":"Cera L\u00edquida Protetora De Carna\u00faba D\u00b4Addario PW-PL-02"},"content":{"rendered":"<p>Protetor e selador natural para instrumentos que combina a cera de Carna\u00faba brasileira com uma f\u00f3rmula avan\u00e7ada, resultando em um brilho incompar\u00e1vel com uma aplica\u00e7\u00e3o f\u00e1cil e r\u00e1pida.<\/p>\n<p>Origem:Estados Unidos<br \/> Unidades por Embalagem:1<br \/> G\u00eanero:Unissex<br \/> Material:Alum\u00ednio\/Borracha<br \/> \u00c9 ajust\u00e1vel:Sim<\/p>\n<p><\/p>","protected":false},"excerpt":{"rendered":"<p>Protetor e selador natural para instrumentos que combina a cera de Carna\u00faba brasileira com uma f\u00f3rmula avan\u00e7ada, resultando em um brilho incompar\u00e1vel com uma aplica\u00e7\u00e3o f\u00e1cil e r\u00e1pida. Origem:Estados Unidos Unidades por Embalagem:1 G\u00eanero:Unissex Material:Alum\u00ednio\/Borracha \u00c9 ajust\u00e1vel:Sim<\/p>","protected":false},"featured_media":2465,"comment_status":"open","ping_status":"closed","template":"","meta":{"om_disable_all_campaigns":false,"jetpack_publicize_message":"","jetpack_publicize_feature_enabled":true,"jetpack_social_post_already_shared":false,"jetpack_social_options":{"image_generator_settings":{"template":"highway","default_image_id":0,"font":"","enabled":false},"version":2}},"product_brand":[160],"product_cat":[96,489],"product_tag":[652,653],"class_list":{"0":"post-1251","1":"product","2":"type-product","3":"status-publish","4":"has-post-thumbnail","6":"product_brand-daddario","7":"product_cat-acessorios","8":"product_cat-limpeza","9":"product_tag-cera-liquida","10":"product_tag-limpeza-instrumentos-musicais","12":"first","13":"instock","14":"shipping-taxable","15":"purchasable","16":"product-type-simple"},"aioseo_notices":[],"jetpack_publicize_connections":[],"jetpack_sharing_enabled":true,"_links":{"self":[{"href":"https:\/\/delaet.com.br\/en\/wp-json\/wp\/v2\/product\/1251","targetHints":{"allow":["GET"]}}],"collection":[{"href":"https:\/\/delaet.com.br\/en\/wp-json\/wp\/v2\/product"}],"about":[{"href":"https:\/\/delaet.com.br\/en\/wp-json\/wp\/v2\/types\/product"}],"replies":[{"embeddable":true,"href":"https:\/\/delaet.com.br\/en\/wp-json\/wp\/v2\/comments?post=1251"}],"wp:featuredmedia":[{"embeddable":true,"href":"https:\/\/delaet.com.br\/en\/wp-json\/wp\/v2\/media\/2465"}],"wp:attachment":[{"href":"https:\/\/delaet.com.br\/en\/wp-json\/wp\/v2\/media?parent=1251"}],"wp:term":[{"taxonomy":"product_brand","embeddable":true,"href":"https:\/\/delaet.com.br\/en\/wp-json\/wp\/v2\/product_brand?post=1251"},{"taxonomy":"product_cat","embeddable":true,"href":"https:\/\/delaet.com.br\/en\/wp-json\/wp\/v2\/product_cat?post=1251"},{"taxonomy":"product_tag","embeddable":true,"href":"https:\/\/delaet.com.br\/en\/wp-json\/wp\/v2\/product_tag?post=1251"}],"curies":[{"name":"wp","href":"https:\/\/api.w.org\/{rel}","templated":true}]}}