{"id":1264,"date":"2026-04-12T00:07:17","date_gmt":"2026-04-12T03:07:17","guid":{"rendered":"https:\/\/delaet.com.br\/pt_br\/loja\/produto\/chave-seletora-3-posicoes-dourada-preta-spirit-gd-btg-bk-f035\/"},"modified":"2026-04-13T10:01:33","modified_gmt":"2026-04-13T13:01:33","slug":"chave-seletora-3-posicoes-dourada-preta-spirit-gd-btg-bk-f035","status":"publish","type":"product","link":"https:\/\/delaet.com.br\/en\/loja\/produto\/chave-seletora-3-posicoes-dourada-preta-spirit-gd-btg-bk-f035\/","title":{"rendered":"Chave Seletora 3 Posi\u00e7\u00f5es Dourada\/Preta Spirit GD-BTG-BK"},"content":{"rendered":"<p>Chave Seletora de 3 posi\u00e7\u00f5es para instrumentos, modelo Les Paul, acabamento dourado com knob preto, Spirit Guitar Parts &#8211; BTG-GD-BK.<\/p>\n<p>Instrumentos compat\u00edveis:Guitarra<br \/> Material:Metal\/Pol\u00edmero<br \/> SKU:006259<\/p>\n<p> Condi\u00e7\u00e3o:Novo<br \/> Cor:Dourada\/Preta<br \/> C\u00f3digo Universal do Produto:7899559802608<br \/> G\u00eanero:Unissex<br \/> Linha:Spirit Guitar Parts<br \/> MPN:E7231_40_000<br \/> Marca:Spirit<br \/> Modelo:BTG-GD-BK<br \/> Origem:Cor\u00e9ia do Sul<br \/> Unidades por embalagem:1<br \/> \u00c9 kit:N\u00e3o<br \/> Instrumento Recomendado:Guitarra<\/p>\n<p><\/p>","protected":false},"excerpt":{"rendered":"<p>Chave Seletora de 3 posi\u00e7\u00f5es para instrumentos, modelo Les Paul, acabamento dourado com knob preto, Spirit Guitar Parts &#8211; BTG-GD-BK. Instrumentos compat\u00edveis:Guitarra Material:Metal\/Pol\u00edmero SKU:006259 Condi\u00e7\u00e3o:Novo Cor:Dourada\/Preta C\u00f3digo Universal do Produto:7899559802608 G\u00eanero:Unissex Linha:Spirit Guitar Parts MPN:E7231_40_000 Marca:Spirit Modelo:BTG-GD-BK Origem:Cor\u00e9ia do Sul Unidades por embalagem:1 \u00c9 kit:N\u00e3o Instrumento Recomendado:Guitarra<\/p>","protected":false},"featured_media":2472,"comment_status":"open","ping_status":"closed","template":"","meta":{"om_disable_all_campaigns":false,"_monsterinsights_skip_tracking":false,"_monsterinsights_sitenote_active":false,"_monsterinsights_sitenote_note":"","_monsterinsights_sitenote_category":0,"jetpack_publicize_message":"","jetpack_publicize_feature_enabled":true,"jetpack_social_post_already_shared":false,"jetpack_social_options":{"image_generator_settings":{"template":"highway","default_image_id":0,"font":"","enabled":false},"version":2}},"product_brand":[165],"product_cat":[219,28],"product_tag":[648,650],"class_list":{"0":"post-1264","1":"product","2":"type-product","3":"status-publish","4":"has-post-thumbnail","6":"product_brand-spirit","7":"product_cat-chaveseletora","8":"product_cat-eletricos","9":"product_tag-chave","10":"product_tag-switch","12":"first","13":"instock","14":"shipping-taxable","15":"purchasable","16":"product-type-simple"},"aioseo_notices":[],"jetpack_publicize_connections":[],"jetpack_sharing_enabled":true,"_links":{"self":[{"href":"https:\/\/delaet.com.br\/en\/wp-json\/wp\/v2\/product\/1264","targetHints":{"allow":["GET"]}}],"collection":[{"href":"https:\/\/delaet.com.br\/en\/wp-json\/wp\/v2\/product"}],"about":[{"href":"https:\/\/delaet.com.br\/en\/wp-json\/wp\/v2\/types\/product"}],"replies":[{"embeddable":true,"href":"https:\/\/delaet.com.br\/en\/wp-json\/wp\/v2\/comments?post=1264"}],"wp:featuredmedia":[{"embeddable":true,"href":"https:\/\/delaet.com.br\/en\/wp-json\/wp\/v2\/media\/2472"}],"wp:attachment":[{"href":"https:\/\/delaet.com.br\/en\/wp-json\/wp\/v2\/media?parent=1264"}],"wp:term":[{"taxonomy":"product_brand","embeddable":true,"href":"https:\/\/delaet.com.br\/en\/wp-json\/wp\/v2\/product_brand?post=1264"},{"taxonomy":"product_cat","embeddable":true,"href":"https:\/\/delaet.com.br\/en\/wp-json\/wp\/v2\/product_cat?post=1264"},{"taxonomy":"product_tag","embeddable":true,"href":"https:\/\/delaet.com.br\/en\/wp-json\/wp\/v2\/product_tag?post=1264"}],"curies":[{"name":"wp","href":"https:\/\/api.w.org\/{rel}","templated":true}]}}