{"id":1267,"date":"2026-04-12T00:07:27","date_gmt":"2026-04-12T03:07:27","guid":{"rendered":"https:\/\/delaet.com.br\/pt_br\/loja\/produto\/chave-seletora-3-posicoes-instrumentos-alpha-alp-3w-f035\/"},"modified":"2026-04-13T10:01:02","modified_gmt":"2026-04-13T13:01:02","slug":"chave-seletora-3-posicoes-instrumentos-alpha-alp-3w-f035","status":"publish","type":"product","link":"https:\/\/delaet.com.br\/en\/loja\/produto\/chave-seletora-3-posicoes-instrumentos-alpha-alp-3w-f035\/","title":{"rendered":"Chave Seletora 3 Posi\u00e7\u00f5es Instrumentos Alpha ALP-3W"},"content":{"rendered":"<p>Os acess\u00f3rios para instrumentos Alpha s\u00e3o famosos por seu valor acess\u00edvel e sua not\u00e1vel alta confiabilidade, consolidada ao redor do planeta e reconhecida como uma excelente escolha para substitui\u00e7\u00e3o e upgrades em seu instrumento.<\/p>\n<p>NCM:92099400<br \/> Modelo:ALP-3W<br \/> Marca:Alpha<br \/> Codigo universal de produto (GTIN):4518830235166<br \/> Origem:Taiwan<br \/> G\u00eanero:Unissex<\/p>\n<p> Condi\u00e7\u00e3o do item:Novo<br \/> \u00c9 Kit:N\u00e3o<br \/> N\u00famero de pe\u00e7a:1<br \/> Formato de venda:Pacote<br \/> Unidades por kit:1<br \/> Instrumento recomendado:Guitarra<\/p>\n<p><\/p>","protected":false},"excerpt":{"rendered":"<p>Os acess\u00f3rios para instrumentos Alpha s\u00e3o famosos por seu valor acess\u00edvel e sua not\u00e1vel alta confiabilidade, consolidada ao redor do planeta e reconhecida como uma excelente escolha para substitui\u00e7\u00e3o e upgrades em seu instrumento. NCM:92099400 Modelo:ALP-3W Marca:Alpha Codigo universal de produto (GTIN):4518830235166 Origem:Taiwan G\u00eanero:Unissex Condi\u00e7\u00e3o do item:Novo \u00c9 Kit:N\u00e3o N\u00famero de pe\u00e7a:1 Formato de venda:Pacote [&hellip;]<\/p>\n","protected":false},"featured_media":2474,"comment_status":"open","ping_status":"closed","template":"","meta":{"om_disable_all_campaigns":false,"jetpack_publicize_message":"","jetpack_publicize_feature_enabled":true,"jetpack_social_post_already_shared":false,"jetpack_social_options":{"image_generator_settings":{"template":"highway","default_image_id":0,"font":"","enabled":false},"version":2}},"product_brand":[173],"product_cat":[219,28],"product_tag":[648,650],"class_list":{"0":"post-1267","1":"product","2":"type-product","3":"status-publish","4":"has-post-thumbnail","6":"product_brand-alpha","7":"product_cat-chaveseletora","8":"product_cat-eletricos","9":"product_tag-chave","10":"product_tag-switch","12":"first","13":"instock","14":"shipping-taxable","15":"purchasable","16":"product-type-simple"},"aioseo_notices":[],"jetpack_publicize_connections":[],"jetpack_sharing_enabled":true,"_links":{"self":[{"href":"https:\/\/delaet.com.br\/en\/wp-json\/wp\/v2\/product\/1267","targetHints":{"allow":["GET"]}}],"collection":[{"href":"https:\/\/delaet.com.br\/en\/wp-json\/wp\/v2\/product"}],"about":[{"href":"https:\/\/delaet.com.br\/en\/wp-json\/wp\/v2\/types\/product"}],"replies":[{"embeddable":true,"href":"https:\/\/delaet.com.br\/en\/wp-json\/wp\/v2\/comments?post=1267"}],"wp:featuredmedia":[{"embeddable":true,"href":"https:\/\/delaet.com.br\/en\/wp-json\/wp\/v2\/media\/2474"}],"wp:attachment":[{"href":"https:\/\/delaet.com.br\/en\/wp-json\/wp\/v2\/media?parent=1267"}],"wp:term":[{"taxonomy":"product_brand","embeddable":true,"href":"https:\/\/delaet.com.br\/en\/wp-json\/wp\/v2\/product_brand?post=1267"},{"taxonomy":"product_cat","embeddable":true,"href":"https:\/\/delaet.com.br\/en\/wp-json\/wp\/v2\/product_cat?post=1267"},{"taxonomy":"product_tag","embeddable":true,"href":"https:\/\/delaet.com.br\/en\/wp-json\/wp\/v2\/product_tag?post=1267"}],"curies":[{"name":"wp","href":"https:\/\/api.w.org\/{rel}","templated":true}]}}