{"id":1299,"date":"2026-04-12T00:09:29","date_gmt":"2026-04-12T03:09:29","guid":{"rendered":"https:\/\/delaet.com.br\/pt_br\/loja\/produto\/circuito-ativo-com-equalizador-3-bandas-baixo-spirit-gmp30-f035\/"},"modified":"2026-04-13T09:54:50","modified_gmt":"2026-04-13T12:54:50","slug":"circuito-ativo-com-equalizador-3-bandas-baixo-spirit-gmp30-f035","status":"publish","type":"product","link":"https:\/\/delaet.com.br\/en\/loja\/produto\/circuito-ativo-com-equalizador-3-bandas-baixo-spirit-gmp30-f035\/","title":{"rendered":"Circuito Ativo com Equalizador 3 Bandas Baixo Spirit GMP30"},"content":{"rendered":"<p>Pr\u00e9-amplificador (circuito) interno modular multibanda de alto desempenho para contrabaixo, compat\u00edvel com sistemas ativos e passivos, com instala\u00e7\u00e3o f\u00e1cil e sem necessidade de solda.<\/p>\n<p>Sistema de pr\u00e9-amplificador modular expans\u00edvel<br \/>\nInstala\u00e7\u00e3o simples<br \/>\nFlexibilidade excepcional<br \/>\nCompat\u00edvel com praticamente qualquer tipo de captador<br \/>\nJack de sa\u00edda n\u00e3o inclu\u00eddo<br \/>\nFia\u00e7\u00e3o sem solda (solderless wiring)<\/p>\n<p>Cor:N\/A<br \/> \u00c9 kit:Sim<br \/> Unidades por embalagem:1<br \/> Instrumento Recomendado:Baixo<br \/> Material:N\/A<\/p>\n<p> Condi\u00e7\u00e3o do item:Novo<br \/> C\u00f3digo de Barras:7899559813871<br \/> Fonte do Produto:Importado<br \/> G\u00eanero:Unissex<br \/> Marca:Spirit<br \/> Modelo:M8552<br \/> N\u00famero de pe\u00e7a:M8552<br \/> Origem:Coreia do Sul<br \/> SKU:053208<br \/> Altura da embalagem:12 cm<br \/> Comprimento da embalagem:28 cm<br \/> Largura da embalagem:24 cm<br \/> Peso da embalagem:55 g<br \/> Tipo da embalagem:Sem embalagem adicional<\/p>\n<p><\/p>","protected":false},"excerpt":{"rendered":"<p>Pr\u00e9-amplificador (circuito) interno modular multibanda de alto desempenho para contrabaixo, compat\u00edvel com sistemas ativos e passivos, com instala\u00e7\u00e3o f\u00e1cil e sem necessidade de solda. Sistema de pr\u00e9-amplificador modular expans\u00edvel Instala\u00e7\u00e3o simples Flexibilidade excepcional Compat\u00edvel com praticamente qualquer tipo de captador Jack de sa\u00edda n\u00e3o inclu\u00eddo Fia\u00e7\u00e3o sem solda (solderless wiring) Cor:N\/A \u00c9 kit:Sim Unidades por [&hellip;]<\/p>\n","protected":false},"featured_media":2499,"comment_status":"open","ping_status":"closed","template":"","meta":{"om_disable_all_campaigns":false,"_monsterinsights_skip_tracking":false,"_monsterinsights_sitenote_active":false,"_monsterinsights_sitenote_note":"","_monsterinsights_sitenote_category":0,"jetpack_publicize_message":"","jetpack_publicize_feature_enabled":true,"jetpack_social_post_already_shared":false,"jetpack_social_options":{"image_generator_settings":{"template":"highway","default_image_id":0,"font":"","enabled":false},"version":2}},"product_brand":[165],"product_cat":[28,223,220],"product_tag":[645,644],"class_list":{"0":"post-1299","1":"product","2":"type-product","3":"status-publish","4":"has-post-thumbnail","6":"product_brand-spirit","7":"product_cat-eletricos","8":"product_cat-outros","9":"product_cat-potenciometros-eletricos","10":"product_tag-baixo-ativo","11":"product_tag-circuito-ativo","13":"first","14":"instock","15":"shipping-taxable","16":"purchasable","17":"product-type-simple"},"aioseo_notices":[],"jetpack_publicize_connections":[],"jetpack_sharing_enabled":true,"_links":{"self":[{"href":"https:\/\/delaet.com.br\/en\/wp-json\/wp\/v2\/product\/1299","targetHints":{"allow":["GET"]}}],"collection":[{"href":"https:\/\/delaet.com.br\/en\/wp-json\/wp\/v2\/product"}],"about":[{"href":"https:\/\/delaet.com.br\/en\/wp-json\/wp\/v2\/types\/product"}],"replies":[{"embeddable":true,"href":"https:\/\/delaet.com.br\/en\/wp-json\/wp\/v2\/comments?post=1299"}],"wp:featuredmedia":[{"embeddable":true,"href":"https:\/\/delaet.com.br\/en\/wp-json\/wp\/v2\/media\/2499"}],"wp:attachment":[{"href":"https:\/\/delaet.com.br\/en\/wp-json\/wp\/v2\/media?parent=1299"}],"wp:term":[{"taxonomy":"product_brand","embeddable":true,"href":"https:\/\/delaet.com.br\/en\/wp-json\/wp\/v2\/product_brand?post=1299"},{"taxonomy":"product_cat","embeddable":true,"href":"https:\/\/delaet.com.br\/en\/wp-json\/wp\/v2\/product_cat?post=1299"},{"taxonomy":"product_tag","embeddable":true,"href":"https:\/\/delaet.com.br\/en\/wp-json\/wp\/v2\/product_tag?post=1299"}],"curies":[{"name":"wp","href":"https:\/\/api.w.org\/{rel}","templated":true}]}}