{"id":1305,"date":"2026-04-12T00:09:49","date_gmt":"2026-04-12T03:09:49","guid":{"rendered":"https:\/\/delaet.com.br\/pt_br\/loja\/produto\/controlador-midi-usb-25-teclas-samson-graphite-m25-sakgrm25-f035\/"},"modified":"2026-04-17T19:49:30","modified_gmt":"2026-04-17T22:49:30","slug":"controlador-midi-usb-25-teclas-samson-graphite-m25-sakgrm25-f035","status":"publish","type":"product","link":"https:\/\/delaet.com.br\/en\/loja\/produto\/controlador-midi-usb-25-teclas-samson-graphite-m25-sakgrm25-f035\/","title":{"rendered":"Controlador Midi USB 25 Teclas Samson Graphite M25 SAKGRM25"},"content":{"rendered":"<p>O controlador USB MIDI Graphite M25 oferece todo o controle de produ\u00e7\u00e3o musical que voc\u00ea precisa, tanto para est\u00fadios caseiros quanto para aplica\u00e7\u00f5es m\u00f3veis. Em um design ultra port\u00e1til, ele re\u00fane um teclado mini de 25 teclas sens\u00edveis \u00e0 velocidade, pads com aftertouch, uma superf\u00edcie de controle completa e fun\u00e7\u00f5es program\u00e1veis adicionais para maior expressividade e personaliza\u00e7\u00e3o. Com alimenta\u00e7\u00e3o via USB ou iPad e opera\u00e7\u00e3o plug-and-play, o Graphite M25 permite transformar suas ideias musicais mais din\u00e2micas em realidade, onde quer que a criatividade aconte\u00e7a.<\/p>\n<p>O teclado semi-pesado do Graphite M25 oferece aos m\u00fasicos uma plataforma responsiva e expressiva, projetada para se parecer mais com um instrumento do que com um simples controlador. Com teclas sens\u00edveis \u00e0 velocidade, ele capta com precis\u00e3o toda a din\u00e2mica da sua performance. Com 25 teclas, o alcance tonal do Graphite M25 \u00e9 ideal para tocar com liberdade e, ao mesmo tempo, manter a portabilidade que o torna perfeito para produ\u00e7\u00f5es em movimento.<\/p>\n<p>O Graphite M25 conta com tiras sens\u00edveis ao toque para controle de Pitch Bend e Modula\u00e7\u00e3o, oferecendo ajustes precisos de efeitos e aumentando ainda mais sua portabilidade. O bot\u00e3o dedicado de oitava permite expandir o alcance do teclado em at\u00e9 4 oitavas, sem a necessidade de submenus ou combina\u00e7\u00f5es de teclas. Al\u00e9m disso, o bot\u00e3o de Sustain embutido possibilita sustentar notas mesmo sem o uso de um pedal externo. Com todos esses recursos abrangentes, o Graphite M25 coloca uma ampla gama de express\u00f5es musicais e manipula\u00e7\u00e3o de timbres na ponta dos seus dedos.<\/p>\n<p>Assuma o controle do seu software musical com os recursos de controle do Graphite M25. Ele conta com um codificador de volume master program\u00e1vel, oito knobs MIDI atribu\u00edveis e controles de transporte, todos personaliz\u00e1veis para oferecer uma experi\u00eancia pr\u00e1tica completa. Al\u00e9m disso, o controlador possui um modo Control Change (CC) para envio de mensagens de controle, uma fun\u00e7\u00e3o de Program Change para troca de timbres e quatro op\u00e7\u00f5es de Presets personaliz\u00e1veis. Para facilitar a conex\u00e3o com o computador, o Graphite M25 vem com uma porta mini USB e acompanha um cabo USB para mini USB.<\/p>\n<p>O Graphite M25 possui quatro pads grandes e sens\u00edveis \u00e0 velocidade que podem ser facilmente programados e atribu\u00eddos. Eles s\u00e3o ideais para criar batidas de bateria, disparar samples ou iniciar e parar sequ\u00eancias. Os pads tamb\u00e9m oferecem aftertouch, permitindo controle adicional e personaliz\u00e1vel sobre diversos efeitos e par\u00e2metros &#8211; como a aplica\u00e7\u00e3o de um filtro ou outro efeito ao som disparado. E para ampliar ainda mais suas possibilidades, o controlador conta com um segundo banco de pads, totalizando oito triggers. Com tanta versatilidade, os pads do Graphite M25 se tornam uma ferramenta essencial para performances ao vivo e produ\u00e7\u00f5es em est\u00fadio.<\/p>\n<p>Teclado mini de 25 teclas sens\u00edveis \u00e0 velocidade<\/p>\n<p>Design ultra-port\u00e1til, ideal para est\u00fadios dom\u00e9sticos e aplica\u00e7\u00f5es m\u00f3veis<\/p>\n<p>Encoder mestre program\u00e1vel, oito knobs atribu\u00edveis via MIDI e controles de transporte para controle pr\u00e1tico do seu DAW e instrumentos virtuais<\/p>\n<p>Quatro pads sens\u00edveis \u00e0 velocidade (com dois bancos) e aftertouch para disparo de batidas e samples<\/p>\n<p>Modo Control Change para envio de mensagens de controle MIDI<\/p>\n<p>Modo Program para envio de mudan\u00e7as de programa<\/p>\n<p>Quatro presets personaliz\u00e1veis<\/p>\n<p>Bot\u00f5es dedicados de oitava e sustain, al\u00e9m de tiras sens\u00edveis ao toque para Pitch Bend e Modula\u00e7\u00e3o<\/p>\n<p>Porta mini USB<\/p>\n<p>Alimenta\u00e7\u00e3o via USB ou iPad<\/p>\n<p>Origem:China<br \/> Unidades por Embalagem:1<br \/> G\u00eanero:Unissex<br \/> Cor:Preto<br \/> Manual:Sim<br \/> Material:Metal, Pl\u00e1stico<br \/> Linha:Graphite Series<br \/> Marca:Samson<br \/> Modelo:SAKGRM25<\/p>\n<p> C\u00f3digo universal de produto (GTIN):809164015406<br \/> MPN:SAKGRM25<br \/> Fonte do produto:Importado<br \/> Condi\u00e7\u00e3o do \u00edtem:Novo<br \/> \u00c9 Kit:N\u00e3o<br \/> Conectores de sa\u00edda:USB<br \/> Voltagem:Barramento USB<br \/> Cor Principal:Preto<br \/> \u00c9 compat\u00edvel com MIDI:Sim<\/p>\n<p><\/p>","protected":false},"excerpt":{"rendered":"<p>O controlador USB MIDI Graphite M25 oferece todo o controle de produ\u00e7\u00e3o musical que voc\u00ea precisa, tanto para est\u00fadios caseiros quanto para aplica\u00e7\u00f5es m\u00f3veis. Em um design ultra port\u00e1til, ele re\u00fane um teclado mini de 25 teclas sens\u00edveis \u00e0 velocidade, pads com aftertouch, uma superf\u00edcie de controle completa e fun\u00e7\u00f5es program\u00e1veis adicionais para maior expressividade [&hellip;]<\/p>\n","protected":false},"featured_media":2501,"comment_status":"open","ping_status":"closed","template":"","meta":{"om_disable_all_campaigns":false,"_monsterinsights_skip_tracking":false,"_monsterinsights_sitenote_active":false,"_monsterinsights_sitenote_note":"","_monsterinsights_sitenote_category":0,"jetpack_publicize_message":"","jetpack_publicize_feature_enabled":true,"jetpack_social_post_already_shared":false,"jetpack_social_options":{"image_generator_settings":{"template":"highway","default_image_id":0,"font":"","enabled":false},"version":2}},"product_brand":[177],"product_cat":[641],"product_tag":[640],"class_list":{"0":"post-1305","1":"product","2":"type-product","3":"status-publish","4":"has-post-thumbnail","6":"product_brand-samson","7":"product_cat-controlador-midi","8":"product_tag-controlador-midi","10":"first","11":"instock","12":"shipping-taxable","13":"purchasable","14":"product-type-simple"},"aioseo_notices":[],"jetpack_publicize_connections":[],"jetpack_sharing_enabled":true,"_links":{"self":[{"href":"https:\/\/delaet.com.br\/en\/wp-json\/wp\/v2\/product\/1305","targetHints":{"allow":["GET"]}}],"collection":[{"href":"https:\/\/delaet.com.br\/en\/wp-json\/wp\/v2\/product"}],"about":[{"href":"https:\/\/delaet.com.br\/en\/wp-json\/wp\/v2\/types\/product"}],"replies":[{"embeddable":true,"href":"https:\/\/delaet.com.br\/en\/wp-json\/wp\/v2\/comments?post=1305"}],"wp:featuredmedia":[{"embeddable":true,"href":"https:\/\/delaet.com.br\/en\/wp-json\/wp\/v2\/media\/2501"}],"wp:attachment":[{"href":"https:\/\/delaet.com.br\/en\/wp-json\/wp\/v2\/media?parent=1305"}],"wp:term":[{"taxonomy":"product_brand","embeddable":true,"href":"https:\/\/delaet.com.br\/en\/wp-json\/wp\/v2\/product_brand?post=1305"},{"taxonomy":"product_cat","embeddable":true,"href":"https:\/\/delaet.com.br\/en\/wp-json\/wp\/v2\/product_cat?post=1305"},{"taxonomy":"product_tag","embeddable":true,"href":"https:\/\/delaet.com.br\/en\/wp-json\/wp\/v2\/product_tag?post=1305"}],"curies":[{"name":"wp","href":"https:\/\/api.w.org\/{rel}","templated":true}]}}