{"id":1342,"date":"2026-04-12T00:11:39","date_gmt":"2026-04-12T03:11:39","guid":{"rendered":"https:\/\/delaet.com.br\/pt_br\/loja\/produto\/correia-d-addario-john-lennon-ed-sullivan-show-preta-19jl00-f035\/"},"modified":"2026-04-13T07:09:08","modified_gmt":"2026-04-13T10:09:08","slug":"correia-d-addario-john-lennon-ed-sullivan-show-preta-19jl00-f035","status":"publish","type":"product","link":"https:\/\/delaet.com.br\/en\/loja\/produto\/correia-d-addario-john-lennon-ed-sullivan-show-preta-19jl00-f035\/","title":{"rendered":"Correia D\u00b4Addario John Lennon Ed Sullivan Show Preta 19JL00"},"content":{"rendered":"<p>A correia para guitarra John Lennon Selmer \u00e9 uma r\u00e9plica daquela que ele usou do final de 1962 a 1964. Ela estava presente durante a hist\u00f3rica apresenta\u00e7\u00e3o dos Beatles no programa The Ed Sullivan Show, assistida por 73 milh\u00f5es de americanos. Com sua guitarra Rickenbacker 325 pintada de preto, Lennon e os outros membros da banda levaram a plateia ao del\u00edrio, e a Beatlemania foi deflagrada. Dispon\u00edvel em couro preto e marrom. <\/p>\n<p>Ideal para:<br \/>\nGuitarra el\u00e9trica<br \/>\nViol\u00e3o<br \/>\nBaixo<\/p>\n<p>Especifica\u00e7\u00f5es do Produto:<br \/>\nMaterial: Couro<br \/>\nTipo de ponta: Couro<br \/>\nLargura: menos de 1 pol (2,54 cm)<br \/>\nAjust\u00e1vel de 52 pol a 55 pol (132 cm &#8211; 140 cm)<br \/>\nAlmofadada: Sim<\/p>\n<p>Correia D Addario Guit 19JL00 John Lennon Signature The Ed Sullivan Show Preta<\/p>\n<p>Cor:Preto<br \/> \u00c9 ajust\u00e1vel:Sim<br \/> \u00c9 kit:N\u00e3o<br \/> Instrumento Recomendado:Guitarra, Baixo, Viol\u00e3o<br \/> Material:Couro<br \/> Unidades por Embalagem:1<\/p>\n<p> Condi\u00e7\u00e3o do item:Novo<br \/> C\u00f3digo de Barras:019954408879<br \/> Fonte do Produto:Importado<br \/> G\u00eanero:Unissex<br \/> Modelo:19JL00<br \/> N\u00famero de pe\u00e7a:19JL00<br \/> Origem:Canad\u00e1<br \/> SKU:052772<br \/> Altura da embalagem:10 cm<br \/> Comprimento da embalagem:30 cm<br \/> Largura da embalagem:11 cm<br \/> Peso da embalagem:26 g<br \/> Tipo da embalagem:Sem embalagem adicional<\/p>\n<p><\/p>","protected":false},"excerpt":{"rendered":"<p>A correia para guitarra John Lennon Selmer \u00e9 uma r\u00e9plica daquela que ele usou do final de 1962 a 1964. Ela estava presente durante a hist\u00f3rica apresenta\u00e7\u00e3o dos Beatles no programa The Ed Sullivan Show, assistida por 73 milh\u00f5es de americanos. Com sua guitarra Rickenbacker 325 pintada de preto, Lennon e os outros membros da [&hellip;]<\/p>\n","protected":false},"featured_media":2527,"comment_status":"open","ping_status":"closed","template":"","meta":{"om_disable_all_campaigns":false,"_monsterinsights_skip_tracking":false,"_monsterinsights_sitenote_active":false,"_monsterinsights_sitenote_note":"","_monsterinsights_sitenote_category":0,"jetpack_publicize_message":"","jetpack_publicize_feature_enabled":true,"jetpack_social_post_already_shared":false,"jetpack_social_options":{"image_generator_settings":{"template":"highway","default_image_id":0,"font":"","enabled":false},"version":2}},"product_brand":[160],"product_cat":[96,110,635],"product_tag":[631,633,637,636,634],"class_list":{"0":"post-1342","1":"product","2":"type-product","3":"status-publish","4":"has-post-thumbnail","6":"product_brand-daddario","7":"product_cat-acessorios","8":"product_cat-correias","9":"product_cat-john-lennon","10":"product_tag-correia","11":"product_tag-correia-para-instrumentos-musicais","12":"product_tag-ed-sullivan-show","13":"product_tag-john-lennon","14":"product_tag-strap","16":"first","17":"instock","18":"shipping-taxable","19":"purchasable","20":"product-type-simple"},"aioseo_notices":[],"jetpack_publicize_connections":[],"jetpack_sharing_enabled":true,"_links":{"self":[{"href":"https:\/\/delaet.com.br\/en\/wp-json\/wp\/v2\/product\/1342","targetHints":{"allow":["GET"]}}],"collection":[{"href":"https:\/\/delaet.com.br\/en\/wp-json\/wp\/v2\/product"}],"about":[{"href":"https:\/\/delaet.com.br\/en\/wp-json\/wp\/v2\/types\/product"}],"replies":[{"embeddable":true,"href":"https:\/\/delaet.com.br\/en\/wp-json\/wp\/v2\/comments?post=1342"}],"wp:featuredmedia":[{"embeddable":true,"href":"https:\/\/delaet.com.br\/en\/wp-json\/wp\/v2\/media\/2527"}],"wp:attachment":[{"href":"https:\/\/delaet.com.br\/en\/wp-json\/wp\/v2\/media?parent=1342"}],"wp:term":[{"taxonomy":"product_brand","embeddable":true,"href":"https:\/\/delaet.com.br\/en\/wp-json\/wp\/v2\/product_brand?post=1342"},{"taxonomy":"product_cat","embeddable":true,"href":"https:\/\/delaet.com.br\/en\/wp-json\/wp\/v2\/product_cat?post=1342"},{"taxonomy":"product_tag","embeddable":true,"href":"https:\/\/delaet.com.br\/en\/wp-json\/wp\/v2\/product_tag?post=1342"}],"curies":[{"name":"wp","href":"https:\/\/api.w.org\/{rel}","templated":true}]}}