{"id":1350,"date":"2026-04-12T00:12:02","date_gmt":"2026-04-12T03:12:02","guid":{"rendered":"https:\/\/delaet.com.br\/pt_br\/loja\/produto\/correia-tecido-tweed-d-addario-planet-lock-50plb06-f035\/"},"modified":"2026-04-13T06:56:43","modified_gmt":"2026-04-13T09:56:43","slug":"correia-tecido-tweed-d-addario-planet-lock-50plb06-f035","status":"publish","type":"product","link":"https:\/\/delaet.com.br\/en\/loja\/produto\/correia-tecido-tweed-d-addario-planet-lock-50plb06-f035\/","title":{"rendered":"Correia Tecido Tweed D\u00b4Addario Planet Lock 50PLB06"},"content":{"rendered":"<p>O design patenteado do sistema Planet Lock se encaixa a qualquer roldana e se mant\u00e9m preso at\u00e9 que a trava seja solta. Diferentemente de outros sistemas de o Planet Lock se ajusta precisamente ao pino da correia e \u00e9 projetado para que seu travamento se mantenha firme ao instrumento. Seguro e f\u00e1cil de utilizar, o Planet Lock est\u00e1 dispon\u00edvel em diversas op\u00e7\u00f5es e modelos.<\/p>\n<p>Origem:Canada<br \/> Cor:Tweed<br \/> Unidades por Embalagem:1<br \/> G\u00eanero:Unissex<br \/> Material:Nailon<br \/> Linha:Planet Lock<br \/> \u00c9 ajust\u00e1vel:Sim<\/p>\n<p> Condi\u00e7\u00e3o do \u00edtem:Novo<br \/> C\u00f3digo Universal do Produto:0019954969370<br \/> E kit:N\u00e3o<br \/> MPN:50PLB06<br \/> Modelo:50PLB06<br \/> SKU:020749<br \/> Unidades por embalagem:1<br \/> \u00c9 kit:N\u00e3o<br \/> Comprimento:88,9 &#8211; 151,13<br \/> Fonte do Produto:Importado<br \/> Instrumento Recomendado:Baixo\/Guitarra\/Viol\u00e3o<\/p>\n<p><\/p>","protected":false},"excerpt":{"rendered":"<p>O design patenteado do sistema Planet Lock se encaixa a qualquer roldana e se mant\u00e9m preso at\u00e9 que a trava seja solta. Diferentemente de outros sistemas de o Planet Lock se ajusta precisamente ao pino da correia e \u00e9 projetado para que seu travamento se mantenha firme ao instrumento. Seguro e f\u00e1cil de utilizar, o [&hellip;]<\/p>\n","protected":false},"featured_media":2535,"comment_status":"open","ping_status":"closed","template":"","meta":{"om_disable_all_campaigns":false,"_monsterinsights_skip_tracking":false,"_monsterinsights_sitenote_active":false,"_monsterinsights_sitenote_note":"","_monsterinsights_sitenote_category":0,"jetpack_publicize_message":"","jetpack_publicize_feature_enabled":true,"jetpack_social_post_already_shared":false,"jetpack_social_options":{"image_generator_settings":{"template":"highway","default_image_id":0,"font":"","enabled":false},"version":2}},"product_brand":[160],"product_cat":[96,110],"product_tag":[631,633,634],"class_list":{"0":"post-1350","1":"product","2":"type-product","3":"status-publish","4":"has-post-thumbnail","6":"product_brand-daddario","7":"product_cat-acessorios","8":"product_cat-correias","9":"product_tag-correia","10":"product_tag-correia-para-instrumentos-musicais","11":"product_tag-strap","13":"first","14":"instock","15":"shipping-taxable","16":"purchasable","17":"product-type-simple"},"aioseo_notices":[],"jetpack_publicize_connections":[],"jetpack_sharing_enabled":true,"_links":{"self":[{"href":"https:\/\/delaet.com.br\/en\/wp-json\/wp\/v2\/product\/1350","targetHints":{"allow":["GET"]}}],"collection":[{"href":"https:\/\/delaet.com.br\/en\/wp-json\/wp\/v2\/product"}],"about":[{"href":"https:\/\/delaet.com.br\/en\/wp-json\/wp\/v2\/types\/product"}],"replies":[{"embeddable":true,"href":"https:\/\/delaet.com.br\/en\/wp-json\/wp\/v2\/comments?post=1350"}],"wp:featuredmedia":[{"embeddable":true,"href":"https:\/\/delaet.com.br\/en\/wp-json\/wp\/v2\/media\/2535"}],"wp:attachment":[{"href":"https:\/\/delaet.com.br\/en\/wp-json\/wp\/v2\/media?parent=1350"}],"wp:term":[{"taxonomy":"product_brand","embeddable":true,"href":"https:\/\/delaet.com.br\/en\/wp-json\/wp\/v2\/product_brand?post=1350"},{"taxonomy":"product_cat","embeddable":true,"href":"https:\/\/delaet.com.br\/en\/wp-json\/wp\/v2\/product_cat?post=1350"},{"taxonomy":"product_tag","embeddable":true,"href":"https:\/\/delaet.com.br\/en\/wp-json\/wp\/v2\/product_tag?post=1350"}],"curies":[{"name":"wp","href":"https:\/\/api.w.org\/{rel}","templated":true}]}}