{"id":1390,"date":"2026-04-12T00:14:51","date_gmt":"2026-04-12T03:14:51","guid":{"rendered":"https:\/\/delaet.com.br\/pt_br\/loja\/produto\/cravelha-violoncelo-4-4-ebano-hibrid-4-pecas-class-he1b181-f035\/"},"modified":"2026-04-17T19:49:12","modified_gmt":"2026-04-17T22:49:12","slug":"cravelha-violoncelo-4-4-ebano-hibrid-4-pecas-class-he1b181-f035","status":"publish","type":"product","link":"https:\/\/delaet.com.br\/en\/loja\/produto\/cravelha-violoncelo-4-4-ebano-hibrid-4-pecas-class-he1b181-f035\/","title":{"rendered":"Cravelha Violoncelo 4\/4 \u00c9bano H\u00edbrid (4 Pe\u00e7as) Class HE1B181"},"content":{"rendered":"<p>Cravelha para Violoncelo 4\/4 \u00c9bano H\u00edbrida, 4 Unidades, Class HE1B181.<\/p>\n<p>Cor:\u00c9bano<br \/> G\u00eanero:Unissex<br \/> Linha:Arco e Acess\u00f3rios<br \/> Marca:Class<br \/> Modelo:HE1B181<br \/> Origem:India<br \/> SKU:010819<br \/> Unidades por Embalagem:4<br \/> \u00c9 kit:N\u00e3o<br \/> Instrumento Recomendado:Violoncelo<br \/> Condi\u00e7\u00e3o:Novo<\/p>\n<p><\/p>","protected":false},"excerpt":{"rendered":"<p>Cravelha para Violoncelo 4\/4 \u00c9bano H\u00edbrida, 4 Unidades, Class HE1B181. Cor:\u00c9bano G\u00eanero:Unissex Linha:Arco e Acess\u00f3rios Marca:Class Modelo:HE1B181 Origem:India SKU:010819 Unidades por Embalagem:4 \u00c9 kit:N\u00e3o Instrumento Recomendado:Violoncelo Condi\u00e7\u00e3o:Novo<\/p>","protected":false},"featured_media":2559,"comment_status":"open","ping_status":"closed","template":"","meta":{"om_disable_all_campaigns":false,"_monsterinsights_skip_tracking":false,"_monsterinsights_sitenote_active":false,"_monsterinsights_sitenote_note":"","_monsterinsights_sitenote_category":0,"jetpack_publicize_message":"","jetpack_publicize_feature_enabled":true,"jetpack_social_post_already_shared":false,"jetpack_social_options":{"image_generator_settings":{"template":"highway","default_image_id":0,"font":"","enabled":false},"version":2}},"product_brand":[168],"product_cat":[210,230],"product_tag":[627,628],"class_list":{"0":"post-1390","1":"product","2":"type-product","3":"status-publish","4":"has-post-thumbnail","6":"product_brand-class","7":"product_cat-friccionadas","8":"product_cat-cravelhas-friccionadas","9":"product_tag-cravelha-violoncelo","10":"product_tag-cravelhas","12":"first","13":"instock","14":"shipping-taxable","15":"purchasable","16":"product-type-simple"},"aioseo_notices":[],"jetpack_publicize_connections":[],"jetpack_sharing_enabled":true,"_links":{"self":[{"href":"https:\/\/delaet.com.br\/en\/wp-json\/wp\/v2\/product\/1390","targetHints":{"allow":["GET"]}}],"collection":[{"href":"https:\/\/delaet.com.br\/en\/wp-json\/wp\/v2\/product"}],"about":[{"href":"https:\/\/delaet.com.br\/en\/wp-json\/wp\/v2\/types\/product"}],"replies":[{"embeddable":true,"href":"https:\/\/delaet.com.br\/en\/wp-json\/wp\/v2\/comments?post=1390"}],"wp:featuredmedia":[{"embeddable":true,"href":"https:\/\/delaet.com.br\/en\/wp-json\/wp\/v2\/media\/2559"}],"wp:attachment":[{"href":"https:\/\/delaet.com.br\/en\/wp-json\/wp\/v2\/media?parent=1390"}],"wp:term":[{"taxonomy":"product_brand","embeddable":true,"href":"https:\/\/delaet.com.br\/en\/wp-json\/wp\/v2\/product_brand?post=1390"},{"taxonomy":"product_cat","embeddable":true,"href":"https:\/\/delaet.com.br\/en\/wp-json\/wp\/v2\/product_cat?post=1390"},{"taxonomy":"product_tag","embeddable":true,"href":"https:\/\/delaet.com.br\/en\/wp-json\/wp\/v2\/product_tag?post=1390"}],"curies":[{"name":"wp","href":"https:\/\/api.w.org\/{rel}","templated":true}]}}