{"id":1416,"date":"2026-04-12T00:16:30","date_gmt":"2026-04-12T03:16:30","guid":{"rendered":"https:\/\/delaet.com.br\/pt_br\/loja\/produto\/encordoador-guitarra-baixo-d-addario-drill-bit-peg-winder-f035\/"},"modified":"2026-04-13T01:11:18","modified_gmt":"2026-04-13T04:11:18","slug":"encordoador-guitarra-baixo-d-addario-drill-bit-peg-winder-f035","status":"publish","type":"product","link":"https:\/\/delaet.com.br\/en\/loja\/produto\/encordoador-guitarra-baixo-d-addario-drill-bit-peg-winder-f035\/","title":{"rendered":"Encordoador Guitarra\/Baixo D\u00b4Addario Drill Bit Peg Winder"},"content":{"rendered":"<p>Este Peg Winder se encaixa em qualquer parafusaderia el\u00e9trica para mais agilidade na troca de cordas. Constru\u00eddo com um pol\u00edmero de alta performance, o Peg Winder funciona com tarraxas de guitarras vintage, modernas e baixos em um \u00fanico aparelho. O eixo de a\u00e7o niquelado resistir\u00e1 a in\u00fameras trocas de cordas.?<\/p>\n<p>Origem:Estados Unidos<br \/> Cor:Preto<br \/> Unidades por Embalagem:1<br \/> G\u00eanero:Unissex<br \/> Linha:Drill Winder<\/p>\n<p><\/p>","protected":false},"excerpt":{"rendered":"<p>Este Peg Winder se encaixa em qualquer parafusaderia el\u00e9trica para mais agilidade na troca de cordas. Constru\u00eddo com um pol\u00edmero de alta performance, o Peg Winder funciona com tarraxas de guitarras vintage, modernas e baixos em um \u00fanico aparelho. O eixo de a\u00e7o niquelado resistir\u00e1 a in\u00fameras trocas de cordas.? Origem:Estados Unidos Cor:Preto Unidades por [&hellip;]<\/p>\n","protected":false},"featured_media":2577,"comment_status":"open","ping_status":"closed","template":"","meta":{"om_disable_all_campaigns":false,"_monsterinsights_skip_tracking":false,"_monsterinsights_sitenote_active":false,"_monsterinsights_sitenote_note":"","_monsterinsights_sitenote_category":0,"jetpack_publicize_message":"","jetpack_publicize_feature_enabled":true,"jetpack_social_post_already_shared":false,"jetpack_social_options":{"image_generator_settings":{"template":"highway","default_image_id":0,"font":"","enabled":false},"version":2}},"product_brand":[160],"product_cat":[207,28,133,223,455,276],"product_tag":[624],"class_list":{"0":"post-1416","1":"product","2":"type-product","3":"status-publish","4":"has-post-thumbnail","6":"product_brand-daddario","7":"product_cat-acusticos","8":"product_cat-eletricos","9":"product_cat-ferramentas","10":"product_cat-outros","11":"product_cat-outros-acusticos","12":"product_cat-luthier","13":"product_tag-encordoador","15":"first","16":"instock","17":"shipping-taxable","18":"purchasable","19":"product-type-simple"},"aioseo_notices":[],"jetpack_publicize_connections":[],"jetpack_sharing_enabled":true,"_links":{"self":[{"href":"https:\/\/delaet.com.br\/en\/wp-json\/wp\/v2\/product\/1416","targetHints":{"allow":["GET"]}}],"collection":[{"href":"https:\/\/delaet.com.br\/en\/wp-json\/wp\/v2\/product"}],"about":[{"href":"https:\/\/delaet.com.br\/en\/wp-json\/wp\/v2\/types\/product"}],"replies":[{"embeddable":true,"href":"https:\/\/delaet.com.br\/en\/wp-json\/wp\/v2\/comments?post=1416"}],"wp:featuredmedia":[{"embeddable":true,"href":"https:\/\/delaet.com.br\/en\/wp-json\/wp\/v2\/media\/2577"}],"wp:attachment":[{"href":"https:\/\/delaet.com.br\/en\/wp-json\/wp\/v2\/media?parent=1416"}],"wp:term":[{"taxonomy":"product_brand","embeddable":true,"href":"https:\/\/delaet.com.br\/en\/wp-json\/wp\/v2\/product_brand?post=1416"},{"taxonomy":"product_cat","embeddable":true,"href":"https:\/\/delaet.com.br\/en\/wp-json\/wp\/v2\/product_cat?post=1416"},{"taxonomy":"product_tag","embeddable":true,"href":"https:\/\/delaet.com.br\/en\/wp-json\/wp\/v2\/product_tag?post=1416"}],"curies":[{"name":"wp","href":"https:\/\/api.w.org\/{rel}","templated":true}]}}