{"id":1526,"date":"2026-04-12T00:20:20","date_gmt":"2026-04-12T03:20:20","guid":{"rendered":"https:\/\/delaet.com.br\/pt_br\/loja\/produto\/encordoamento-guitarra-09-40-d-addario-xl-nickel-exl120bt-f035\/"},"modified":"2026-04-13T00:59:34","modified_gmt":"2026-04-13T03:59:34","slug":"encordoamento-guitarra-09-40-d-addario-xl-nickel-exl120bt-f035","status":"publish","type":"product","link":"https:\/\/delaet.com.br\/en\/loja\/produto\/encordoamento-guitarra-09-40-d-addario-xl-nickel-exl120bt-f035\/","title":{"rendered":"Encordoamento Guitarra 09-40 D\u00b4Addario XL Nickel EXL120BT"},"content":{"rendered":"<p>As cordas D Addario de tens\u00e3o balanceada s\u00e3o feitas a partir de combina\u00e7\u00f5es de di\u00e2metros precisamente otimizados, resultando em maior controle e conforto ao tocar. Combinadas com o timbre brilhante caracter\u00edstico das cordas XL Nickel Wound, cada encordoamento oferece maior controle de din\u00e2micas e uma pegada mais consistente entre as cordas para otimizar os bends, palhetadas, ligaduras e o plucking.<\/p>\n<p>Unidades por Embalagem:1<br \/> G\u00eanero:Unissex<br \/> Material:A\u00e7o + Niquel<br \/> Linha:XL NICKEL WOUND<br \/> Tipo de Corda:ROUNDWOUND<br \/> Quantidade de Cordas:6<br \/> Tens\u00e3o:Extra Leve<br \/> C\u00f3digo Universal do Produto:19954984021<br \/> Marca:D Addario<br \/> Modelo:EXL120BT<br \/> SKU:025272<\/p>\n<p> Condi\u00e7\u00e3o do \u00edtem:Novo<br \/> MPN:EXL120BT<br \/> Fonte do Produto:Importado<br \/> \u00c9 kit:N\u00e3o<br \/> Instrumento Recomendado:Guitarra<br \/> Codigo Universal do Produto:019954984021<br \/> Condi\u00e7\u00e3o do item:Novo<br \/> Escala da Corda:N\/A<br \/> Instrumento recomendado:Guitarra<br \/> Origem:Estados Unidos<br \/> S\u00e9rie:XL NICKEL WOUND<br \/> Notas:E B G D A E<br \/> Calibres:.009 .012 .015 .022 .030 .040<\/p>\n<p><\/p>","protected":false},"excerpt":{"rendered":"<p>As cordas D Addario de tens\u00e3o balanceada s\u00e3o feitas a partir de combina\u00e7\u00f5es de di\u00e2metros precisamente otimizados, resultando em maior controle e conforto ao tocar. Combinadas com o timbre brilhante caracter\u00edstico das cordas XL Nickel Wound, cada encordoamento oferece maior controle de din\u00e2micas e uma pegada mais consistente entre as cordas para otimizar os bends, [&hellip;]<\/p>\n","protected":false},"featured_media":2669,"comment_status":"open","ping_status":"closed","template":"","meta":{"om_disable_all_campaigns":false,"jetpack_publicize_message":"","jetpack_publicize_feature_enabled":true,"jetpack_social_post_already_shared":false,"jetpack_social_options":{"image_generator_settings":{"template":"highway","default_image_id":0,"font":"","enabled":false},"version":2}},"product_brand":[160],"product_cat":[28,215],"product_tag":[620,619],"class_list":{"0":"post-1526","1":"product","2":"type-product","3":"status-publish","4":"has-post-thumbnail","6":"product_brand-daddario","7":"product_cat-eletricos","8":"product_cat-encordoamentos-guitarra","9":"product_tag-cordas-para-guitarra","10":"product_tag-encordoamento-de-guitarra","12":"first","13":"instock","14":"shipping-taxable","15":"purchasable","16":"product-type-simple"},"aioseo_notices":[],"jetpack_publicize_connections":[],"jetpack_sharing_enabled":true,"_links":{"self":[{"href":"https:\/\/delaet.com.br\/en\/wp-json\/wp\/v2\/product\/1526","targetHints":{"allow":["GET"]}}],"collection":[{"href":"https:\/\/delaet.com.br\/en\/wp-json\/wp\/v2\/product"}],"about":[{"href":"https:\/\/delaet.com.br\/en\/wp-json\/wp\/v2\/types\/product"}],"replies":[{"embeddable":true,"href":"https:\/\/delaet.com.br\/en\/wp-json\/wp\/v2\/comments?post=1526"}],"wp:featuredmedia":[{"embeddable":true,"href":"https:\/\/delaet.com.br\/en\/wp-json\/wp\/v2\/media\/2669"}],"wp:attachment":[{"href":"https:\/\/delaet.com.br\/en\/wp-json\/wp\/v2\/media?parent=1526"}],"wp:term":[{"taxonomy":"product_brand","embeddable":true,"href":"https:\/\/delaet.com.br\/en\/wp-json\/wp\/v2\/product_brand?post=1526"},{"taxonomy":"product_cat","embeddable":true,"href":"https:\/\/delaet.com.br\/en\/wp-json\/wp\/v2\/product_cat?post=1526"},{"taxonomy":"product_tag","embeddable":true,"href":"https:\/\/delaet.com.br\/en\/wp-json\/wp\/v2\/product_tag?post=1526"}],"curies":[{"name":"wp","href":"https:\/\/api.w.org\/{rel}","templated":true}]}}