{"id":1600,"date":"2026-04-12T00:22:46","date_gmt":"2026-04-12T03:22:46","guid":{"rendered":"https:\/\/delaet.com.br\/pt_br\/loja\/produto\/encordoamento-guitarra-11-52-d-addario-xl-nickel-exl116-f035\/"},"modified":"2026-04-13T00:53:38","modified_gmt":"2026-04-13T03:53:38","slug":"encordoamento-guitarra-11-52-d-addario-xl-nickel-exl116-f035","status":"publish","type":"product","link":"https:\/\/delaet.com.br\/en\/loja\/produto\/encordoamento-guitarra-11-52-d-addario-xl-nickel-exl116-f035\/","title":{"rendered":"Encordoamento Guitarra 11-52 D\u00b4Addario XL Nickel EXL116"},"content":{"rendered":"<p>As D Addario XL Nickel Wound s\u00e3o reconhecidas mundialmente como a escolha dos grandes m\u00fasicos de todos os g\u00eaneros e estilos. S\u00e3o feitas de a\u00e7o banhado a n\u00edquel e enroladas com alta precis\u00e3o ao redor de um n\u00facleo hexagonal, resultando em uma corda com inconfund\u00edvel timbre brilhante e excelente afina\u00e7\u00e3o.<\/p>\n<p>Unidades por Embalagem:1<br \/> G\u00eanero:Unissex<br \/> Material:A\u00e7o + Niquel<br \/> Linha:XL NICKEL WOUND<br \/> Tipo de Corda:ROUNDWOUND<br \/> Quantidade de Cordas:6<br \/> Tens\u00e3o:Media \/ Pesada<br \/> C\u00f3digo Universal do Produto:19954951399<br \/> Marca:D Addario<br \/> Modelo:EXL116<br \/> SKU:011118<\/p>\n<p> Condi\u00e7\u00e3o do \u00edtem:Novo<br \/> MPN:EXL116<br \/> Fonte do Produto:Importado<br \/> \u00c9 kit:N\u00e3o<br \/> Instrumento Recomendado:Guitarra<br \/> Codigo Universal do Produto:019954951399<br \/> Condi\u00e7\u00e3o do item:Novo<br \/> Escala da Corda:N\/A<br \/> Instrumento recomendado:Guitarra<br \/> Origem:Estados Unidos<br \/> S\u00e9rie:XL NICKEL WOUND<br \/> Notas:E B G D A E<br \/> Calibres:.011 .014 .018 .030 .042 .052<\/p>\n<p><\/p>","protected":false},"excerpt":{"rendered":"<p>As D Addario XL Nickel Wound s\u00e3o reconhecidas mundialmente como a escolha dos grandes m\u00fasicos de todos os g\u00eaneros e estilos. S\u00e3o feitas de a\u00e7o banhado a n\u00edquel e enroladas com alta precis\u00e3o ao redor de um n\u00facleo hexagonal, resultando em uma corda com inconfund\u00edvel timbre brilhante e excelente afina\u00e7\u00e3o. Unidades por Embalagem:1 G\u00eanero:Unissex Material:A\u00e7o [&hellip;]<\/p>\n","protected":false},"featured_media":2730,"comment_status":"open","ping_status":"closed","template":"","meta":{"om_disable_all_campaigns":false,"jetpack_publicize_message":"","jetpack_publicize_feature_enabled":true,"jetpack_social_post_already_shared":false,"jetpack_social_options":{"image_generator_settings":{"template":"highway","default_image_id":0,"font":"","enabled":false},"version":2}},"product_brand":[160],"product_cat":[28,215],"product_tag":[620,619],"class_list":{"0":"post-1600","1":"product","2":"type-product","3":"status-publish","4":"has-post-thumbnail","6":"product_brand-daddario","7":"product_cat-eletricos","8":"product_cat-encordoamentos-guitarra","9":"product_tag-cordas-para-guitarra","10":"product_tag-encordoamento-de-guitarra","12":"first","13":"instock","14":"shipping-taxable","15":"purchasable","16":"product-type-simple"},"aioseo_notices":[],"jetpack_publicize_connections":[],"jetpack_sharing_enabled":true,"_links":{"self":[{"href":"https:\/\/delaet.com.br\/en\/wp-json\/wp\/v2\/product\/1600","targetHints":{"allow":["GET"]}}],"collection":[{"href":"https:\/\/delaet.com.br\/en\/wp-json\/wp\/v2\/product"}],"about":[{"href":"https:\/\/delaet.com.br\/en\/wp-json\/wp\/v2\/types\/product"}],"replies":[{"embeddable":true,"href":"https:\/\/delaet.com.br\/en\/wp-json\/wp\/v2\/comments?post=1600"}],"wp:featuredmedia":[{"embeddable":true,"href":"https:\/\/delaet.com.br\/en\/wp-json\/wp\/v2\/media\/2730"}],"wp:attachment":[{"href":"https:\/\/delaet.com.br\/en\/wp-json\/wp\/v2\/media?parent=1600"}],"wp:term":[{"taxonomy":"product_brand","embeddable":true,"href":"https:\/\/delaet.com.br\/en\/wp-json\/wp\/v2\/product_brand?post=1600"},{"taxonomy":"product_cat","embeddable":true,"href":"https:\/\/delaet.com.br\/en\/wp-json\/wp\/v2\/product_cat?post=1600"},{"taxonomy":"product_tag","embeddable":true,"href":"https:\/\/delaet.com.br\/en\/wp-json\/wp\/v2\/product_tag?post=1600"}],"curies":[{"name":"wp","href":"https:\/\/api.w.org\/{rel}","templated":true}]}}