{"id":1686,"date":"2026-04-12T00:25:48","date_gmt":"2026-04-12T03:25:48","guid":{"rendered":"https:\/\/delaet.com.br\/pt_br\/loja\/produto\/encordoamento-para-ukulele-baritono-d-addario-nyltech-ej88b-f035\/"},"modified":"2026-04-20T02:09:35","modified_gmt":"2026-04-20T05:09:35","slug":"encordoamento-para-ukulele-baritono-d-addario-nyltech-ej88b-f035","status":"publish","type":"product","link":"https:\/\/delaet.com.br\/en\/loja\/produto\/encordoamento-para-ukulele-baritono-d-addario-nyltech-ej88b-f035\/","title":{"rendered":"Encordoamento Para Ukulele Bar\u00edtono D Addario Nyltech EJ88B [F035]"},"content":{"rendered":"<p>Desenvolvidas em parceria com Aquila, as cordas para ukulele D Addario Nyltech, s\u00e3o uma fus\u00e3o exclusiva de materiais projetados para fornecer a combina\u00e7\u00e3o ideal entre timbre quente e forte, tocabilidade confort\u00e1vel e estabilidade de afina\u00e7\u00e3o sem precedentes.<\/p>\n<p>C\u00f3digo Categoria:000137<br \/> Origem:Estados Unidos<br \/> Unidades por Embalagem:1<br \/> G\u00eanero:Unissex<br \/> Material:Nailon<br \/> Linha:NYLTECH<br \/> Tipo de Corda:NYLON<br \/> Quantidade de Cordas:4<br \/> C\u00f3digo Universal do Produto:19954970659<br \/> Marca:D Addario<br \/> Modelo:EJ88B<br \/> SKU:023160<\/p>\n<p> Condi\u00e7\u00e3o do \u00edtem:Novo<br \/> MPN:23160<br \/> Fonte do Produto:Importado<br \/> \u00c9 kit:N\u00e3o<br \/> Instrumento Recomendado:Ukulele<br \/> Codigo Universal do Produto:019954970659<br \/> Condi\u00e7\u00e3o do item:Novo<br \/> Escala da Corda:N\/A<br \/> Instrumento recomendado:Ukulele<br \/> S\u00e9rie:NYLTECH<br \/> Tens\u00e3o:N\/A<br \/> Notas:E B G D<br \/> Calibres:.026 .036 .024 .030<\/p>\n<p><\/p>","protected":false},"excerpt":{"rendered":"<p>Desenvolvidas em parceria com Aquila, as cordas para ukulele D Addario Nyltech, s\u00e3o uma fus\u00e3o exclusiva de materiais projetados para fornecer a combina\u00e7\u00e3o ideal entre timbre quente e forte, tocabilidade confort\u00e1vel e estabilidade de afina\u00e7\u00e3o sem precedentes. C\u00f3digo Categoria:000137 Origem:Estados Unidos Unidades por Embalagem:1 G\u00eanero:Unissex Material:Nailon Linha:NYLTECH Tipo de Corda:NYLON Quantidade de Cordas:4 C\u00f3digo Universal [&hellip;]<\/p>\n","protected":false},"featured_media":4930,"comment_status":"open","ping_status":"closed","template":"","meta":{"om_disable_all_campaigns":false,"_monsterinsights_skip_tracking":false,"_monsterinsights_sitenote_active":false,"_monsterinsights_sitenote_note":"","_monsterinsights_sitenote_category":0,"jetpack_publicize_message":"","jetpack_publicize_feature_enabled":true,"jetpack_social_post_already_shared":false,"jetpack_social_options":{"image_generator_settings":{"template":"highway","default_image_id":0,"font":"","enabled":false},"version":2}},"product_brand":[160],"product_cat":[207,213],"product_tag":[609,610],"class_list":{"0":"post-1686","1":"product","2":"type-product","3":"status-publish","4":"has-post-thumbnail","6":"product_brand-daddario","7":"product_cat-acusticos","8":"product_cat-encordoamentos-ukulele","9":"product_tag-cordas-de-ukulele","10":"product_tag-encordoamento-de-ukulele","12":"first","13":"instock","14":"shipping-taxable","15":"purchasable","16":"product-type-simple"},"aioseo_notices":[],"jetpack_publicize_connections":[],"jetpack_sharing_enabled":true,"_links":{"self":[{"href":"https:\/\/delaet.com.br\/en\/wp-json\/wp\/v2\/product\/1686","targetHints":{"allow":["GET"]}}],"collection":[{"href":"https:\/\/delaet.com.br\/en\/wp-json\/wp\/v2\/product"}],"about":[{"href":"https:\/\/delaet.com.br\/en\/wp-json\/wp\/v2\/types\/product"}],"replies":[{"embeddable":true,"href":"https:\/\/delaet.com.br\/en\/wp-json\/wp\/v2\/comments?post=1686"}],"wp:featuredmedia":[{"embeddable":true,"href":"https:\/\/delaet.com.br\/en\/wp-json\/wp\/v2\/media\/4930"}],"wp:attachment":[{"href":"https:\/\/delaet.com.br\/en\/wp-json\/wp\/v2\/media?parent=1686"}],"wp:term":[{"taxonomy":"product_brand","embeddable":true,"href":"https:\/\/delaet.com.br\/en\/wp-json\/wp\/v2\/product_brand?post=1686"},{"taxonomy":"product_cat","embeddable":true,"href":"https:\/\/delaet.com.br\/en\/wp-json\/wp\/v2\/product_cat?post=1686"},{"taxonomy":"product_tag","embeddable":true,"href":"https:\/\/delaet.com.br\/en\/wp-json\/wp\/v2\/product_tag?post=1686"}],"curies":[{"name":"wp","href":"https:\/\/api.w.org\/{rel}","templated":true}]}}