{"id":1728,"date":"2026-04-12T00:27:06","date_gmt":"2026-04-12T03:27:06","guid":{"rendered":"https:\/\/delaet.com.br\/pt_br\/loja\/produto\/encordoamento-ukulele-concerto-d-addario-pro-arte-ej65c-f035\/"},"modified":"2026-04-20T02:11:33","modified_gmt":"2026-04-20T05:11:33","slug":"encordoamento-ukulele-concerto-d-addario-pro-arte-ej65c-f035","status":"publish","type":"product","link":"https:\/\/delaet.com.br\/en\/loja\/produto\/encordoamento-ukulele-concerto-d-addario-pro-arte-ej65c-f035\/","title":{"rendered":"Encordoamento Ukulele Concerto D Addario Pro-Art\u00e9 EJ65C [F035]"},"content":{"rendered":"<p>Cada set das cordas Extruded Ukulele \u00e9 fabricado pela D Addario na linha avan\u00e7ada de extrus\u00e3o monofilamentar constru\u00edda exclusivamente para a produ\u00e7\u00e3o de cordas de instrumentos musicais. Cada encordoamento apresenta primas Pro-Art\u00e9 de nylon transparentes e escolhidas a laser, com timbre quente e projetado e afina\u00e7\u00e3o sem precedentes.<\/p>\n<p>Origem:Estados Unidos<br \/> Unidades por Embalagem:1<br \/> G\u00eanero:Unissex<br \/> Material:A\u00e7o + Nylon<br \/> Linha:PRO-ART\u00c9<br \/> Tipo de Corda:ROUNDWOUND + NYLON<br \/> Quantidade de Cordas:4<br \/> Tens\u00e3o:Media<br \/> Instrumento Recomendado:Ukulele<\/p>\n<p> Codigo Universal do Produto:019954977160<br \/> Condi\u00e7\u00e3o do item:Novo<br \/> Escala da Corda:N\/A<br \/> Fonte do Produto:Importado<br \/> Instrumento recomendado:Ukulele<br \/> MPN:EJ65C<br \/> Marca:D<br \/> Modelo:EJ65C<br \/> SKU:028842<br \/> S\u00e9rie:PRO-ART\u00c9<br \/> \u00c9 kit:N\u00e3o<br \/> Notas:A E C G<br \/> Calibres:.028 .032 .040 .028<\/p>\n<p><\/p>","protected":false},"excerpt":{"rendered":"<p>Cada set das cordas Extruded Ukulele \u00e9 fabricado pela D Addario na linha avan\u00e7ada de extrus\u00e3o monofilamentar constru\u00edda exclusivamente para a produ\u00e7\u00e3o de cordas de instrumentos musicais. Cada encordoamento apresenta primas Pro-Art\u00e9 de nylon transparentes e escolhidas a laser, com timbre quente e projetado e afina\u00e7\u00e3o sem precedentes. Origem:Estados Unidos Unidades por Embalagem:1 G\u00eanero:Unissex Material:A\u00e7o [&hellip;]<\/p>\n","protected":false},"featured_media":4963,"comment_status":"open","ping_status":"closed","template":"","meta":{"om_disable_all_campaigns":false,"jetpack_publicize_message":"","jetpack_publicize_feature_enabled":true,"jetpack_social_post_already_shared":false,"jetpack_social_options":{"image_generator_settings":{"template":"highway","default_image_id":0,"font":"","enabled":false},"version":2}},"product_brand":[160],"product_cat":[207,213],"product_tag":[609,610],"class_list":{"0":"post-1728","1":"product","2":"type-product","3":"status-publish","4":"has-post-thumbnail","6":"product_brand-daddario","7":"product_cat-acusticos","8":"product_cat-encordoamentos-ukulele","9":"product_tag-cordas-de-ukulele","10":"product_tag-encordoamento-de-ukulele","12":"first","13":"instock","14":"shipping-taxable","15":"purchasable","16":"product-type-simple"},"aioseo_notices":[],"jetpack_publicize_connections":[],"jetpack_sharing_enabled":true,"_links":{"self":[{"href":"https:\/\/delaet.com.br\/en\/wp-json\/wp\/v2\/product\/1728","targetHints":{"allow":["GET"]}}],"collection":[{"href":"https:\/\/delaet.com.br\/en\/wp-json\/wp\/v2\/product"}],"about":[{"href":"https:\/\/delaet.com.br\/en\/wp-json\/wp\/v2\/types\/product"}],"replies":[{"embeddable":true,"href":"https:\/\/delaet.com.br\/en\/wp-json\/wp\/v2\/comments?post=1728"}],"wp:featuredmedia":[{"embeddable":true,"href":"https:\/\/delaet.com.br\/en\/wp-json\/wp\/v2\/media\/4963"}],"wp:attachment":[{"href":"https:\/\/delaet.com.br\/en\/wp-json\/wp\/v2\/media?parent=1728"}],"wp:term":[{"taxonomy":"product_brand","embeddable":true,"href":"https:\/\/delaet.com.br\/en\/wp-json\/wp\/v2\/product_brand?post=1728"},{"taxonomy":"product_cat","embeddable":true,"href":"https:\/\/delaet.com.br\/en\/wp-json\/wp\/v2\/product_cat?post=1728"},{"taxonomy":"product_tag","embeddable":true,"href":"https:\/\/delaet.com.br\/en\/wp-json\/wp\/v2\/product_tag?post=1728"}],"curies":[{"name":"wp","href":"https:\/\/api.w.org\/{rel}","templated":true}]}}