{"id":1743,"date":"2026-04-12T00:27:37","date_gmt":"2026-04-12T03:27:37","guid":{"rendered":"https:\/\/delaet.com.br\/pt_br\/loja\/produto\/encordoamento-ukulele-soprano-d-addario-pro-arte-titanium-f035\/"},"modified":"2026-04-20T02:12:09","modified_gmt":"2026-04-20T05:12:09","slug":"encordoamento-ukulele-soprano-d-addario-pro-arte-titanium-f035","status":"publish","type":"product","link":"https:\/\/delaet.com.br\/en\/loja\/produto\/encordoamento-ukulele-soprano-d-addario-pro-arte-titanium-f035\/","title":{"rendered":"Encordoamento Ukulele Soprano D Addario Pro-Art\u00e9 Titanium [F035]"},"content":{"rendered":"<p>O encordoamento EJ87S para ukulele soprano \u00e9 composto com a Pro-Art\u00e9 Titanium. A resposta de harm\u00f4nicos da Pro-Art\u00e9 Titanium resulta em um timbre brilhante, proporcionando a sonoridade desejada pelos m\u00fasicos e que os amantes do Ukulele tanto procuram.?<\/p>\n<p>C\u00f3digo Categoria:000137<br \/> Origem:Estados Unidos<br \/> Unidades por Embalagem:1<br \/> G\u00eanero:Unissex<br \/> Material:A\u00e7o + Tit\u00e2nio<br \/> Linha:PRO-ART\u00c9 TITANIUM<br \/> Tipo de Corda:ROUNDWOUND<br \/> Quantidade de Cordas:4<br \/> C\u00f3digo Universal do Produto:19954971755<br \/> Marca:D<br \/> Modelo:EJ87S<br \/> SKU:023161<\/p>\n<p> Condi\u00e7\u00e3o do \u00edtem:Novo<br \/> MPN:23161<br \/> Fonte do Produto:Importado<br \/> \u00c9 kit:N\u00e3o<br \/> Instrumento Recomendado:Ukulele<br \/> Codigo Universal do Produto:019954971755<br \/> Condi\u00e7\u00e3o do item:Novo<br \/> Escala da Corda:N\/A<br \/> Instrumento recomendado:Ukulele<br \/> S\u00e9rie:PRO-ART\u00c9 TITANIUM<br \/> Tens\u00e3o:N\/A<br \/> Notas:A E C G<br \/> Calibres:.028 .033 .040 .029<\/p>\n<p><\/p>","protected":false},"excerpt":{"rendered":"<p>O encordoamento EJ87S para ukulele soprano \u00e9 composto com a Pro-Art\u00e9 Titanium. A resposta de harm\u00f4nicos da Pro-Art\u00e9 Titanium resulta em um timbre brilhante, proporcionando a sonoridade desejada pelos m\u00fasicos e que os amantes do Ukulele tanto procuram.? C\u00f3digo Categoria:000137 Origem:Estados Unidos Unidades por Embalagem:1 G\u00eanero:Unissex Material:A\u00e7o + Tit\u00e2nio Linha:PRO-ART\u00c9 TITANIUM Tipo de Corda:ROUNDWOUND Quantidade [&hellip;]<\/p>\n","protected":false},"featured_media":4975,"comment_status":"open","ping_status":"closed","template":"","meta":{"om_disable_all_campaigns":false,"jetpack_publicize_message":"","jetpack_publicize_feature_enabled":true,"jetpack_social_post_already_shared":false,"jetpack_social_options":{"image_generator_settings":{"template":"highway","default_image_id":0,"font":"","enabled":false},"version":2}},"product_brand":[160],"product_cat":[207,213],"product_tag":[609,610],"class_list":{"0":"post-1743","1":"product","2":"type-product","3":"status-publish","4":"has-post-thumbnail","6":"product_brand-daddario","7":"product_cat-acusticos","8":"product_cat-encordoamentos-ukulele","9":"product_tag-cordas-de-ukulele","10":"product_tag-encordoamento-de-ukulele","12":"first","13":"instock","14":"shipping-taxable","15":"purchasable","16":"product-type-simple"},"aioseo_notices":[],"jetpack_publicize_connections":[],"jetpack_sharing_enabled":true,"_links":{"self":[{"href":"https:\/\/delaet.com.br\/en\/wp-json\/wp\/v2\/product\/1743","targetHints":{"allow":["GET"]}}],"collection":[{"href":"https:\/\/delaet.com.br\/en\/wp-json\/wp\/v2\/product"}],"about":[{"href":"https:\/\/delaet.com.br\/en\/wp-json\/wp\/v2\/types\/product"}],"replies":[{"embeddable":true,"href":"https:\/\/delaet.com.br\/en\/wp-json\/wp\/v2\/comments?post=1743"}],"wp:featuredmedia":[{"embeddable":true,"href":"https:\/\/delaet.com.br\/en\/wp-json\/wp\/v2\/media\/4975"}],"wp:attachment":[{"href":"https:\/\/delaet.com.br\/en\/wp-json\/wp\/v2\/media?parent=1743"}],"wp:term":[{"taxonomy":"product_brand","embeddable":true,"href":"https:\/\/delaet.com.br\/en\/wp-json\/wp\/v2\/product_brand?post=1743"},{"taxonomy":"product_cat","embeddable":true,"href":"https:\/\/delaet.com.br\/en\/wp-json\/wp\/v2\/product_cat?post=1743"},{"taxonomy":"product_tag","embeddable":true,"href":"https:\/\/delaet.com.br\/en\/wp-json\/wp\/v2\/product_tag?post=1743"}],"curies":[{"name":"wp","href":"https:\/\/api.w.org\/{rel}","templated":true}]}}