{"id":1773,"date":"2026-04-12T00:28:40","date_gmt":"2026-04-12T03:28:40","guid":{"rendered":"https:\/\/delaet.com.br\/pt_br\/loja\/produto\/encordoamento-viola-brasileira-d-addario-nickel-plated-ej82c-f035\/"},"modified":"2026-04-20T02:13:26","modified_gmt":"2026-04-20T05:13:26","slug":"encordoamento-viola-brasileira-d-addario-nickel-plated-ej82c-f035","status":"publish","type":"product","link":"https:\/\/delaet.com.br\/en\/loja\/produto\/encordoamento-viola-brasileira-d-addario-nickel-plated-ej82c-f035\/","title":{"rendered":"Encordoamento Viola Brasileira D Addario Nickel-Plated EJ82C [F035]"},"content":{"rendered":"<p>A D Addario oferece encordoamentos exclusivamente dedicados aos amantes da viola. As cordas para viola D Addario possuem afina\u00e7\u00e3o perfeita e caracter\u00edsticas ideais para essa musicalidade t\u00e3o genuinamente brasileira.<\/p>\n<p>Origem:Estados Unidos<br \/> Unidades por Embalagem:1<br \/> G\u00eanero:Unissex<br \/> Material:A\u00e7o + Niquel<br \/> Tipo de Corda:ROUNDWOUND<br \/> Quantidade de Cordas:10<br \/> Tens\u00e3o:Media<br \/> Instrumento Recomendado:Viola Brasileira<\/p>\n<p> Codigo Universal do Produto:019954043834<br \/> Condi\u00e7\u00e3o do item:Novo<br \/> Escala da Corda:N\/A<br \/> Fonte do Produto:Importado<br \/> Instrumento recomendado:Viola Brasileira<br \/> Linha:NICKEL-PLATED STEEL<br \/> MPN:EJ82C<br \/> Marca:D<br \/> Modelo:EJ82C<br \/> SKU:027360<br \/> S\u00e9rie:NICKEL-PLATED STEEL<br \/> \u00c9 kit:N\u00e3o<br \/> Notas:E E B B G# G# E E B B<br \/> Calibres:.010 .010 .013 .013 .018 .008 .022 .010 .030 .013<\/p>\n<p><\/p>","protected":false},"excerpt":{"rendered":"<p>A D Addario oferece encordoamentos exclusivamente dedicados aos amantes da viola. As cordas para viola D Addario possuem afina\u00e7\u00e3o perfeita e caracter\u00edsticas ideais para essa musicalidade t\u00e3o genuinamente brasileira. Origem:Estados Unidos Unidades por Embalagem:1 G\u00eanero:Unissex Material:A\u00e7o + Niquel Tipo de Corda:ROUNDWOUND Quantidade de Cordas:10 Tens\u00e3o:Media Instrumento Recomendado:Viola Brasileira Codigo Universal do Produto:019954043834 Condi\u00e7\u00e3o do item:Novo [&hellip;]<\/p>\n","protected":false},"featured_media":4999,"comment_status":"open","ping_status":"closed","template":"","meta":{"om_disable_all_campaigns":false,"jetpack_publicize_message":"","jetpack_publicize_feature_enabled":true,"jetpack_social_post_already_shared":false,"jetpack_social_options":{"image_generator_settings":{"template":"highway","default_image_id":0,"font":"","enabled":false},"version":2}},"product_brand":[160],"product_cat":[207,214],"product_tag":[607,608],"class_list":{"0":"post-1773","1":"product","2":"type-product","3":"status-publish","4":"has-post-thumbnail","6":"product_brand-daddario","7":"product_cat-acusticos","8":"product_cat-encordoamentos-viola","9":"product_tag-cordas-de-viola","10":"product_tag-encordoamento-viola-caipira","12":"first","13":"instock","14":"shipping-taxable","15":"purchasable","16":"product-type-simple"},"aioseo_notices":[],"jetpack_publicize_connections":[],"jetpack_sharing_enabled":true,"_links":{"self":[{"href":"https:\/\/delaet.com.br\/en\/wp-json\/wp\/v2\/product\/1773","targetHints":{"allow":["GET"]}}],"collection":[{"href":"https:\/\/delaet.com.br\/en\/wp-json\/wp\/v2\/product"}],"about":[{"href":"https:\/\/delaet.com.br\/en\/wp-json\/wp\/v2\/types\/product"}],"replies":[{"embeddable":true,"href":"https:\/\/delaet.com.br\/en\/wp-json\/wp\/v2\/comments?post=1773"}],"wp:featuredmedia":[{"embeddable":true,"href":"https:\/\/delaet.com.br\/en\/wp-json\/wp\/v2\/media\/4999"}],"wp:attachment":[{"href":"https:\/\/delaet.com.br\/en\/wp-json\/wp\/v2\/media?parent=1773"}],"wp:term":[{"taxonomy":"product_brand","embeddable":true,"href":"https:\/\/delaet.com.br\/en\/wp-json\/wp\/v2\/product_brand?post=1773"},{"taxonomy":"product_cat","embeddable":true,"href":"https:\/\/delaet.com.br\/en\/wp-json\/wp\/v2\/product_cat?post=1773"},{"taxonomy":"product_tag","embeddable":true,"href":"https:\/\/delaet.com.br\/en\/wp-json\/wp\/v2\/product_tag?post=1773"}],"curies":[{"name":"wp","href":"https:\/\/api.w.org\/{rel}","templated":true}]}}