{"id":1784,"date":"2026-04-12T00:29:11","date_gmt":"2026-04-12T03:29:11","guid":{"rendered":"https:\/\/delaet.com.br\/pt_br\/loja\/produto\/encordoamento-viola-savarez-corelli-new-cristal-730mb-f035\/"},"modified":"2026-04-20T02:14:16","modified_gmt":"2026-04-20T05:14:16","slug":"encordoamento-viola-savarez-corelli-new-cristal-730mb-f035","status":"publish","type":"product","link":"https:\/\/delaet.com.br\/en\/loja\/produto\/encordoamento-viola-savarez-corelli-new-cristal-730mb-f035\/","title":{"rendered":"Encordoamento Viola Savarez Corelli New Cristal 730MB [F035]"},"content":{"rendered":"<p>A inova\u00e7\u00e3o da Corelli New Cristal para Viola consiste no seu nov\u00edssimo material em pol\u00edmero, tratado de uma maneira \u00fanica e que resultou em uma sonoridade com caracter\u00edsticas nunca ouvida antes. A sua combina\u00e7\u00e3o espec\u00edfica com liga de metais, coloca essas cordas no mais alto n\u00edvel de qualidade. Consequentemente, aplicam-se a m\u00fasicistas profissionais e solistas, com \u00eanfase nos destaques de n\u00fameros solos dos grandes concertos e apresenta\u00e7\u00f5es orquestrais, proporcionando ao m\u00fasico, confian\u00e7a plena na execu\u00e7\u00e3o e seguran\u00e7a na performance.<\/p>\n<p>Instrumento Recomendado:Viola<br \/> Calibre da Corda:0.0167 0.0289 0.0327 0.0398<\/p>\n<p> Codigo Universal do Produto:698502451262<br \/> Condicao do item:Novo<br \/> Escala da Corda:0.016<br \/> Fonte do Produto:Importado<br \/> Genero:Unissex<br \/> Linha:Corelli New Cristal<br \/> MPN:730MB<br \/> Marca:Savarez<br \/> Material:Pol\u00edmero<br \/> Modelo:730MB<br \/> Origem:Fran\u00e7a<br \/> Quantidade de Cordas:4<br \/> SKU:034887<br \/> Serie:Corelli New Cristal<br \/> Tensao:M\u00e9dia<br \/> Tipo de Corda:Roundwound+A\u00e7o<br \/> Unidades por Embalagem:1<br \/> E kit:N\u00e3o<\/p>\n<p><\/p>","protected":false},"excerpt":{"rendered":"<p>A inova\u00e7\u00e3o da Corelli New Cristal para Viola consiste no seu nov\u00edssimo material em pol\u00edmero, tratado de uma maneira \u00fanica e que resultou em uma sonoridade com caracter\u00edsticas nunca ouvida antes. A sua combina\u00e7\u00e3o espec\u00edfica com liga de metais, coloca essas cordas no mais alto n\u00edvel de qualidade. Consequentemente, aplicam-se a m\u00fasicistas profissionais e solistas, [&hellip;]<\/p>\n","protected":false},"featured_media":5013,"comment_status":"open","ping_status":"closed","template":"","meta":{"om_disable_all_campaigns":false,"_monsterinsights_skip_tracking":false,"_monsterinsights_sitenote_active":false,"_monsterinsights_sitenote_note":"","_monsterinsights_sitenote_category":0,"jetpack_publicize_message":"","jetpack_publicize_feature_enabled":true,"jetpack_social_post_already_shared":false,"jetpack_social_options":{"image_generator_settings":{"template":"highway","default_image_id":0,"font":"","enabled":false},"version":2}},"product_brand":[171],"product_cat":[210,232],"product_tag":[607,606],"class_list":{"0":"post-1784","1":"product","2":"type-product","3":"status-publish","4":"has-post-thumbnail","6":"product_brand-savarez","7":"product_cat-friccionadas","8":"product_cat-encordoamentos-viola-friccionadas","9":"product_tag-cordas-de-viola","10":"product_tag-encordoamento-viola","12":"first","13":"instock","14":"shipping-taxable","15":"purchasable","16":"product-type-simple"},"aioseo_notices":[],"jetpack_publicize_connections":[],"jetpack_sharing_enabled":true,"_links":{"self":[{"href":"https:\/\/delaet.com.br\/en\/wp-json\/wp\/v2\/product\/1784","targetHints":{"allow":["GET"]}}],"collection":[{"href":"https:\/\/delaet.com.br\/en\/wp-json\/wp\/v2\/product"}],"about":[{"href":"https:\/\/delaet.com.br\/en\/wp-json\/wp\/v2\/types\/product"}],"replies":[{"embeddable":true,"href":"https:\/\/delaet.com.br\/en\/wp-json\/wp\/v2\/comments?post=1784"}],"wp:featuredmedia":[{"embeddable":true,"href":"https:\/\/delaet.com.br\/en\/wp-json\/wp\/v2\/media\/5013"}],"wp:attachment":[{"href":"https:\/\/delaet.com.br\/en\/wp-json\/wp\/v2\/media?parent=1784"}],"wp:term":[{"taxonomy":"product_brand","embeddable":true,"href":"https:\/\/delaet.com.br\/en\/wp-json\/wp\/v2\/product_brand?post=1784"},{"taxonomy":"product_cat","embeddable":true,"href":"https:\/\/delaet.com.br\/en\/wp-json\/wp\/v2\/product_cat?post=1784"},{"taxonomy":"product_tag","embeddable":true,"href":"https:\/\/delaet.com.br\/en\/wp-json\/wp\/v2\/product_tag?post=1784"}],"curies":[{"name":"wp","href":"https:\/\/api.w.org\/{rel}","templated":true}]}}