{"id":1795,"date":"2026-04-12T00:29:40","date_gmt":"2026-04-12T03:29:40","guid":{"rendered":"https:\/\/delaet.com.br\/pt_br\/loja\/produto\/encordoamento-violao-aco-011-052-savarez-p-bronze-a140cl-f035\/"},"modified":"2026-04-20T02:14:42","modified_gmt":"2026-04-20T05:14:42","slug":"encordoamento-violao-aco-011-052-savarez-p-bronze-a140cl-f035","status":"publish","type":"product","link":"https:\/\/delaet.com.br\/en\/loja\/produto\/encordoamento-violao-aco-011-052-savarez-p-bronze-a140cl-f035\/","title":{"rendered":"Encordoamento Viol\u00e3o A\u00e7o .011-.052 Savarez P. Bronze A140CL [F035]"},"content":{"rendered":"<p>Encordoamento para Viol\u00e3o A\u00e7o Linha Acoustic Phosphore Bronze Custom Leve .011-.052 A140CL.<br \/>\n&#8211; Custom Leve<br \/>\n&#8211; 0.11 &#8211; 0.52<\/p>\n<p> Codigo Universal do Produto:698502621474<br \/> Condicao do item:Novo<br \/> Fonte do Produto:Importado<br \/> Genero:Unissex<br \/> Linha:Acoustic Phosphore Bronze<br \/> MPN:A140CL<br \/> Marca:Savarez<br \/> Material:A\u00e7o + Bronze<br \/> Modelo:A140CL<br \/> Origem:Fran\u00e7a<br \/> Quantidade de Cordas:6<br \/> SKU:031413<br \/> Serie:Acoustic Phosphore Bronze<br \/> Tensao:Custom Leve<br \/> Tipo de Corda:Roundwound<br \/> Unidades por Embalagem:1<br \/> E kit:N\u00e3o<br \/> Instrumento Recomendado:Viol\u00e3o A\u00e7o<\/p>\n<p><\/p>","protected":false},"excerpt":{"rendered":"<p>Encordoamento para Viol\u00e3o A\u00e7o Linha Acoustic Phosphore Bronze Custom Leve .011-.052 A140CL. &#8211; Custom Leve &#8211; 0.11 &#8211; 0.52 Codigo Universal do Produto:698502621474 Condicao do item:Novo Fonte do Produto:Importado Genero:Unissex Linha:Acoustic Phosphore Bronze MPN:A140CL Marca:Savarez Material:A\u00e7o + Bronze Modelo:A140CL Origem:Fran\u00e7a Quantidade de Cordas:6 SKU:031413 Serie:Acoustic Phosphore Bronze Tensao:Custom Leve Tipo de Corda:Roundwound Unidades por Embalagem:1 [&hellip;]<\/p>\n","protected":false},"featured_media":5022,"comment_status":"open","ping_status":"closed","template":"","meta":{"om_disable_all_campaigns":false,"_monsterinsights_skip_tracking":false,"_monsterinsights_sitenote_active":false,"_monsterinsights_sitenote_note":"","_monsterinsights_sitenote_category":0,"jetpack_publicize_message":"","jetpack_publicize_feature_enabled":true,"jetpack_social_post_already_shared":false,"jetpack_social_options":{"image_generator_settings":{"template":"highway","default_image_id":0,"font":"","enabled":false},"version":2}},"product_brand":[171],"product_cat":[207,212],"product_tag":[605,601],"class_list":{"0":"post-1795","1":"product","2":"type-product","3":"status-publish","4":"has-post-thumbnail","6":"product_brand-savarez","7":"product_cat-acusticos","8":"product_cat-encordoamentos-aco","9":"product_tag-cordas-de-aco","10":"product_tag-encordoamento-violao-aco","12":"first","13":"instock","14":"shipping-taxable","15":"purchasable","16":"product-type-simple"},"aioseo_notices":[],"jetpack_publicize_connections":[],"jetpack_sharing_enabled":true,"_links":{"self":[{"href":"https:\/\/delaet.com.br\/en\/wp-json\/wp\/v2\/product\/1795","targetHints":{"allow":["GET"]}}],"collection":[{"href":"https:\/\/delaet.com.br\/en\/wp-json\/wp\/v2\/product"}],"about":[{"href":"https:\/\/delaet.com.br\/en\/wp-json\/wp\/v2\/types\/product"}],"replies":[{"embeddable":true,"href":"https:\/\/delaet.com.br\/en\/wp-json\/wp\/v2\/comments?post=1795"}],"wp:featuredmedia":[{"embeddable":true,"href":"https:\/\/delaet.com.br\/en\/wp-json\/wp\/v2\/media\/5022"}],"wp:attachment":[{"href":"https:\/\/delaet.com.br\/en\/wp-json\/wp\/v2\/media?parent=1795"}],"wp:term":[{"taxonomy":"product_brand","embeddable":true,"href":"https:\/\/delaet.com.br\/en\/wp-json\/wp\/v2\/product_brand?post=1795"},{"taxonomy":"product_cat","embeddable":true,"href":"https:\/\/delaet.com.br\/en\/wp-json\/wp\/v2\/product_cat?post=1795"},{"taxonomy":"product_tag","embeddable":true,"href":"https:\/\/delaet.com.br\/en\/wp-json\/wp\/v2\/product_tag?post=1795"}],"curies":[{"name":"wp","href":"https:\/\/api.w.org\/{rel}","templated":true}]}}