{"id":1970,"date":"2026-04-12T00:35:09","date_gmt":"2026-04-12T03:35:09","guid":{"rendered":"https:\/\/delaet.com.br\/pt_br\/loja\/produto\/encordoamento-violao-aco-13-56-d-addario-nickel-bronz-nb1356-f035\/"},"modified":"2026-04-13T00:01:03","modified_gmt":"2026-04-13T03:01:03","slug":"encordoamento-violao-aco-13-56-d-addario-nickel-bronz-nb1356-f035","status":"publish","type":"product","link":"https:\/\/delaet.com.br\/en\/loja\/produto\/encordoamento-violao-aco-13-56-d-addario-nickel-bronz-nb1356-f035\/","title":{"rendered":"Encordoamento Viol\u00e3o A\u00e7o 13-56 D\u00b4Addario Nickel Bronz NB1356"},"content":{"rendered":"<p>As Nickel Bronze s\u00e3o as cordas premium n\u00e3o revestidas para viol\u00e3o a\u00e7o da D&#8217;Addario. Apresentando uma inovadora combina\u00e7\u00e3o de f\u00f3sforo bronze niquelado, enrolado em um n\u00facleo de a\u00e7o NY de alto carbono, estas cordas real\u00e7am as caracter\u00edsticas sonoras de qualquer viol\u00e3o, revelando o som \u00fanico de cada instrumento. As cordas NB oferecem proje\u00e7\u00e3o, articula\u00e7\u00e3o e resson\u00e2ncia aprimoradas, al\u00e9m de uma incr\u00edvel estabilidade de afina\u00e7\u00e3o e resist\u00eancia \u00e0 ruptura sem precedentes.?<\/p>\n<p>Unidades por Embalagem:1<br \/> G\u00eanero:Unissex<br \/> Material:A\u00e7o + Bronze + Niquel<br \/> Linha:NICKEL BRONZE<br \/> Tipo de Corda:ROUNDWOUND<br \/> Quantidade de Cordas:6<br \/> Tens\u00e3o:Media<br \/> C\u00f3digo Universal do Produto:19954182212<br \/> Marca:D Addario<br \/> Modelo:NB1356<br \/> SKU:028448<\/p>\n<p> Condi\u00e7\u00e3o do \u00edtem:Novo<br \/> MPN:NB1356<br \/> Fonte do Produto:Importado<br \/> \u00c9 kit:N\u00e3o<br \/> Instrumento Recomendado:Viol\u00e3o A\u00e7o<br \/> Codigo Universal do Produto:019954182212<br \/> Condi\u00e7\u00e3o do item:Novo<br \/> Escala da Corda:N\/A<br \/> Instrumento recomendado:Viol\u00e3o A\u00e7o<br \/> Origem:Estados Unidos<br \/> S\u00e9rie:NICKEL BRONZE<br \/> Notas:E B G D A E<br \/> Calibres:.013 .017 .026 .035 .045 .056<\/p>\n<p><\/p>","protected":false},"excerpt":{"rendered":"<p>As Nickel Bronze s\u00e3o as cordas premium n\u00e3o revestidas para viol\u00e3o a\u00e7o da D&#8217;Addario. Apresentando uma inovadora combina\u00e7\u00e3o de f\u00f3sforo bronze niquelado, enrolado em um n\u00facleo de a\u00e7o NY de alto carbono, estas cordas real\u00e7am as caracter\u00edsticas sonoras de qualquer viol\u00e3o, revelando o som \u00fanico de cada instrumento. As cordas NB oferecem proje\u00e7\u00e3o, articula\u00e7\u00e3o e [&hellip;]<\/p>\n","protected":false},"featured_media":3037,"comment_status":"open","ping_status":"closed","template":"","meta":{"om_disable_all_campaigns":false,"jetpack_publicize_message":"","jetpack_publicize_feature_enabled":true,"jetpack_social_post_already_shared":false,"jetpack_social_options":{"image_generator_settings":{"template":"highway","default_image_id":0,"font":"","enabled":false},"version":2}},"product_brand":[160],"product_cat":[207,212],"product_tag":[605,601],"class_list":{"0":"post-1970","1":"product","2":"type-product","3":"status-publish","4":"has-post-thumbnail","6":"product_brand-daddario","7":"product_cat-acusticos","8":"product_cat-encordoamentos-aco","9":"product_tag-cordas-de-aco","10":"product_tag-encordoamento-violao-aco","12":"first","13":"instock","14":"shipping-taxable","15":"purchasable","16":"product-type-simple"},"aioseo_notices":[],"jetpack_publicize_connections":[],"jetpack_sharing_enabled":true,"_links":{"self":[{"href":"https:\/\/delaet.com.br\/en\/wp-json\/wp\/v2\/product\/1970","targetHints":{"allow":["GET"]}}],"collection":[{"href":"https:\/\/delaet.com.br\/en\/wp-json\/wp\/v2\/product"}],"about":[{"href":"https:\/\/delaet.com.br\/en\/wp-json\/wp\/v2\/types\/product"}],"replies":[{"embeddable":true,"href":"https:\/\/delaet.com.br\/en\/wp-json\/wp\/v2\/comments?post=1970"}],"wp:featuredmedia":[{"embeddable":true,"href":"https:\/\/delaet.com.br\/en\/wp-json\/wp\/v2\/media\/3037"}],"wp:attachment":[{"href":"https:\/\/delaet.com.br\/en\/wp-json\/wp\/v2\/media?parent=1970"}],"wp:term":[{"taxonomy":"product_brand","embeddable":true,"href":"https:\/\/delaet.com.br\/en\/wp-json\/wp\/v2\/product_brand?post=1970"},{"taxonomy":"product_cat","embeddable":true,"href":"https:\/\/delaet.com.br\/en\/wp-json\/wp\/v2\/product_cat?post=1970"},{"taxonomy":"product_tag","embeddable":true,"href":"https:\/\/delaet.com.br\/en\/wp-json\/wp\/v2\/product_tag?post=1970"}],"curies":[{"name":"wp","href":"https:\/\/api.w.org\/{rel}","templated":true}]}}