{"id":2005,"date":"2026-04-12T00:36:00","date_gmt":"2026-04-12T03:36:00","guid":{"rendered":"https:\/\/delaet.com.br\/pt_br\/loja\/produto\/encordoamento-violao-aco-resonator-d-addario-flat-tops-eft13-f035\/"},"modified":"2026-04-12T23:58:10","modified_gmt":"2026-04-13T02:58:10","slug":"encordoamento-violao-aco-resonator-d-addario-flat-tops-eft13-f035","status":"publish","type":"product","link":"https:\/\/delaet.com.br\/en\/loja\/produto\/encordoamento-violao-aco-resonator-d-addario-flat-tops-eft13-f035\/","title":{"rendered":"Encordoamento Viol\u00e3o A\u00e7o Resonator D\u00b4Addario Flat Tops EFT13"},"content":{"rendered":"<p>As Flat Tops recebem um polimento suave composto por tr\u00eas fases. Este processo produz uma delicada superf\u00edcie &#8220;semi-flat&#8221; confort\u00e1vel de tocar, sem sacrificar o som vivo e o sustain associados \u00e0s cordas Phosphor Bronze. As Flat Tops s\u00e3o excelentes para grava\u00e7\u00e3o e reduzem bastante os ru\u00eddos provocados pelo atrito entre os dedos e as cordas.?<\/p>\n<p>Unidades por Embalagem:1<br \/> G\u00eanero:Unissex<br \/> Material:A\u00e7o + Bronze<br \/> Linha:FLAT TOPS PHOSPHOR BRONZE<br \/> Tipo de Corda:SEMI-FLATWOUND<br \/> Quantidade de Cordas:6<br \/> Tens\u00e3o:Media<br \/> C\u00f3digo Universal do Produto:19954121211<br \/> Marca:D<br \/> Modelo:EFT13<br \/> SKU:012291<\/p>\n<p> Condi\u00e7\u00e3o do \u00edtem:Novo<br \/> MPN:EFT13<br \/> Fonte do Produto:Importado<br \/> \u00c9 kit:N\u00e3o<br \/> Instrumento Recomendado:Viol\u00e3o A\u00e7o<br \/> Codigo Universal do Produto:019954121211<br \/> Condi\u00e7\u00e3o do item:Novo<br \/> Escala da Corda:N\/A<br \/> Instrumento recomendado:Viol\u00e3o A\u00e7o<br \/> Origem:Estados Unidos<br \/> S\u00e9rie:FLAT TOPS PHOSPHOR BRONZE<br \/> Notas:E B G D A E<br \/> Calibres:.016 .019 .028 .036 .044 .056<\/p>\n<p><\/p>","protected":false},"excerpt":{"rendered":"<p>As Flat Tops recebem um polimento suave composto por tr\u00eas fases. Este processo produz uma delicada superf\u00edcie &#8220;semi-flat&#8221; confort\u00e1vel de tocar, sem sacrificar o som vivo e o sustain associados \u00e0s cordas Phosphor Bronze. As Flat Tops s\u00e3o excelentes para grava\u00e7\u00e3o e reduzem bastante os ru\u00eddos provocados pelo atrito entre os dedos e as cordas.? [&hellip;]<\/p>\n","protected":false},"featured_media":3067,"comment_status":"open","ping_status":"closed","template":"","meta":{"om_disable_all_campaigns":false,"jetpack_publicize_message":"","jetpack_publicize_feature_enabled":true,"jetpack_social_post_already_shared":false,"jetpack_social_options":{"image_generator_settings":{"template":"highway","default_image_id":0,"font":"","enabled":false},"version":2}},"product_brand":[160],"product_cat":[207,212],"product_tag":[605,601],"class_list":{"0":"post-2005","1":"product","2":"type-product","3":"status-publish","4":"has-post-thumbnail","6":"product_brand-daddario","7":"product_cat-acusticos","8":"product_cat-encordoamentos-aco","9":"product_tag-cordas-de-aco","10":"product_tag-encordoamento-violao-aco","12":"first","13":"instock","14":"shipping-taxable","15":"purchasable","16":"product-type-simple"},"aioseo_notices":[],"jetpack_publicize_connections":[],"jetpack_sharing_enabled":true,"_links":{"self":[{"href":"https:\/\/delaet.com.br\/en\/wp-json\/wp\/v2\/product\/2005","targetHints":{"allow":["GET"]}}],"collection":[{"href":"https:\/\/delaet.com.br\/en\/wp-json\/wp\/v2\/product"}],"about":[{"href":"https:\/\/delaet.com.br\/en\/wp-json\/wp\/v2\/types\/product"}],"replies":[{"embeddable":true,"href":"https:\/\/delaet.com.br\/en\/wp-json\/wp\/v2\/comments?post=2005"}],"wp:featuredmedia":[{"embeddable":true,"href":"https:\/\/delaet.com.br\/en\/wp-json\/wp\/v2\/media\/3067"}],"wp:attachment":[{"href":"https:\/\/delaet.com.br\/en\/wp-json\/wp\/v2\/media?parent=2005"}],"wp:term":[{"taxonomy":"product_brand","embeddable":true,"href":"https:\/\/delaet.com.br\/en\/wp-json\/wp\/v2\/product_brand?post=2005"},{"taxonomy":"product_cat","embeddable":true,"href":"https:\/\/delaet.com.br\/en\/wp-json\/wp\/v2\/product_cat?post=2005"},{"taxonomy":"product_tag","embeddable":true,"href":"https:\/\/delaet.com.br\/en\/wp-json\/wp\/v2\/product_tag?post=2005"}],"curies":[{"name":"wp","href":"https:\/\/api.w.org\/{rel}","templated":true}]}}