{"id":2100,"date":"2026-04-12T00:39:16","date_gmt":"2026-04-12T03:39:16","guid":{"rendered":"https:\/\/delaet.com.br\/pt_br\/loja\/produto\/encordoamento-violao-nylon-alliance-corum-savarez-500arj-f035\/"},"modified":"2026-04-12T23:19:10","modified_gmt":"2026-04-13T02:19:10","slug":"encordoamento-violao-nylon-alliance-corum-savarez-500arj-f035","status":"publish","type":"product","link":"https:\/\/delaet.com.br\/en\/loja\/produto\/encordoamento-violao-nylon-alliance-corum-savarez-500arj-f035\/","title":{"rendered":"Encordoamento Viol\u00e3o Nylon Alliance Corum Savarez 500ARJ"},"content":{"rendered":"<p>Cordas Primas: E1 &#8211; B2 &#8211; G3 As cordas primass ALLIANCE Fluor carbono oferecem um som n\u00edtido.  Oferece uma infinidade de nuances com nitidez nos agudos.  CORDAS BORD\u00d5ES: D4 &#8211; A5 &#8211; E6 CORUM Cordas Flex\u00edveis, enroladas em n\u00facleo de nylon.  Uma inova\u00e7\u00e3o da Savareznunca feita antes.  Encordoamento Viol\u00e3o Nylon H\u00edbrido Linha Alliance Corum Vermelha\/Azul Tens\u00e3o Normal\/Alta Savarez 500ARJ<\/p>\n<p>Calibres:N\/A<br \/> \u00c9 kit:N\u00e3o<br \/> Escala da Corda:Padr\u00e3o<br \/> Instrumento recomendado:Viol\u00e3o<br \/> Material:Nylon<br \/> Notas:E B G D A E<br \/> Quantidade de Cordas:6<br \/> Tens\u00e3o:Alta<br \/> Tipo de Corda:Nylon<br \/> Unidades por Embalagem:1<\/p>\n<p> Condi\u00e7\u00e3o do item:Novo<br \/> Fonte do Produto:Importado<br \/> G\u00eanero:Unissex<br \/> Marca:Savarez<br \/> Modelo:500ARJ<br \/> Origem:Fran\u00e7a<br \/> SKU:039153<br \/> C\u00f3digo de Barras:698502500052<br \/> N\u00famero de pe\u00e7a:500ARJ<br \/> Comprimento da embalagem:26 cm<br \/> Largura da embalagem:24 cm<br \/> Altura da embalagem:2 cm<br \/> Peso da embalagem:10 g<br \/> Tipo da embalagem:Sem embalagem adicional<\/p>\n<p><\/p>","protected":false},"excerpt":{"rendered":"<p>Cordas Primas: E1 &#8211; B2 &#8211; G3 As cordas primass ALLIANCE Fluor carbono oferecem um som n\u00edtido. Oferece uma infinidade de nuances com nitidez nos agudos. CORDAS BORD\u00d5ES: D4 &#8211; A5 &#8211; E6 CORUM Cordas Flex\u00edveis, enroladas em n\u00facleo de nylon. Uma inova\u00e7\u00e3o da Savareznunca feita antes. Encordoamento Viol\u00e3o Nylon H\u00edbrido Linha Alliance Corum Vermelha\/Azul [&hellip;]<\/p>\n","protected":false},"featured_media":3151,"comment_status":"open","ping_status":"closed","template":"","meta":{"om_disable_all_campaigns":false,"_monsterinsights_skip_tracking":false,"_monsterinsights_sitenote_active":false,"_monsterinsights_sitenote_note":"","_monsterinsights_sitenote_category":0,"jetpack_publicize_message":"","jetpack_publicize_feature_enabled":true,"jetpack_social_post_already_shared":false,"jetpack_social_options":{"image_generator_settings":{"template":"highway","default_image_id":0,"font":"","enabled":false},"version":2}},"product_brand":[171],"product_cat":[207,211],"product_tag":[604,603],"class_list":{"0":"post-2100","1":"product","2":"type-product","3":"status-publish","4":"has-post-thumbnail","6":"product_brand-savarez","7":"product_cat-acusticos","8":"product_cat-encordoamentos-nylon","9":"product_tag-cordas-nylon","10":"product_tag-encordoamento-violao-nylon","12":"first","13":"instock","14":"shipping-taxable","15":"purchasable","16":"product-type-simple"},"aioseo_notices":[],"jetpack_publicize_connections":[],"jetpack_sharing_enabled":true,"_links":{"self":[{"href":"https:\/\/delaet.com.br\/en\/wp-json\/wp\/v2\/product\/2100","targetHints":{"allow":["GET"]}}],"collection":[{"href":"https:\/\/delaet.com.br\/en\/wp-json\/wp\/v2\/product"}],"about":[{"href":"https:\/\/delaet.com.br\/en\/wp-json\/wp\/v2\/types\/product"}],"replies":[{"embeddable":true,"href":"https:\/\/delaet.com.br\/en\/wp-json\/wp\/v2\/comments?post=2100"}],"wp:featuredmedia":[{"embeddable":true,"href":"https:\/\/delaet.com.br\/en\/wp-json\/wp\/v2\/media\/3151"}],"wp:attachment":[{"href":"https:\/\/delaet.com.br\/en\/wp-json\/wp\/v2\/media?parent=2100"}],"wp:term":[{"taxonomy":"product_brand","embeddable":true,"href":"https:\/\/delaet.com.br\/en\/wp-json\/wp\/v2\/product_brand?post=2100"},{"taxonomy":"product_cat","embeddable":true,"href":"https:\/\/delaet.com.br\/en\/wp-json\/wp\/v2\/product_cat?post=2100"},{"taxonomy":"product_tag","embeddable":true,"href":"https:\/\/delaet.com.br\/en\/wp-json\/wp\/v2\/product_tag?post=2100"}],"curies":[{"name":"wp","href":"https:\/\/api.w.org\/{rel}","templated":true}]}}