{"id":2110,"date":"2026-04-12T00:39:39","date_gmt":"2026-04-12T03:39:39","guid":{"rendered":"https:\/\/delaet.com.br\/pt_br\/loja\/produto\/encordoamento-violao-nylon-d-addario-classic-student-ej27n-f035\/"},"modified":"2026-04-16T12:16:33","modified_gmt":"2026-04-16T15:16:33","slug":"encordoamento-violao-nylon-d-addario-classic-student-ej27n-f035","status":"publish","type":"product","link":"https:\/\/delaet.com.br\/en\/loja\/produto\/encordoamento-violao-nylon-d-addario-classic-student-ej27n-f035\/","title":{"rendered":"Encordoamento Viol\u00e3o Nylon D\u00b4Addario Classic Student EJ27N"},"content":{"rendered":"<p>As cordas D Addario Student s\u00e3o \u00f3timas para estudantes, iniciantes e profissionais. Cada set cont\u00e9m as primas de nylon e bord\u00f5es em cobre prateado para o equil\u00edbrio ideal em um timbre quente e projetado com grande durabilidade.?<\/p>\n<p>Origem:Estados Unidos<br \/> Unidades por Embalagem:1<br \/> G\u00eanero:Unissex<br \/> Material:A\u00e7o + Nylon<br \/> Linha:STUDENT NYLON<br \/> Tipo de Corda:ROUNDWOUND + NYLON<br \/> Quantidade de Cordas:6<br \/> Tens\u00e3o:Media<br \/> Instrumento Recomendado:Viol\u00e3o Nylon<\/p>\n<p> Codigo Universal do Produto:019954951139<br \/> Condi\u00e7\u00e3o do item:Novo<br \/> Escala da Corda:N\/A<br \/> Fonte do Produto:Importado<br \/> Instrumento recomendado:Viol\u00e3o Nylon<br \/> MPN:EJ27N<br \/> Marca:D<br \/> Modelo:EJ27N<br \/> SKU:012317<br \/> S\u00e9rie:STUDENT NYLON<br \/> \u00c9 kit:N\u00e3o<br \/> Notas:E B G D A E<br \/> Calibres:.028 .0322 .0403 .029 .035 .043<\/p>\n<p><\/p>","protected":false},"excerpt":{"rendered":"<p>As cordas D Addario Student s\u00e3o \u00f3timas para estudantes, iniciantes e profissionais. Cada set cont\u00e9m as primas de nylon e bord\u00f5es em cobre prateado para o equil\u00edbrio ideal em um timbre quente e projetado com grande durabilidade.? Origem:Estados Unidos Unidades por Embalagem:1 G\u00eanero:Unissex Material:A\u00e7o + Nylon Linha:STUDENT NYLON Tipo de Corda:ROUNDWOUND + NYLON Quantidade de [&hellip;]<\/p>\n","protected":false},"featured_media":3156,"comment_status":"open","ping_status":"closed","template":"","meta":{"om_disable_all_campaigns":false,"jetpack_publicize_message":"","jetpack_publicize_feature_enabled":true,"jetpack_social_post_already_shared":false,"jetpack_social_options":{"image_generator_settings":{"template":"highway","default_image_id":0,"font":"","enabled":false},"version":2}},"product_brand":[160],"product_cat":[207,211],"product_tag":[604,603],"class_list":{"0":"post-2110","1":"product","2":"type-product","3":"status-publish","4":"has-post-thumbnail","6":"product_brand-daddario","7":"product_cat-acusticos","8":"product_cat-encordoamentos-nylon","9":"product_tag-cordas-nylon","10":"product_tag-encordoamento-violao-nylon","12":"first","13":"instock","14":"sale","15":"shipping-taxable","16":"purchasable","17":"product-type-simple"},"aioseo_notices":[],"jetpack_publicize_connections":[],"jetpack_sharing_enabled":true,"_links":{"self":[{"href":"https:\/\/delaet.com.br\/en\/wp-json\/wp\/v2\/product\/2110","targetHints":{"allow":["GET"]}}],"collection":[{"href":"https:\/\/delaet.com.br\/en\/wp-json\/wp\/v2\/product"}],"about":[{"href":"https:\/\/delaet.com.br\/en\/wp-json\/wp\/v2\/types\/product"}],"replies":[{"embeddable":true,"href":"https:\/\/delaet.com.br\/en\/wp-json\/wp\/v2\/comments?post=2110"}],"wp:featuredmedia":[{"embeddable":true,"href":"https:\/\/delaet.com.br\/en\/wp-json\/wp\/v2\/media\/3156"}],"wp:attachment":[{"href":"https:\/\/delaet.com.br\/en\/wp-json\/wp\/v2\/media?parent=2110"}],"wp:term":[{"taxonomy":"product_brand","embeddable":true,"href":"https:\/\/delaet.com.br\/en\/wp-json\/wp\/v2\/product_brand?post=2110"},{"taxonomy":"product_cat","embeddable":true,"href":"https:\/\/delaet.com.br\/en\/wp-json\/wp\/v2\/product_cat?post=2110"},{"taxonomy":"product_tag","embeddable":true,"href":"https:\/\/delaet.com.br\/en\/wp-json\/wp\/v2\/product_tag?post=2110"}],"curies":[{"name":"wp","href":"https:\/\/api.w.org\/{rel}","templated":true}]}}