{"id":2122,"date":"2026-04-12T00:40:36","date_gmt":"2026-04-12T03:40:36","guid":{"rendered":"https:\/\/delaet.com.br\/pt_br\/loja\/produto\/encordoamento-violao-nylon-savarez-alliance-corum-500ar-f035\/"},"modified":"2026-04-16T15:01:03","modified_gmt":"2026-04-16T18:01:03","slug":"encordoamento-violao-nylon-savarez-alliance-corum-500ar-f035","status":"publish","type":"product","link":"https:\/\/delaet.com.br\/en\/loja\/produto\/encordoamento-violao-nylon-savarez-alliance-corum-500ar-f035\/","title":{"rendered":"Encordoamento Viol\u00e3o Nylon Savarez Alliance Corum 500AR"},"content":{"rendered":"<p><strong>Qualidade e Performance<\/p>\n<p><\/strong>O Encordoamento Savarez Alliance Corum Normal Tension 500Ar \u00e9 composto por cordas de tens\u00e3o m\u00e9dia desenvolvidas com tecnologia exclusiva da marca Savarez. Os baixos CORUM s\u00e3o constitu\u00eddos por um n\u00facleo de nylon com um revestimento male\u00e1vel que confere maior flexibilidade \u00e0s cordas, deixando-as mais macias, incrementando o conforto e a tocabilidade.<\/p>\n<p><strong>Timbre e Conforto<\/p>\n<p><\/strong>As cordas agudas Alliance t\u00eam composi\u00e7\u00e3o a base de carbono (fluorocarbono). Essa composi\u00e7\u00e3o gera produ\u00e7\u00e3o de sons claros, brilhantes que se mant\u00e9m mesmo em posi\u00e7\u00f5es altas do bra\u00e7o (notas agudas). A terceira corda em carbono ameniza a transi\u00e7\u00e3o contrastante de timbre da quarta para a terceira corda que ocorre nos encordoamentos a base de nylon.<\/p>\n<p>Adquira j\u00e1 seu Encordoamento Savarez Corum 500 AR, e perceba em cada detalhe o trabalho de excel\u00eancia que \u00e9 a assinatura dos produtos Savarez!<\/p>\n<p><strong>Sobre a Marca<\/p>\n<p><\/strong>A Savarez manteve sua reputa\u00e7\u00e3o e excel\u00eancia em quase dois s\u00e9culos de exist\u00eancia. Desde 1770, A marca francesa \u00e9 associada a qualidade, virtuosismo, produtos de primeira e ampla linha de cordas para viol\u00f5es de diversos modelos, como cl\u00e1ssico e flamenco. \u00c9 sem d\u00favida, uma das mais tradicionais marcas de encordamento no mundo.<br \/>\nOferecendo um som brilhante, as cordas Savarez proporcionam equil\u00edbrio de tens\u00e3o, durabilidade e s\u00e3o produzidas com materiais de primeira, criteriosamente selecionados, como fibra de carbono. Com foco na alta performance, sem duvida o musico que escolhe o encordoamento Savarez leva uma das melhores marcas do mercado.<\/p>\n<p>Imagens meramente ilustrativas.<\/p>\n<p>Todos os nossos produtos acompanham Nota Fiscal e Garantia de F\u00e1brica ou do Distribuidor Oficial Autorizado.<\/p>\n<p>&nbsp;<\/p>\n<p><strong>Detalhes do Produto<br \/>\n<\/strong><br \/>\n&#8211; Tens\u00e3o Normal\/\/M\u00e9dia\/Standard<br \/>\n&#8211; Revestimento a Base de Carbono<br \/>\n&#8211; Fabricado na Fran\u00e7a<br \/>\n&#8211; Garantia de 90 Dias<\/p>\n<p><strong>Calibre e Tens\u00f5es Detalhados da Corda<\/p>\n<p><\/strong>E1 (mi): 0,024\u201d \/ 0,620 mm 7,9kg<br \/>\nB2 (si): 0,027\u201d \/ 0,690 mm 5,9kg<br \/>\nG3 (sol): 0,033\u201d \/ 0,840 mm 5,8kg<br \/>\nD4 (r\u00e9) 0,027&#8243; \/ 0,700 mm 6,4kg<br \/>\nA5 (l\u00e1) 0,034&#8243; \/ 0,860 mm 6,4kg<br \/>\nE6 (m\u00ed) 0,043&#8243; \/ 1,090 mm 6,5kg<\/p>\n<p>Codigo Universal do Produto:698502500021<br \/>\nCondicao do item:Novo<br \/>\nFonte do Produto:Importado<br \/>\nGenero:Unissex<br \/>\nLinha:Alliance Corum<br \/>\nMPN:500AR<br \/>\nMarca:Savarez<br \/>\nMaterial:Nylon<br \/>\nModelo:500AR<br \/>\nOrigem:Fran\u00e7a<br \/>\nQuantidade de Cordas:6<br \/>\nSKU:008812<br \/>\nSerie:Alliance Corum<br \/>\nTensao:M\u00e9dia<br \/>\nTipo de Corda:Roundwound+Nylon<br \/>\nUnidades por Embalagem:1<br \/>\nE kit:N\u00e3o<br \/>\nInstrumento Recomendado:Viol\u00e3o Nylon<\/p>","protected":false},"excerpt":{"rendered":"<p>Qualidade e Performance O Encordoamento Savarez Alliance Corum Normal Tension 500Ar \u00e9 composto por cordas de tens\u00e3o m\u00e9dia desenvolvidas com tecnologia exclusiva da marca Savarez. Os baixos CORUM s\u00e3o constitu\u00eddos por um n\u00facleo de nylon com um revestimento male\u00e1vel que confere maior flexibilidade \u00e0s cordas, deixando-as mais macias, incrementando o conforto e a tocabilidade. Timbre [&hellip;]<\/p>\n","protected":false},"featured_media":3165,"comment_status":"open","ping_status":"closed","template":"","meta":{"om_disable_all_campaigns":false,"_monsterinsights_skip_tracking":false,"_monsterinsights_sitenote_active":false,"_monsterinsights_sitenote_note":"","_monsterinsights_sitenote_category":0,"jetpack_publicize_message":"","jetpack_publicize_feature_enabled":true,"jetpack_social_post_already_shared":false,"jetpack_social_options":{"image_generator_settings":{"template":"highway","default_image_id":0,"font":"","enabled":false},"version":2}},"product_brand":[171],"product_cat":[207,211],"product_tag":[604,603],"class_list":{"0":"post-2122","1":"product","2":"type-product","3":"status-publish","4":"has-post-thumbnail","6":"product_brand-savarez","7":"product_cat-acusticos","8":"product_cat-encordoamentos-nylon","9":"product_tag-cordas-nylon","10":"product_tag-encordoamento-violao-nylon","12":"first","13":"instock","14":"sale","15":"shipping-taxable","16":"purchasable","17":"product-type-simple"},"aioseo_notices":[],"jetpack_publicize_connections":[],"jetpack_sharing_enabled":true,"_links":{"self":[{"href":"https:\/\/delaet.com.br\/en\/wp-json\/wp\/v2\/product\/2122","targetHints":{"allow":["GET"]}}],"collection":[{"href":"https:\/\/delaet.com.br\/en\/wp-json\/wp\/v2\/product"}],"about":[{"href":"https:\/\/delaet.com.br\/en\/wp-json\/wp\/v2\/types\/product"}],"replies":[{"embeddable":true,"href":"https:\/\/delaet.com.br\/en\/wp-json\/wp\/v2\/comments?post=2122"}],"wp:featuredmedia":[{"embeddable":true,"href":"https:\/\/delaet.com.br\/en\/wp-json\/wp\/v2\/media\/3165"}],"wp:attachment":[{"href":"https:\/\/delaet.com.br\/en\/wp-json\/wp\/v2\/media?parent=2122"}],"wp:term":[{"taxonomy":"product_brand","embeddable":true,"href":"https:\/\/delaet.com.br\/en\/wp-json\/wp\/v2\/product_brand?post=2122"},{"taxonomy":"product_cat","embeddable":true,"href":"https:\/\/delaet.com.br\/en\/wp-json\/wp\/v2\/product_cat?post=2122"},{"taxonomy":"product_tag","embeddable":true,"href":"https:\/\/delaet.com.br\/en\/wp-json\/wp\/v2\/product_tag?post=2122"}],"curies":[{"name":"wp","href":"https:\/\/api.w.org\/{rel}","templated":true}]}}