{"id":2128,"date":"2026-04-12T00:41:06","date_gmt":"2026-04-12T03:41:06","guid":{"rendered":"https:\/\/delaet.com.br\/pt_br\/loja\/produto\/encordoamento-violao-nylon-savarez-creation-cantiga-510mr-f035\/"},"modified":"2026-04-12T23:12:02","modified_gmt":"2026-04-13T02:12:02","slug":"encordoamento-violao-nylon-savarez-creation-cantiga-510mr-f035","status":"publish","type":"product","link":"https:\/\/delaet.com.br\/en\/loja\/produto\/encordoamento-violao-nylon-savarez-creation-cantiga-510mr-f035\/","title":{"rendered":"Encordoamento Viol\u00e3o Nylon Savarez Creation Cantiga 510MR"},"content":{"rendered":"<p>Conjunto de cordas elaboradas pelas primas MI (E1) e SI (B2) New Corum Cristal produzidas em nylon transparente aprimorado, cordas lisas com sonoridade definidas e harm\u00f4nicos encorpados, nas tradicionais medidas de calibres para cordas de nylon. Prima SOL (G3) da s\u00e9rie Alliance com cordas mais finas em fluorcarbono, oferecendo uma sonoridade definida em todas as cordas agudas, com uma infinidade de nuances e harm\u00f4nicos incompar\u00e1veis nas notas mais altas. A SOL (G3) harmoniza perfeitamente com as demais primas, deixando a melodias agudas extremamente uniformes. Bord\u00f5es Cantiga: cordas notavelmente diferentes com r\u00e1pida precis\u00e3o nas respostas. N\u00facleo feito com mat\u00e9ria-prima exclusiva, tornando as cordas graves Cantiga inovadoras, com excelentes caracter\u00edsticas e f\u00e1cil tocabilidade.<\/p>\n<p>Instrumento Recomendado:Viol\u00e3o Nylon<br \/> Calibre da Corda:0.043 .034 .030 .033 .033 .029<\/p>\n<p> Codigo Universal do Produto:698502504029<br \/> Condicao do item:Novo<br \/> Escala da Corda:0.043<br \/> Fonte do Produto:Importado<br \/> Genero:Unissex<br \/> Linha:Creation Cantiga<br \/> MPN:510MR<br \/> Marca:Savarez<br \/> Material:Nylon<br \/> Modelo:510MR<br \/> Origem:Fran\u00e7a<br \/> Quantidade de Cordas:6<br \/> SKU:034865<br \/> Serie:Creation Cantiga<br \/> Tensao:M\u00e9dia<br \/> Tipo de Corda:Roundwound+Nylon<br \/> Unidades por Embalagem:1<br \/> E kit:N\u00e3o<\/p>\n<p><\/p>","protected":false},"excerpt":{"rendered":"<p>Conjunto de cordas elaboradas pelas primas MI (E1) e SI (B2) New Corum Cristal produzidas em nylon transparente aprimorado, cordas lisas com sonoridade definidas e harm\u00f4nicos encorpados, nas tradicionais medidas de calibres para cordas de nylon. Prima SOL (G3) da s\u00e9rie Alliance com cordas mais finas em fluorcarbono, oferecendo uma sonoridade definida em todas as&hellip;<\/p>","protected":false},"featured_media":3168,"comment_status":"open","ping_status":"closed","template":"","meta":{"om_disable_all_campaigns":false,"_monsterinsights_skip_tracking":false,"_monsterinsights_sitenote_active":false,"_monsterinsights_sitenote_note":"","_monsterinsights_sitenote_category":0,"jetpack_publicize_message":"","jetpack_publicize_feature_enabled":true,"jetpack_social_post_already_shared":false,"jetpack_social_options":{"image_generator_settings":{"template":"highway","default_image_id":0,"font":"","enabled":false},"version":2}},"product_brand":[171],"product_cat":[207,211],"product_tag":[604,603],"class_list":{"0":"post-2128","1":"product","2":"type-product","3":"status-publish","4":"has-post-thumbnail","6":"product_brand-savarez","7":"product_cat-acusticos","8":"product_cat-encordoamentos-nylon","9":"product_tag-cordas-nylon","10":"product_tag-encordoamento-violao-nylon","12":"first","13":"instock","14":"shipping-taxable","15":"purchasable","16":"product-type-simple"},"aioseo_notices":[],"jetpack_publicize_connections":[],"jetpack_sharing_enabled":true,"_links":{"self":[{"href":"https:\/\/delaet.com.br\/en\/wp-json\/wp\/v2\/product\/2128","targetHints":{"allow":["GET"]}}],"collection":[{"href":"https:\/\/delaet.com.br\/en\/wp-json\/wp\/v2\/product"}],"about":[{"href":"https:\/\/delaet.com.br\/en\/wp-json\/wp\/v2\/types\/product"}],"replies":[{"embeddable":true,"href":"https:\/\/delaet.com.br\/en\/wp-json\/wp\/v2\/comments?post=2128"}],"wp:featuredmedia":[{"embeddable":true,"href":"https:\/\/delaet.com.br\/en\/wp-json\/wp\/v2\/media\/3168"}],"wp:attachment":[{"href":"https:\/\/delaet.com.br\/en\/wp-json\/wp\/v2\/media?parent=2128"}],"wp:term":[{"taxonomy":"product_brand","embeddable":true,"href":"https:\/\/delaet.com.br\/en\/wp-json\/wp\/v2\/product_brand?post=2128"},{"taxonomy":"product_cat","embeddable":true,"href":"https:\/\/delaet.com.br\/en\/wp-json\/wp\/v2\/product_cat?post=2128"},{"taxonomy":"product_tag","embeddable":true,"href":"https:\/\/delaet.com.br\/en\/wp-json\/wp\/v2\/product_tag?post=2128"}],"curies":[{"name":"wp","href":"https:\/\/api.w.org\/{rel}","templated":true}]}}