{"id":2131,"date":"2026-04-12T00:41:16","date_gmt":"2026-04-12T03:41:16","guid":{"rendered":"https:\/\/delaet.com.br\/pt_br\/loja\/produto\/encordoamento-violao-nylon-savarez-creation-cantiga-510mrj-f035\/"},"modified":"2026-04-16T11:30:34","modified_gmt":"2026-04-16T14:30:34","slug":"encordoamento-violao-nylon-savarez-creation-cantiga-510mrj-f035","status":"publish","type":"product","link":"https:\/\/delaet.com.br\/en\/loja\/produto\/encordoamento-violao-nylon-savarez-creation-cantiga-510mrj-f035\/","title":{"rendered":"Encordoamento Viol\u00e3o Nylon Savarez Creation Cantiga 510MRJ"},"content":{"rendered":"<p>Conjunto de cordas elaboradas pelas primas MI (E1) e SI (B2) New Corum Cristal produzidas em nylon transparente aprimorado, cordas lisas com sonoridade definidas e harm\u00f4nicos encorpados, nas tradicionais medidas de calibres para cordas de nylon. Prima SOL (G3) da s\u00e9rie Alliance com cordas mais finas em fluorcarbono, oferecendo uma sonoridade definida em todas as cordas agudas, com uma infinidade de nuances e harm\u00f4nicos incompar\u00e1veis nas notas mais altas. A SOL (G3) harmoniza perfeitamente com as demais primas, deixando a melodias agudas extremamente uniformes. Bord\u00f5es Cantiga: cordas notavelmente diferentes com r\u00e1pida precis\u00e3o nas respostas. N\u00facleo feito com mat\u00e9ria-prima exclusiva, tornando as cordas graves Cantiga inovadoras, com excelentes caracter\u00edsticas e f\u00e1cil tocabilidade.<\/p>\n<p>Calibres:N\/A<br \/> \u00c9 kit:N\u00e3o<br \/> Escala da Corda:Padr\u00e3o<br \/> Instrumento recomendado:Viol\u00e3o<br \/> Material:Nylon<br \/> Notas:E B G D A E<br \/> Quantidade de Cordas:6<br \/> Tens\u00e3o:Normal<br \/> Tipo de Corda:Nylon<br \/> Unidades por Embalagem:1<\/p>\n<p> Condi\u00e7\u00e3o do item:Novo<br \/> Fonte do Produto:Importado<br \/> G\u00eanero:Unissex<br \/> Marca:Savarez<br \/> Modelo:510MRJ<br \/> Origem:Fran\u00e7a<br \/> SKU:035005<br \/> C\u00f3digo de Barras:698502504791<br \/> N\u00famero de pe\u00e7a:510MRJ<br \/> Comprimento da embalagem:26 cm<br \/> Largura da embalagem:24 cm<br \/> Altura da embalagem:2 cm<br \/> Peso da embalagem:10 g<br \/> Tipo da embalagem:Sem embalagem adicional<\/p>\n<p><\/p>","protected":false},"excerpt":{"rendered":"<p>Conjunto de cordas elaboradas pelas primas MI (E1) e SI (B2) New Corum Cristal produzidas em nylon transparente aprimorado, cordas lisas com sonoridade definidas e harm\u00f4nicos encorpados, nas tradicionais medidas de calibres para cordas de nylon. Prima SOL (G3) da s\u00e9rie Alliance com cordas mais finas em fluorcarbono, oferecendo uma sonoridade definida em todas as [&hellip;]<\/p>\n","protected":false},"featured_media":3169,"comment_status":"open","ping_status":"closed","template":"","meta":{"om_disable_all_campaigns":false,"_monsterinsights_skip_tracking":false,"_monsterinsights_sitenote_active":false,"_monsterinsights_sitenote_note":"","_monsterinsights_sitenote_category":0,"jetpack_publicize_message":"","jetpack_publicize_feature_enabled":true,"jetpack_social_post_already_shared":false,"jetpack_social_options":{"image_generator_settings":{"template":"highway","default_image_id":0,"font":"","enabled":false},"version":2}},"product_brand":[171],"product_cat":[207,211],"product_tag":[604,603],"class_list":{"0":"post-2131","1":"product","2":"type-product","3":"status-publish","4":"has-post-thumbnail","6":"product_brand-savarez","7":"product_cat-acusticos","8":"product_cat-encordoamentos-nylon","9":"product_tag-cordas-nylon","10":"product_tag-encordoamento-violao-nylon","12":"first","13":"instock","14":"sale","15":"shipping-taxable","16":"purchasable","17":"product-type-simple"},"aioseo_notices":[],"jetpack_publicize_connections":[],"jetpack_sharing_enabled":true,"_links":{"self":[{"href":"https:\/\/delaet.com.br\/en\/wp-json\/wp\/v2\/product\/2131","targetHints":{"allow":["GET"]}}],"collection":[{"href":"https:\/\/delaet.com.br\/en\/wp-json\/wp\/v2\/product"}],"about":[{"href":"https:\/\/delaet.com.br\/en\/wp-json\/wp\/v2\/types\/product"}],"replies":[{"embeddable":true,"href":"https:\/\/delaet.com.br\/en\/wp-json\/wp\/v2\/comments?post=2131"}],"wp:featuredmedia":[{"embeddable":true,"href":"https:\/\/delaet.com.br\/en\/wp-json\/wp\/v2\/media\/3169"}],"wp:attachment":[{"href":"https:\/\/delaet.com.br\/en\/wp-json\/wp\/v2\/media?parent=2131"}],"wp:term":[{"taxonomy":"product_brand","embeddable":true,"href":"https:\/\/delaet.com.br\/en\/wp-json\/wp\/v2\/product_brand?post=2131"},{"taxonomy":"product_cat","embeddable":true,"href":"https:\/\/delaet.com.br\/en\/wp-json\/wp\/v2\/product_cat?post=2131"},{"taxonomy":"product_tag","embeddable":true,"href":"https:\/\/delaet.com.br\/en\/wp-json\/wp\/v2\/product_tag?post=2131"}],"curies":[{"name":"wp","href":"https:\/\/api.w.org\/{rel}","templated":true}]}}