{"id":2134,"date":"2026-04-12T00:41:27","date_gmt":"2026-04-12T03:41:27","guid":{"rendered":"https:\/\/delaet.com.br\/pt_br\/loja\/produto\/encordoamento-violao-nylon-savarez-creation-cantiga-premium-f035\/"},"modified":"2026-04-22T19:38:54","modified_gmt":"2026-04-22T22:38:54","slug":"encordoamento-violao-nylon-savarez-creation-cantiga-premium-f035","status":"publish","type":"product","link":"https:\/\/delaet.com.br\/en\/loja\/produto\/encordoamento-violao-nylon-savarez-creation-cantiga-premium-f035\/","title":{"rendered":"Encordoamento Viol\u00e3o Nylon Savarez Creation Cantiga Premium"},"content":{"rendered":"<p>A Savarez criou as cordas mais aguardadas pelos m\u00fasicos combinando as vantagens do nylon composto para as cordas primas MI (E.1) e SI (B.2) e SOL (G.3), resultando no encordoamento Creation Cantiga. Os bord\u00f5es s\u00e3o elaborados com mat\u00e9rias-primas muito inovadoras da s\u00e9rie Cantiga Premium. Seu desenvolvimento foi elaborado em m\u00e1quinas de \u00faltima gera\u00e7\u00e3o, controladas por computadores baseados em tecnologias de ponta.<\/p>\n<p>Calibre da Corda:0.029 0.033 0.033 0.030 0.034 0.043<\/p>\n<p> Codigo Universal do Produto:698502504906<br \/> Condicao do item:Novo<br \/> Escala da Corda:0.029<br \/> Fonte do Produto:Importado<br \/> Genero:Unissex<br \/> Linha:Creation Cantiga Premium<br \/> MPN:510MRP<br \/> Marca:Savarez<br \/> Material:Nylon<br \/> Modelo:510MRP<br \/> Origem:Fran\u00e7a<br \/> Quantidade de Cordas:6<br \/> SKU:035006<br \/> Serie:Creation Cantiga Premium<br \/> Tensao:M\u00e9dia<br \/> Tipo de Corda:Roundwound+Nylon<br \/> Unidades por Embalagem:1<br \/> E kit:N\u00e3o<\/p>\n<p><\/p>","protected":false},"excerpt":{"rendered":"<p>A Savarez criou as cordas mais aguardadas pelos m\u00fasicos combinando as vantagens do nylon composto para as cordas primas MI (E.1) e SI (B.2) e SOL (G.3), resultando no encordoamento Creation Cantiga. Os bord\u00f5es s\u00e3o elaborados com mat\u00e9rias-primas muito inovadoras da s\u00e9rie Cantiga Premium. Seu desenvolvimento foi elaborado em m\u00e1quinas de \u00faltima gera\u00e7\u00e3o, controladas por [&hellip;]<\/p>\n","protected":false},"featured_media":3171,"comment_status":"open","ping_status":"closed","template":"","meta":{"om_disable_all_campaigns":false,"_monsterinsights_skip_tracking":false,"_monsterinsights_sitenote_active":false,"_monsterinsights_sitenote_note":"","_monsterinsights_sitenote_category":0,"jetpack_publicize_message":"","jetpack_publicize_feature_enabled":true,"jetpack_social_post_already_shared":false,"jetpack_social_options":{"image_generator_settings":{"template":"highway","default_image_id":0,"font":"","enabled":false},"version":2}},"product_brand":[171],"product_cat":[207,211],"product_tag":[604,603],"class_list":{"0":"post-2134","1":"product","2":"type-product","3":"status-publish","4":"has-post-thumbnail","6":"product_brand-savarez","7":"product_cat-acusticos","8":"product_cat-encordoamentos-nylon","9":"product_tag-cordas-nylon","10":"product_tag-encordoamento-violao-nylon","12":"first","13":"instock","14":"shipping-taxable","15":"purchasable","16":"product-type-simple"},"aioseo_notices":[],"jetpack_publicize_connections":[],"jetpack_sharing_enabled":true,"_links":{"self":[{"href":"https:\/\/delaet.com.br\/en\/wp-json\/wp\/v2\/product\/2134","targetHints":{"allow":["GET"]}}],"collection":[{"href":"https:\/\/delaet.com.br\/en\/wp-json\/wp\/v2\/product"}],"about":[{"href":"https:\/\/delaet.com.br\/en\/wp-json\/wp\/v2\/types\/product"}],"replies":[{"embeddable":true,"href":"https:\/\/delaet.com.br\/en\/wp-json\/wp\/v2\/comments?post=2134"}],"wp:featuredmedia":[{"embeddable":true,"href":"https:\/\/delaet.com.br\/en\/wp-json\/wp\/v2\/media\/3171"}],"wp:attachment":[{"href":"https:\/\/delaet.com.br\/en\/wp-json\/wp\/v2\/media?parent=2134"}],"wp:term":[{"taxonomy":"product_brand","embeddable":true,"href":"https:\/\/delaet.com.br\/en\/wp-json\/wp\/v2\/product_brand?post=2134"},{"taxonomy":"product_cat","embeddable":true,"href":"https:\/\/delaet.com.br\/en\/wp-json\/wp\/v2\/product_cat?post=2134"},{"taxonomy":"product_tag","embeddable":true,"href":"https:\/\/delaet.com.br\/en\/wp-json\/wp\/v2\/product_tag?post=2134"}],"curies":[{"name":"wp","href":"https:\/\/api.w.org\/{rel}","templated":true}]}}