{"id":2147,"date":"2026-04-12T00:42:19","date_gmt":"2026-04-12T03:42:19","guid":{"rendered":"https:\/\/delaet.com.br\/pt_br\/loja\/produto\/encordoamento-violao-nylon-savarez-n-cristal-cantiga-premium-f035\/"},"modified":"2026-04-16T11:28:48","modified_gmt":"2026-04-16T14:28:48","slug":"encordoamento-violao-nylon-savarez-n-cristal-cantiga-premium-f035","status":"publish","type":"product","link":"https:\/\/delaet.com.br\/en\/loja\/produto\/encordoamento-violao-nylon-savarez-n-cristal-cantiga-premium-f035\/","title":{"rendered":"Encordoamento Viol\u00e3o Nylon Savarez N Cristal Cantiga Premium"},"content":{"rendered":"<p>As cordas New Cristal Cantiga Premium, s\u00e3o elaboradas em nylon transparente de alta qualidade. As principais caracter\u00edsticas deste nylon d\u00e3o \u00e0 corda sua sonoridade encorpada, bela e definida. As primas s\u00e3o os mesmas dos conjuntos New Cristal Cantiga. Os bord\u00f5es s\u00e3o elaborados com mat\u00e9rias-primas muito inovadoras da s\u00e9rie Cantiga Premium. Seu desenvolvimento foi elaborado em m\u00e1quinas de \u00faltima gera\u00e7\u00e3o, controladas por computadores com tecnologias de ponta.<\/p>\n<p>Instrumento Recomendado:Viol\u00e3o Nylon<br \/> Calibre da Corda:0.043 .034 .030 .034 .027 .024<\/p>\n<p> Codigo Universal do Produto:698502504869<br \/> Condicao do item:Novo<br \/> Escala da Corda:0.043<br \/> Fonte do Produto:Importado<br \/> Genero:Unissex<br \/> Linha:New Cristal Cantiga Premium<br \/> MPN:510CJP<br \/> Marca:Savarez<br \/> Material:Nylon<br \/> Modelo:510CJP<br \/> Origem:Fran\u00e7a<br \/> Quantidade de Cordas:6<br \/> SKU:034862<br \/> Serie:New Cristal Cantiga Premium<br \/> Tensao:Alta<br \/> Tipo de Corda:Roundwound+Nylon<br \/> Unidades por Embalagem:1<br \/> E kit:N\u00e3o<\/p>\n<p><\/p>","protected":false},"excerpt":{"rendered":"<p>As cordas New Cristal Cantiga Premium, s\u00e3o elaboradas em nylon transparente de alta qualidade. As principais caracter\u00edsticas deste nylon d\u00e3o \u00e0 corda sua sonoridade encorpada, bela e definida. As primas s\u00e3o os mesmas dos conjuntos New Cristal Cantiga. Os bord\u00f5es s\u00e3o elaborados com mat\u00e9rias-primas muito inovadoras da s\u00e9rie Cantiga Premium. Seu desenvolvimento foi elaborado em [&hellip;]<\/p>\n","protected":false},"featured_media":3178,"comment_status":"open","ping_status":"closed","template":"","meta":{"om_disable_all_campaigns":false,"jetpack_publicize_message":"","jetpack_publicize_feature_enabled":true,"jetpack_social_post_already_shared":false,"jetpack_social_options":{"image_generator_settings":{"template":"highway","default_image_id":0,"font":"","enabled":false},"version":2}},"product_brand":[171],"product_cat":[207,211],"product_tag":[604,603],"class_list":{"0":"post-2147","1":"product","2":"type-product","3":"status-publish","4":"has-post-thumbnail","6":"product_brand-savarez","7":"product_cat-acusticos","8":"product_cat-encordoamentos-nylon","9":"product_tag-cordas-nylon","10":"product_tag-encordoamento-violao-nylon","12":"first","13":"instock","14":"sale","15":"shipping-taxable","16":"purchasable","17":"product-type-simple"},"aioseo_notices":[],"jetpack_publicize_connections":[],"jetpack_sharing_enabled":true,"_links":{"self":[{"href":"https:\/\/delaet.com.br\/en\/wp-json\/wp\/v2\/product\/2147","targetHints":{"allow":["GET"]}}],"collection":[{"href":"https:\/\/delaet.com.br\/en\/wp-json\/wp\/v2\/product"}],"about":[{"href":"https:\/\/delaet.com.br\/en\/wp-json\/wp\/v2\/types\/product"}],"replies":[{"embeddable":true,"href":"https:\/\/delaet.com.br\/en\/wp-json\/wp\/v2\/comments?post=2147"}],"wp:featuredmedia":[{"embeddable":true,"href":"https:\/\/delaet.com.br\/en\/wp-json\/wp\/v2\/media\/3178"}],"wp:attachment":[{"href":"https:\/\/delaet.com.br\/en\/wp-json\/wp\/v2\/media?parent=2147"}],"wp:term":[{"taxonomy":"product_brand","embeddable":true,"href":"https:\/\/delaet.com.br\/en\/wp-json\/wp\/v2\/product_brand?post=2147"},{"taxonomy":"product_cat","embeddable":true,"href":"https:\/\/delaet.com.br\/en\/wp-json\/wp\/v2\/product_cat?post=2147"},{"taxonomy":"product_tag","embeddable":true,"href":"https:\/\/delaet.com.br\/en\/wp-json\/wp\/v2\/product_tag?post=2147"}],"curies":[{"name":"wp","href":"https:\/\/api.w.org\/{rel}","templated":true}]}}