{"id":2151,"date":"2026-04-12T00:42:32","date_gmt":"2026-04-12T03:42:32","guid":{"rendered":"https:\/\/delaet.com.br\/pt_br\/loja\/produto\/encordoamento-violao-nylon-savarez-new-cristal-cantiga-f035\/"},"modified":"2026-04-16T11:27:38","modified_gmt":"2026-04-16T14:27:38","slug":"encordoamento-violao-nylon-savarez-new-cristal-cantiga-f035","status":"publish","type":"product","link":"https:\/\/delaet.com.br\/en\/loja\/produto\/encordoamento-violao-nylon-savarez-new-cristal-cantiga-f035\/","title":{"rendered":"Encordoamento Viol\u00e3o Nylon Savarez New Cristal Cantiga"},"content":{"rendered":"<p>Encordoamento para Viol\u00e3o Nylon Linha New Cristal Cantiga Tens\u00e3o H\u00edbrida 510CRJ. &#8211; Tens\u00e3o h\u00edbrida &#8211; 0.29 &#8211; 0.44<\/p>\n<p>Calibre da Corda:0.029 0.033 0.041 0.030 0.036 0.044<\/p>\n<p> Codigo Universal do Produto:698502503596<br \/> Condicao do item:Novo<br \/> Escala da Corda:0.029<br \/> Fonte do Produto:Importado<br \/> Genero:Unissex<br \/> Linha:New Cristal Cantiga<br \/> MPN:510CRJ<br \/> Marca:Savarez<br \/> Material:Nylon<br \/> Modelo:510CRJ<br \/> Origem:Fran\u00e7a<br \/> Quantidade de Cordas:6<br \/> SKU:035002<br \/> Serie:New Cristal Cantiga<br \/> Tensao:H\u00edbrida<br \/> Tipo de Corda:Roundwound+Nylon<br \/> Unidades por Embalagem:1<br \/> E kit:N\u00e3o<\/p>\n<p><\/p>","protected":false},"excerpt":{"rendered":"<p>Encordoamento para Viol\u00e3o Nylon Linha New Cristal Cantiga Tens\u00e3o H\u00edbrida 510CRJ. &#8211; Tens\u00e3o h\u00edbrida &#8211; 0.29 &#8211; 0.44 Calibre da Corda:0.029 0.033 0.041 0.030 0.036 0.044 Codigo Universal do Produto:698502503596 Condicao do item:Novo Escala da Corda:0.029 Fonte do Produto:Importado Genero:Unissex Linha:New Cristal Cantiga MPN:510CRJ Marca:Savarez Material:Nylon Modelo:510CRJ Origem:Fran\u00e7a Quantidade de Cordas:6 SKU:035002 Serie:New Cristal Cantiga [&hellip;]<\/p>\n","protected":false},"featured_media":3181,"comment_status":"open","ping_status":"closed","template":"","meta":{"om_disable_all_campaigns":false,"jetpack_publicize_message":"","jetpack_publicize_feature_enabled":true,"jetpack_social_post_already_shared":false,"jetpack_social_options":{"image_generator_settings":{"template":"highway","default_image_id":0,"font":"","enabled":false},"version":2}},"product_brand":[171],"product_cat":[207,211],"product_tag":[604,603],"class_list":{"0":"post-2151","1":"product","2":"type-product","3":"status-publish","4":"has-post-thumbnail","6":"product_brand-savarez","7":"product_cat-acusticos","8":"product_cat-encordoamentos-nylon","9":"product_tag-cordas-nylon","10":"product_tag-encordoamento-violao-nylon","12":"first","13":"instock","14":"sale","15":"shipping-taxable","16":"purchasable","17":"product-type-simple"},"aioseo_notices":[],"jetpack_publicize_connections":[],"jetpack_sharing_enabled":true,"_links":{"self":[{"href":"https:\/\/delaet.com.br\/en\/wp-json\/wp\/v2\/product\/2151","targetHints":{"allow":["GET"]}}],"collection":[{"href":"https:\/\/delaet.com.br\/en\/wp-json\/wp\/v2\/product"}],"about":[{"href":"https:\/\/delaet.com.br\/en\/wp-json\/wp\/v2\/types\/product"}],"replies":[{"embeddable":true,"href":"https:\/\/delaet.com.br\/en\/wp-json\/wp\/v2\/comments?post=2151"}],"wp:featuredmedia":[{"embeddable":true,"href":"https:\/\/delaet.com.br\/en\/wp-json\/wp\/v2\/media\/3181"}],"wp:attachment":[{"href":"https:\/\/delaet.com.br\/en\/wp-json\/wp\/v2\/media?parent=2151"}],"wp:term":[{"taxonomy":"product_brand","embeddable":true,"href":"https:\/\/delaet.com.br\/en\/wp-json\/wp\/v2\/product_brand?post=2151"},{"taxonomy":"product_cat","embeddable":true,"href":"https:\/\/delaet.com.br\/en\/wp-json\/wp\/v2\/product_cat?post=2151"},{"taxonomy":"product_tag","embeddable":true,"href":"https:\/\/delaet.com.br\/en\/wp-json\/wp\/v2\/product_tag?post=2151"}],"curies":[{"name":"wp","href":"https:\/\/api.w.org\/{rel}","templated":true}]}}