{"id":2157,"date":"2026-04-12T00:42:53","date_gmt":"2026-04-12T03:42:53","guid":{"rendered":"https:\/\/delaet.com.br\/pt_br\/loja\/produto\/encordoamento-violao-nylon-savarez-new-cristal-corum-500crj-f035\/"},"modified":"2026-04-16T11:24:52","modified_gmt":"2026-04-16T14:24:52","slug":"encordoamento-violao-nylon-savarez-new-cristal-corum-500crj-f035","status":"publish","type":"product","link":"https:\/\/delaet.com.br\/en\/loja\/produto\/encordoamento-violao-nylon-savarez-new-cristal-corum-500crj-f035\/","title":{"rendered":"Encordoamento Viol\u00e3o Nylon Savarez New Cristal Corum 500CRJ"},"content":{"rendered":"<p>Encordoamento para Viol\u00e3o Nylon Linha New Cristal Corum Tens\u00e3o H\u00edbrida 500CRJ. &#8211; Tens\u00e3o h\u00edbrida &#8211; Muita flexibilidade &#8211; Resposta r\u00e1pida &#8211; Mais nuances e din\u00e2mica sonora<\/p>\n<p>Calibre da Corda:0.029 0.033 0.041 0.029 0.034 0.044<\/p>\n<p> Codigo Universal do Produto:698502500090<br \/> Condicao do item:Novo<br \/> Escala da Corda:0.029<br \/> Fonte do Produto:Importado<br \/> Genero:Unissex<br \/> Linha:New Cristal Corum<br \/> MPN:500CRJ<br \/> Marca:Savarez<br \/> Material:Nylon<br \/> Modelo:500CRJ<br \/> Origem:Fran\u00e7a<br \/> Quantidade de Cordas:6<br \/> SKU:034989<br \/> Serie:New Cristal Corum<br \/> Tensao:H\u00edbrida<br \/> Tipo de Corda:Roundwound+Nylon<br \/> Unidades por Embalagem:1<br \/> E kit:N\u00e3o<\/p>\n<p><\/p>","protected":false},"excerpt":{"rendered":"<p>Encordoamento para Viol\u00e3o Nylon Linha New Cristal Corum Tens\u00e3o H\u00edbrida 500CRJ. &#8211; Tens\u00e3o h\u00edbrida &#8211; Muita flexibilidade &#8211; Resposta r\u00e1pida &#8211; Mais nuances e din\u00e2mica sonora Calibre da Corda:0.029 0.033 0.041 0.029 0.034 0.044 Codigo Universal do Produto:698502500090 Condicao do item:Novo Escala da Corda:0.029 Fonte do Produto:Importado Genero:Unissex Linha:New Cristal Corum MPN:500CRJ Marca:Savarez Material:Nylon Modelo:500CRJ [&hellip;]<\/p>\n","protected":false},"featured_media":3184,"comment_status":"open","ping_status":"closed","template":"","meta":{"om_disable_all_campaigns":false,"jetpack_publicize_message":"","jetpack_publicize_feature_enabled":true,"jetpack_social_post_already_shared":false,"jetpack_social_options":{"image_generator_settings":{"template":"highway","default_image_id":0,"font":"","enabled":false},"version":2}},"product_brand":[171],"product_cat":[207,211],"product_tag":[604,603],"class_list":{"0":"post-2157","1":"product","2":"type-product","3":"status-publish","4":"has-post-thumbnail","6":"product_brand-savarez","7":"product_cat-acusticos","8":"product_cat-encordoamentos-nylon","9":"product_tag-cordas-nylon","10":"product_tag-encordoamento-violao-nylon","12":"first","13":"instock","14":"sale","15":"shipping-taxable","16":"purchasable","17":"product-type-simple"},"aioseo_notices":[],"jetpack_publicize_connections":[],"jetpack_sharing_enabled":true,"_links":{"self":[{"href":"https:\/\/delaet.com.br\/en\/wp-json\/wp\/v2\/product\/2157","targetHints":{"allow":["GET"]}}],"collection":[{"href":"https:\/\/delaet.com.br\/en\/wp-json\/wp\/v2\/product"}],"about":[{"href":"https:\/\/delaet.com.br\/en\/wp-json\/wp\/v2\/types\/product"}],"replies":[{"embeddable":true,"href":"https:\/\/delaet.com.br\/en\/wp-json\/wp\/v2\/comments?post=2157"}],"wp:featuredmedia":[{"embeddable":true,"href":"https:\/\/delaet.com.br\/en\/wp-json\/wp\/v2\/media\/3184"}],"wp:attachment":[{"href":"https:\/\/delaet.com.br\/en\/wp-json\/wp\/v2\/media?parent=2157"}],"wp:term":[{"taxonomy":"product_brand","embeddable":true,"href":"https:\/\/delaet.com.br\/en\/wp-json\/wp\/v2\/product_brand?post=2157"},{"taxonomy":"product_cat","embeddable":true,"href":"https:\/\/delaet.com.br\/en\/wp-json\/wp\/v2\/product_cat?post=2157"},{"taxonomy":"product_tag","embeddable":true,"href":"https:\/\/delaet.com.br\/en\/wp-json\/wp\/v2\/product_tag?post=2157"}],"curies":[{"name":"wp","href":"https:\/\/api.w.org\/{rel}","templated":true}]}}