{"id":2159,"date":"2026-04-12T00:43:00","date_gmt":"2026-04-12T03:43:00","guid":{"rendered":"https:\/\/delaet.com.br\/pt_br\/loja\/produto\/encordoamento-violao-nylon-savarez-traditionnels-520b-f035\/"},"modified":"2026-04-16T15:13:52","modified_gmt":"2026-04-16T18:13:52","slug":"encordoamento-violao-nylon-savarez-traditionnels-520b-f035","status":"publish","type":"product","link":"https:\/\/delaet.com.br\/en\/loja\/produto\/encordoamento-violao-nylon-savarez-traditionnels-520b-f035\/","title":{"rendered":"Encordoamento Viol\u00e3o Nylon Savarez Traditionnels 520B"},"content":{"rendered":"<p>A Savarez manteve sua reputa\u00e7\u00e3o e excel\u00eancia em quase dois s\u00e9culos de exist\u00eancia. Desde 1770, esta marca francesa \u00e9 associada a qualidade, virtuosismo, produtos de primeira e ampla linha de cordas para viol\u00f5es de diversos modelos, como cl\u00e1ssico e flamenco.<br \/>\nSem duvida \u00e9 uma das mais tradicionais marcas de encordamento no mundo.<br \/>\nProporcionando um som brilhante, as cordas Savarez oferecem equil\u00edbrio de tens\u00e3o, durabilidade e s\u00e3o produzidas com materiais de primeira, criteriosamente selecionados, como fibra de carbono.<br \/>\nCom foco na alta performance, sem duvida o musico que escolhe o encordoamento Savarez leva uma das melhores marcas do mercado.<\/p>\n<p>Este modelo para viol\u00e3o cl\u00e1ssico possui tens\u00e3o leve tradicional em Nylon com alta tecnologia de fabrica\u00e7\u00e3o em laminas met\u00e1licas para as baixas e anti-corros\u00e3o.<\/p>\n<p>&#8211; Modelo SAVAREZ 520B;<br \/>\n&#8211; Tens\u00e3o leve (Low);<br \/>\n&#8211; Revestimento: Nylon e Silverplate-Wound.<\/p>\n<p>* Calibre detalhado das Cordas (in.):<\/p>\n<p>1\u00aaE(Mi)&#8212;&#8212;&#8212;&#8212;&#8212;&#8212;&#8212;&#8212;&#8212;&#8211;0.0264<br \/>\n2\u00aaB(SI)&#8212;&#8212;&#8212;&#8212;&#8212;&#8212;&#8212;&#8212;&#8212;&#8212;0.0315<br \/>\n3\u00aaG(Sol)&#8212;&#8212;&#8212;&#8212;&#8212;&#8212;&#8212;&#8212;&#8212;-0.0394<br \/>\n4\u00aaD(R\u00e9)&#8212;&#8212;&#8212;&#8212;&#8212;&#8212;&#8212;&#8212;&#8212;&#8211;0.0295<br \/>\n5\u00aaA(L\u00e1)&#8212;&#8212;&#8212;&#8212;&#8212;&#8212;&#8212;&#8212;&#8212;&#8212;0.0331<br \/>\n6\u00aaE(Mi)&#8212;&#8212;&#8212;&#8212;&#8212;&#8212;&#8212;&#8212;&#8212;&#8212;0.0409<\/p>\n<p>Codigo Universal do Produto:698502500571<br \/>\nCondicao do item:Novo<br \/>\nFonte do Produto:Importado<br \/>\nGenero:Unissex<br \/>\nLinha:Traditional<br \/>\nMPN:520B<br \/>\nMarca:Savarez<br \/>\nMaterial:Nylon<br \/>\nModelo:520B<br \/>\nOrigem:Fran\u00e7a<br \/>\nQuantidade de Cordas:6<br \/>\nSKU:008820<br \/>\nSerie:Traditional<br \/>\nTensao:Leve<br \/>\nTipo de Corda:Roundwound+Nylon<br \/>\nUnidades por Embalagem:1<br \/>\nE kit:N\u00e3o<br \/>\nInstrumento Recomendado:Viol\u00e3o Nylon<\/p>","protected":false},"excerpt":{"rendered":"<p>A Savarez manteve sua reputa\u00e7\u00e3o e excel\u00eancia em quase dois s\u00e9culos de exist\u00eancia. Desde 1770, esta marca francesa \u00e9 associada a qualidade, virtuosismo, produtos de primeira e ampla linha de cordas para viol\u00f5es de diversos modelos, como cl\u00e1ssico e flamenco. Sem duvida \u00e9 uma das mais tradicionais marcas de encordamento no mundo. Proporcionando um som [&hellip;]<\/p>\n","protected":false},"featured_media":3185,"comment_status":"open","ping_status":"closed","template":"","meta":{"om_disable_all_campaigns":false,"_monsterinsights_skip_tracking":false,"_monsterinsights_sitenote_active":false,"_monsterinsights_sitenote_note":"","_monsterinsights_sitenote_category":0,"jetpack_publicize_message":"","jetpack_publicize_feature_enabled":true,"jetpack_social_post_already_shared":false,"jetpack_social_options":{"image_generator_settings":{"template":"highway","default_image_id":0,"font":"","enabled":false},"version":2}},"product_brand":[171],"product_cat":[207,211],"product_tag":[604,603],"class_list":{"0":"post-2159","1":"product","2":"type-product","3":"status-publish","4":"has-post-thumbnail","6":"product_brand-savarez","7":"product_cat-acusticos","8":"product_cat-encordoamentos-nylon","9":"product_tag-cordas-nylon","10":"product_tag-encordoamento-violao-nylon","12":"first","13":"instock","14":"sale","15":"shipping-taxable","16":"purchasable","17":"product-type-simple"},"aioseo_notices":[],"jetpack_publicize_connections":[],"jetpack_sharing_enabled":true,"_links":{"self":[{"href":"https:\/\/delaet.com.br\/en\/wp-json\/wp\/v2\/product\/2159","targetHints":{"allow":["GET"]}}],"collection":[{"href":"https:\/\/delaet.com.br\/en\/wp-json\/wp\/v2\/product"}],"about":[{"href":"https:\/\/delaet.com.br\/en\/wp-json\/wp\/v2\/types\/product"}],"replies":[{"embeddable":true,"href":"https:\/\/delaet.com.br\/en\/wp-json\/wp\/v2\/comments?post=2159"}],"wp:featuredmedia":[{"embeddable":true,"href":"https:\/\/delaet.com.br\/en\/wp-json\/wp\/v2\/media\/3185"}],"wp:attachment":[{"href":"https:\/\/delaet.com.br\/en\/wp-json\/wp\/v2\/media?parent=2159"}],"wp:term":[{"taxonomy":"product_brand","embeddable":true,"href":"https:\/\/delaet.com.br\/en\/wp-json\/wp\/v2\/product_brand?post=2159"},{"taxonomy":"product_cat","embeddable":true,"href":"https:\/\/delaet.com.br\/en\/wp-json\/wp\/v2\/product_cat?post=2159"},{"taxonomy":"product_tag","embeddable":true,"href":"https:\/\/delaet.com.br\/en\/wp-json\/wp\/v2\/product_tag?post=2159"}],"curies":[{"name":"wp","href":"https:\/\/api.w.org\/{rel}","templated":true}]}}