{"id":2175,"date":"2026-04-12T00:43:57","date_gmt":"2026-04-12T03:43:57","guid":{"rendered":"https:\/\/delaet.com.br\/pt_br\/loja\/produto\/encordoamento-violao-revestido-3-un-d-addario-xsabr1152-3p-f035\/"},"modified":"2026-04-15T18:07:21","modified_gmt":"2026-04-15T21:07:21","slug":"encordoamento-violao-revestido-3-un-d-addario-xsabr1152-3p-f035","status":"publish","type":"product","link":"https:\/\/delaet.com.br\/en\/loja\/produto\/encordoamento-violao-revestido-3-un-d-addario-xsabr1152-3p-f035\/","title":{"rendered":"Encordoamento Viol\u00e3o Revestido (3 Un) D\u00b4Addario XSABR1152-3P"},"content":{"rendered":"<p>A D Addario XS 80\/20 Bronze para viol\u00e3o a\u00e7o representa o in\u00edcio de uma nova era em cordas revestidas. Com seu revestimento ultrafino em cada corda espiralada e tratamento de pol\u00edmero exclusivo nas cordas lisas, a XS oferece durabilidade extrema com o mais alto n\u00edvel de prote\u00e7\u00e3o, al\u00e9m de um toque surpreendentemente suave. Nossa exclusiva tecnologia Fusion Twist reduz o atrito da corda com o nut, assim voc\u00ea passa mais tempo tocando e menos tempo afinando. O consagrado n\u00facleo NY D&#8217;Addario, com alta concentra\u00e7\u00e3o de carbono, produz resist\u00eancia e estabilidade de afina\u00e7\u00e3o incompar\u00e1veis. XS \u00e9 a corda revestida mais inovadora j\u00e1 criada.<\/p>\n<p>Instrumento Recomendado:Viol\u00e3o A\u00e7o<br \/> Linha:XS 80\/20 Bronze<br \/> Unidades por embalagem:3<br \/> Quantidade de cordas:6<br \/> Calibres:0.011, 0.015, 0.022, 0.032, 0.042, 0.052<br \/> Materiais:A\u00e7o\/Bronze<br \/> Tens\u00e3o:H\u00edbrida<br \/> Notas:E, B, G, D, A, E<br \/> Escala:N\/A<br \/> Origem:Estados Unidos<br \/> G\u00eanero:Unissex<\/p>\n<p> Condi\u00e7\u00e3o do item:Novo<br \/> C\u00f3digo de barras:019954377540<br \/> SKU:034922<br \/> NCM:92093000<br \/> \u00c9 Kit:N\u00e3o<br \/> Cor:N\/A<\/p>\n<p><\/p>","protected":false},"excerpt":{"rendered":"<p>A D Addario XS 80\/20 Bronze para viol\u00e3o a\u00e7o representa o in\u00edcio de uma nova era em cordas revestidas. Com seu revestimento ultrafino em cada corda espiralada e tratamento de pol\u00edmero exclusivo nas cordas lisas, a XS oferece durabilidade extrema com o mais alto n\u00edvel de prote\u00e7\u00e3o, al\u00e9m de um toque surpreendentemente suave. Nossa exclusiva [&hellip;]<\/p>\n","protected":false},"featured_media":3193,"comment_status":"open","ping_status":"closed","template":"","meta":{"om_disable_all_campaigns":false,"jetpack_publicize_message":"","jetpack_publicize_feature_enabled":true,"jetpack_social_post_already_shared":false,"jetpack_social_options":{"image_generator_settings":{"template":"highway","default_image_id":0,"font":"","enabled":false},"version":2}},"product_brand":[160],"product_cat":[207,212],"product_tag":[602,601],"class_list":{"0":"post-2175","1":"product","2":"type-product","3":"status-publish","4":"has-post-thumbnail","6":"product_brand-daddario","7":"product_cat-acusticos","8":"product_cat-encordoamentos-aco","9":"product_tag-cordas-violao-aco","10":"product_tag-encordoamento-violao-aco","12":"first","13":"instock","14":"shipping-taxable","15":"purchasable","16":"product-type-simple"},"aioseo_notices":[],"jetpack_publicize_connections":[],"jetpack_sharing_enabled":true,"_links":{"self":[{"href":"https:\/\/delaet.com.br\/en\/wp-json\/wp\/v2\/product\/2175","targetHints":{"allow":["GET"]}}],"collection":[{"href":"https:\/\/delaet.com.br\/en\/wp-json\/wp\/v2\/product"}],"about":[{"href":"https:\/\/delaet.com.br\/en\/wp-json\/wp\/v2\/types\/product"}],"replies":[{"embeddable":true,"href":"https:\/\/delaet.com.br\/en\/wp-json\/wp\/v2\/comments?post=2175"}],"wp:featuredmedia":[{"embeddable":true,"href":"https:\/\/delaet.com.br\/en\/wp-json\/wp\/v2\/media\/3193"}],"wp:attachment":[{"href":"https:\/\/delaet.com.br\/en\/wp-json\/wp\/v2\/media?parent=2175"}],"wp:term":[{"taxonomy":"product_brand","embeddable":true,"href":"https:\/\/delaet.com.br\/en\/wp-json\/wp\/v2\/product_brand?post=2175"},{"taxonomy":"product_cat","embeddable":true,"href":"https:\/\/delaet.com.br\/en\/wp-json\/wp\/v2\/product_cat?post=2175"},{"taxonomy":"product_tag","embeddable":true,"href":"https:\/\/delaet.com.br\/en\/wp-json\/wp\/v2\/product_tag?post=2175"}],"curies":[{"name":"wp","href":"https:\/\/api.w.org\/{rel}","templated":true}]}}