{"id":2215,"date":"2026-04-12T00:45:21","date_gmt":"2026-04-12T03:45:21","guid":{"rendered":"https:\/\/delaet.com.br\/pt_br\/loja\/produto\/encordoamento-violao-revestido-d-addario-xs-80-20-xsabr1152-f035\/"},"modified":"2026-04-18T19:43:33","modified_gmt":"2026-04-18T22:43:33","slug":"encordoamento-violao-revestido-d-addario-xs-80-20-xsabr1152-f035","status":"publish","type":"product","link":"https:\/\/delaet.com.br\/en\/loja\/produto\/encordoamento-violao-revestido-d-addario-xs-80-20-xsabr1152-f035\/","title":{"rendered":"Encordoamento Viol\u00e3o Revestido D\u00b4Addario XS 80\/20 XSABR1152"},"content":{"rendered":"<p>A D Addario XS 80\/20 Bronze para violao a\u00e7o representa o inicio de uma nova era em cordas revestidas. Com seu revestimento ultrafino em cada corda espiralada e tratamento de pol\u00edmero exclusivo nas cordas lisas, a XS oferece durabilidade extrema com o mais alto n\u00edvel de protecao, al\u00e9m de um toque surpreendentemente suave. Nossa exclusiva tecnologia Fusion Twist reduz o atrito da corda com o nut, assim voc\u00ea passa mais tempo tocando e menos tempo afinando. O consagrado nucleo NY D&#8217;Addario, com alta concentra\u00e7\u00e3o de carbono, produz resist\u00eancia e estabilidade de afina\u00e7\u00e3o incompar\u00e1veis. XS e a corda revestida mais inovadora ja criada.?<\/p>\n<p> Condicao do item:Novo<br \/> Codigo Universal do Produto:019954371272<br \/> Fonte do Produto:Importado<br \/> Genero:Unissex<br \/> Linha:XS 80\/20 Bronze<br \/> MPN:XSABR1152<br \/> Marca:D<br \/> Material:A\u00e7o + Bronze<br \/> Modelo:XSABR1152<br \/> Origem:Estados Unidos<br \/> Quantidade de Cordas:6<br \/> SKU:034830<br \/> Tensao:Leve Custom<br \/> Tipo de Corda:ROUNDWOUND<br \/> Unidades por Embalagem:1<br \/> E kit:N\u00e3o<br \/> Instrumento Recomendado:Viol\u00e3o A\u00e7o<br \/> Condi\u00e7\u00e3o do item:Novo<br \/> Escala da Corda:N\/A<br \/> G\u00eanero:Unissex<br \/> Instrumento recomendado:Viol\u00e3o A\u00e7o<br \/> S\u00e9rie:XS 80\/20 Bronze<br \/> Tens\u00e3o:Leve Custom<br \/> \u00c9 kit:N\u00e3o<br \/> Notas:E B G D A E<br \/> Calibres:.011 .015 .022 .032 .042 .052<\/p>\n<p><\/p>","protected":false},"excerpt":{"rendered":"<p>A D Addario XS 80\/20 Bronze para violao a\u00e7o representa o inicio de uma nova era em cordas revestidas. Com seu revestimento ultrafino em cada corda espiralada e tratamento de pol\u00edmero exclusivo nas cordas lisas, a XS oferece durabilidade extrema com o mais alto n\u00edvel de protecao, al\u00e9m de um toque surpreendentemente suave. Nossa exclusiva [&hellip;]<\/p>\n","protected":false},"featured_media":3222,"comment_status":"open","ping_status":"closed","template":"","meta":{"om_disable_all_campaigns":false,"jetpack_publicize_message":"","jetpack_publicize_feature_enabled":true,"jetpack_social_post_already_shared":false,"jetpack_social_options":{"image_generator_settings":{"template":"highway","default_image_id":0,"font":"","enabled":false},"version":2}},"product_brand":[160],"product_cat":[207,212],"product_tag":[602,601],"class_list":{"0":"post-2215","1":"product","2":"type-product","3":"status-publish","4":"has-post-thumbnail","6":"product_brand-daddario","7":"product_cat-acusticos","8":"product_cat-encordoamentos-aco","9":"product_tag-cordas-violao-aco","10":"product_tag-encordoamento-violao-aco","12":"first","13":"instock","14":"shipping-taxable","15":"purchasable","16":"product-type-simple"},"aioseo_notices":[],"jetpack_publicize_connections":[],"jetpack_sharing_enabled":true,"_links":{"self":[{"href":"https:\/\/delaet.com.br\/en\/wp-json\/wp\/v2\/product\/2215","targetHints":{"allow":["GET"]}}],"collection":[{"href":"https:\/\/delaet.com.br\/en\/wp-json\/wp\/v2\/product"}],"about":[{"href":"https:\/\/delaet.com.br\/en\/wp-json\/wp\/v2\/types\/product"}],"replies":[{"embeddable":true,"href":"https:\/\/delaet.com.br\/en\/wp-json\/wp\/v2\/comments?post=2215"}],"wp:featuredmedia":[{"embeddable":true,"href":"https:\/\/delaet.com.br\/en\/wp-json\/wp\/v2\/media\/3222"}],"wp:attachment":[{"href":"https:\/\/delaet.com.br\/en\/wp-json\/wp\/v2\/media?parent=2215"}],"wp:term":[{"taxonomy":"product_brand","embeddable":true,"href":"https:\/\/delaet.com.br\/en\/wp-json\/wp\/v2\/product_brand?post=2215"},{"taxonomy":"product_cat","embeddable":true,"href":"https:\/\/delaet.com.br\/en\/wp-json\/wp\/v2\/product_cat?post=2215"},{"taxonomy":"product_tag","embeddable":true,"href":"https:\/\/delaet.com.br\/en\/wp-json\/wp\/v2\/product_tag?post=2215"}],"curies":[{"name":"wp","href":"https:\/\/api.w.org\/{rel}","templated":true}]}}