{"id":2238,"date":"2026-04-12T00:46:11","date_gmt":"2026-04-12T03:46:11","guid":{"rendered":"https:\/\/delaet.com.br\/pt_br\/loja\/produto\/encordoamento-violino-4-4-pirastro-piranito-chrome-615500-f035\/"},"modified":"2026-04-17T08:37:19","modified_gmt":"2026-04-17T11:37:19","slug":"encordoamento-violino-4-4-pirastro-piranito-chrome-615500-f035","status":"publish","type":"product","link":"https:\/\/delaet.com.br\/en\/loja\/produto\/encordoamento-violino-4-4-pirastro-piranito-chrome-615500-f035\/","title":{"rendered":"Encordoamento Violino 4\/4 Pirastro Piranito Chrome 615500"},"content":{"rendered":"<p>A Pirastro Piranito para violino \u00e9 a corda ideal para o m\u00fasico estudante. O n\u00facleo de a\u00e7o com filamento \u00fanico produz tons equilibrados com proje\u00e7\u00e3o claramente pronunciada. O cromo das cordas A, D e G garante grande resist\u00eancia a oxida\u00e7\u00e3o, fazendo delas muito mais dur\u00e1veis e com tocabilidade confort\u00e1vel. Indicadas tamb\u00e9m para uso em violinos el\u00e9tricos ou eletroac\u00fasticos, pois proporcionam f\u00e1cil capta\u00e7\u00e3o eletr\u00f4nica. O enrolamento da corda E porporciona uma resposta mais direta, com \u00eanfase nas freq\u00fc\u00eancias altas.   As cordas Pirastro s\u00e3o produzidas na Alemanha desde 1890. S\u00e3o mundialmente reconhecidas por seu alto padr\u00e3o de qualidade.  * E &#8211; A\u00e7o * A \/ D \/ G &#8211; A\u00e7o Cromado * Tens\u00e3o M\u00e9dia * Cordas com melhor custo benef\u00edcio * Som brilhante * F\u00e1cil de tocar<\/p>\n<p>NCM:92093000<br \/> Modelo:615500<br \/> Marca:Pirastro<br \/> Codigo universal de produto (GTIN):4016710105429<br \/> Origem:Alemanha<br \/> G\u00eanero:Unissex<\/p>\n<p> Condi\u00e7\u00e3o do item:Novo<br \/> \u00c9 kit:N\u00e3o<br \/> Instrumento recomendado:Violino<br \/> Unidades por embalagem:1<br \/> Quantidade de cordas:4<br \/> Materiais:A\u00e7o<br \/> Escala:4\/4<br \/> Tipo de Material:A\u00e7o<\/p>\n<p><\/p>","protected":false},"excerpt":{"rendered":"<p>A Pirastro Piranito para violino \u00e9 a corda ideal para o m\u00fasico estudante. O n\u00facleo de a\u00e7o com filamento \u00fanico produz tons equilibrados com proje\u00e7\u00e3o claramente pronunciada. O cromo das cordas A, D e G garante grande resist\u00eancia a oxida\u00e7\u00e3o, fazendo delas muito mais dur\u00e1veis e com tocabilidade confort\u00e1vel. Indicadas tamb\u00e9m para uso em violinos [&hellip;]<\/p>\n","protected":false},"featured_media":3247,"comment_status":"open","ping_status":"closed","template":"","meta":{"om_disable_all_campaigns":false,"jetpack_publicize_message":"","jetpack_publicize_feature_enabled":true,"jetpack_social_post_already_shared":false,"jetpack_social_options":{"image_generator_settings":{"template":"highway","default_image_id":0,"font":"","enabled":false},"version":2}},"product_brand":[167],"product_cat":[210,231],"product_tag":[597,598],"class_list":{"0":"post-2238","1":"product","2":"type-product","3":"status-publish","4":"has-post-thumbnail","6":"product_brand-pirastro","7":"product_cat-friccionadas","8":"product_cat-encordoamentos-violino","9":"product_tag-cordas-violino","10":"product_tag-encordoamento-violino","12":"first","13":"instock","14":"shipping-taxable","15":"purchasable","16":"product-type-simple"},"aioseo_notices":[],"jetpack_publicize_connections":[],"jetpack_sharing_enabled":true,"_links":{"self":[{"href":"https:\/\/delaet.com.br\/en\/wp-json\/wp\/v2\/product\/2238","targetHints":{"allow":["GET"]}}],"collection":[{"href":"https:\/\/delaet.com.br\/en\/wp-json\/wp\/v2\/product"}],"about":[{"href":"https:\/\/delaet.com.br\/en\/wp-json\/wp\/v2\/types\/product"}],"replies":[{"embeddable":true,"href":"https:\/\/delaet.com.br\/en\/wp-json\/wp\/v2\/comments?post=2238"}],"wp:featuredmedia":[{"embeddable":true,"href":"https:\/\/delaet.com.br\/en\/wp-json\/wp\/v2\/media\/3247"}],"wp:attachment":[{"href":"https:\/\/delaet.com.br\/en\/wp-json\/wp\/v2\/media?parent=2238"}],"wp:term":[{"taxonomy":"product_brand","embeddable":true,"href":"https:\/\/delaet.com.br\/en\/wp-json\/wp\/v2\/product_brand?post=2238"},{"taxonomy":"product_cat","embeddable":true,"href":"https:\/\/delaet.com.br\/en\/wp-json\/wp\/v2\/product_cat?post=2238"},{"taxonomy":"product_tag","embeddable":true,"href":"https:\/\/delaet.com.br\/en\/wp-json\/wp\/v2\/product_tag?post=2238"}],"curies":[{"name":"wp","href":"https:\/\/api.w.org\/{rel}","templated":true}]}}