{"id":2259,"date":"2026-04-12T00:47:13","date_gmt":"2026-04-12T03:47:13","guid":{"rendered":"https:\/\/delaet.com.br\/pt_br\/loja\/produto\/escaleta-pianica-37-teclas-vermelha-com-estojo-yamaha-p37d-f035\/"},"modified":"2026-04-12T22:39:19","modified_gmt":"2026-04-13T01:39:19","slug":"escaleta-pianica-37-teclas-vermelha-com-estojo-yamaha-p37d-f035","status":"publish","type":"product","link":"https:\/\/delaet.com.br\/en\/loja\/produto\/escaleta-pianica-37-teclas-vermelha-com-estojo-yamaha-p37d-f035\/","title":{"rendered":"Escaleta Pi\u00e2nica 37 Teclas Vermelha Com Estojo Yamaha P37D"},"content":{"rendered":"<p>A Escaleta Yamaha P37D \u00e9 conhecida por ser um aerofone de palhetas livres, com funcionamento parecido com acordeon e \u00e0 harm\u00f4nica de boca. A Escaleta vem com um teclado parecido com o do piano, por\u00e9m, menor. A Yamaha P37D tem corpo produzido em pl\u00e1stico super resistente e acompanha case de transporte para maior comodidade e agilidade. <\/p>\n<p>Este modelo \u00e9 uma excelente escolha para liderar um ensemble. Como o consumo de ar \u00e9 relativamente pequeno para um instrumento desse porte, \u00e9 muito f\u00e1cil de tocar. Al\u00e9m disso, sua ac\u00fastica \u00e9 excepcional, com plena resson\u00e2ncia e grande volume. Tem como uma das principais caracter\u00edsticas seu timbre peculiar e seu car\u00e1ter \u00e1gil, que possibilitam bons solos de improvisa\u00e7\u00e3o. Toca-se soprando atrav\u00e9s do orif\u00edcio localizado na extremidade do instrumento e pressionando as teclas respectivas \u00e0s notas que se deseja tocar.<\/p>\n<p>Seu uso sempre esteve ligado a fins educativos, \u00e9 utilizado inclusive em aulas de musicaliza\u00e7\u00e3o infantil. Este instrumento combina a embocadura, f\u00f4lego e agilidade no teclado. A escaleta pi\u00e2nica YAMAHA, \u00e9 requisitado principalmente pelos compositores populares devido a peculiaridade de seu som e sua versatilidade para solos e improvisa\u00e7\u00f5es. Escaleta, mel\u00f3dica, clavineta ou pi\u00e2nica s\u00e3o os v\u00e1rios nomes atribu\u00eddos a este aerofone de palhetas livres, com funcionamento semelhante ao acorde\u00e3o somado ao da harm\u00f3nica de boca.  A Yamaha produz uma das melhores escaletas do mercado, com \u00f3tima sonoridade, afina\u00e7\u00e3o e durabilidade.<\/p>\n<p>&#8211; Modelo: P37D;<br \/>&#8211; Cor: Vermelha;<br \/>&#8211; Teclas: 37;<br \/>&#8211; Tonalidade: C (d\u00f3);<br \/>&#8211; Dimens\u00f5es:  4,5cm (A) x 48cm (L) x 10,5cm (P);<br \/>&#8211; Acompanha: Cano de Extens\u00e3o (56cm), Bocal e Case;<br \/>&#8211; Origem: Indon\u00e9sia.<\/p>\n<p>Artistas conhecidos pela utiliza\u00e7\u00e3o da escaleta: <br \/>Andre Matos, Paul ?Bonehead? Arthurs, Hermeto Pascoal, Egberto Gismonti, Ed Motta (no CD Dwitza), Bruno Medina, Yann Tiersen, Peter Murphy, Sivuca, Bauhaus, Damon Albarn, Augustus Pablo, Joy Division.<\/p>\n<p>Origem:Indon\u00e9sia<br \/> Unidades por Embalagem:1<br \/> G\u00eanero:Unissex<br \/> Inclui Estojo:Sim<\/p>\n<p><\/p>","protected":false},"excerpt":{"rendered":"<p>A Escaleta Yamaha P37D \u00e9 conhecida por ser um aerofone de palhetas livres, com funcionamento parecido com acordeon e \u00e0 harm\u00f4nica de boca. A Escaleta vem com um teclado parecido com o do piano, por\u00e9m, menor. A Yamaha P37D tem corpo produzido em pl\u00e1stico super resistente e acompanha case de transporte para maior comodidade e [&hellip;]<\/p>\n","protected":false},"featured_media":3261,"comment_status":"open","ping_status":"closed","template":"","meta":{"om_disable_all_campaigns":false,"jetpack_publicize_message":"","jetpack_publicize_feature_enabled":true,"jetpack_social_post_already_shared":false,"jetpack_social_options":{"image_generator_settings":{"template":"highway","default_image_id":0,"font":"","enabled":false},"version":2}},"product_brand":[163],"product_cat":[594,128],"product_tag":[593],"class_list":{"0":"post-2259","1":"product","2":"type-product","3":"status-publish","4":"has-post-thumbnail","6":"product_brand-yamaha","7":"product_cat-escaleta","8":"product_cat-instrumentos-de-sopro","9":"product_tag-escaleta","11":"first","12":"instock","13":"shipping-taxable","14":"purchasable","15":"product-type-simple"},"aioseo_notices":[],"jetpack_publicize_connections":[],"jetpack_sharing_enabled":true,"_links":{"self":[{"href":"https:\/\/delaet.com.br\/en\/wp-json\/wp\/v2\/product\/2259","targetHints":{"allow":["GET"]}}],"collection":[{"href":"https:\/\/delaet.com.br\/en\/wp-json\/wp\/v2\/product"}],"about":[{"href":"https:\/\/delaet.com.br\/en\/wp-json\/wp\/v2\/types\/product"}],"replies":[{"embeddable":true,"href":"https:\/\/delaet.com.br\/en\/wp-json\/wp\/v2\/comments?post=2259"}],"wp:featuredmedia":[{"embeddable":true,"href":"https:\/\/delaet.com.br\/en\/wp-json\/wp\/v2\/media\/3261"}],"wp:attachment":[{"href":"https:\/\/delaet.com.br\/en\/wp-json\/wp\/v2\/media?parent=2259"}],"wp:term":[{"taxonomy":"product_brand","embeddable":true,"href":"https:\/\/delaet.com.br\/en\/wp-json\/wp\/v2\/product_brand?post=2259"},{"taxonomy":"product_cat","embeddable":true,"href":"https:\/\/delaet.com.br\/en\/wp-json\/wp\/v2\/product_cat?post=2259"},{"taxonomy":"product_tag","embeddable":true,"href":"https:\/\/delaet.com.br\/en\/wp-json\/wp\/v2\/product_tag?post=2259"}],"curies":[{"name":"wp","href":"https:\/\/api.w.org\/{rel}","templated":true}]}}