{"id":2286,"date":"2026-04-12T00:49:07","date_gmt":"2026-04-12T03:49:07","guid":{"rendered":"https:\/\/delaet.com.br\/pt_br\/loja\/produto\/escudo-para-guitarra-am-strat-hsh-lobo-artico-120-wf-f035\/"},"modified":"2026-04-12T22:31:23","modified_gmt":"2026-04-13T01:31:23","slug":"escudo-para-guitarra-am-strat-hsh-lobo-artico-120-wf-f035","status":"publish","type":"product","link":"https:\/\/delaet.com.br\/en\/loja\/produto\/escudo-para-guitarra-am-strat-hsh-lobo-artico-120-wf-f035\/","title":{"rendered":"Escudo Para Guitarra Am Strat HSH Lobo \u00c1rtico 120-WF"},"content":{"rendered":"<p>Escudo para Guitarra, estilo Stratocaster para 2 Humbuckers e 1 Single (HSH), modelo Am Strat, 2.3mm de espessura e 11 furos, acabamento Lobo do \u00c1rtico, Spirit Guitar Parts &#8211; 120-WF.<\/p>\n<p>Quantidade de camadas:1<br \/> Quantidade de furos:11<br \/> Espessura:2,3<br \/> Unidade de Espessura:mm<br \/> Instrumentos compat\u00edveis:Guitarra<br \/> Material:Acr\u00edlico<br \/> SKU:022149<\/p>\n<p> Condi\u00e7\u00e3o:Novo<br \/> Cor:Lobo<br \/> C\u00f3digo Universal do Produto:7899559808921<br \/> G\u00eanero:Unissex<br \/> Linha:Spirit Guitar Parts<br \/> MPN:X120_019_100<br \/> Marca:Spirit<br \/> Modelo:120-WF<br \/> Origem:Cor\u00e9ia do Sul<br \/> Unidades por embalagem:1<br \/> \u00c9 kit:N\u00e3o<br \/> Instrumento Recomendado:Guitarra<\/p>\n<p><\/p>","protected":false},"excerpt":{"rendered":"<p>Escudo para Guitarra, estilo Stratocaster para 2 Humbuckers e 1 Single (HSH), modelo Am Strat, 2.3mm de espessura e 11 furos, acabamento Lobo do \u00c1rtico, Spirit Guitar Parts &#8211; 120-WF. Quantidade de camadas:1 Quantidade de furos:11 Espessura:2,3 Unidade de Espessura:mm Instrumentos compat\u00edveis:Guitarra Material:Acr\u00edlico SKU:022149 Condi\u00e7\u00e3o:Novo Cor:Lobo C\u00f3digo Universal do Produto:7899559808921 G\u00eanero:Unissex Linha:Spirit Guitar Parts MPN:X120_019_100 [&hellip;]<\/p>\n","protected":false},"featured_media":3276,"comment_status":"open","ping_status":"closed","template":"","meta":{"om_disable_all_campaigns":false,"_monsterinsights_skip_tracking":false,"_monsterinsights_sitenote_active":false,"_monsterinsights_sitenote_note":"","_monsterinsights_sitenote_category":0,"jetpack_publicize_message":"","jetpack_publicize_feature_enabled":true,"jetpack_social_post_already_shared":false,"jetpack_social_options":{"image_generator_settings":{"template":"highway","default_image_id":0,"font":"","enabled":false},"version":2}},"product_brand":[],"product_cat":[28,223],"product_tag":[592],"class_list":{"0":"post-2286","1":"product","2":"type-product","3":"status-publish","4":"has-post-thumbnail","6":"product_cat-eletricos","7":"product_cat-outros","8":"product_tag-escudo-guitarra","10":"first","11":"instock","12":"shipping-taxable","13":"purchasable","14":"product-type-simple"},"aioseo_notices":[],"jetpack_publicize_connections":[],"jetpack_sharing_enabled":true,"_links":{"self":[{"href":"https:\/\/delaet.com.br\/en\/wp-json\/wp\/v2\/product\/2286","targetHints":{"allow":["GET"]}}],"collection":[{"href":"https:\/\/delaet.com.br\/en\/wp-json\/wp\/v2\/product"}],"about":[{"href":"https:\/\/delaet.com.br\/en\/wp-json\/wp\/v2\/types\/product"}],"replies":[{"embeddable":true,"href":"https:\/\/delaet.com.br\/en\/wp-json\/wp\/v2\/comments?post=2286"}],"wp:featuredmedia":[{"embeddable":true,"href":"https:\/\/delaet.com.br\/en\/wp-json\/wp\/v2\/media\/3276"}],"wp:attachment":[{"href":"https:\/\/delaet.com.br\/en\/wp-json\/wp\/v2\/media?parent=2286"}],"wp:term":[{"taxonomy":"product_brand","embeddable":true,"href":"https:\/\/delaet.com.br\/en\/wp-json\/wp\/v2\/product_brand?post=2286"},{"taxonomy":"product_cat","embeddable":true,"href":"https:\/\/delaet.com.br\/en\/wp-json\/wp\/v2\/product_cat?post=2286"},{"taxonomy":"product_tag","embeddable":true,"href":"https:\/\/delaet.com.br\/en\/wp-json\/wp\/v2\/product_tag?post=2286"}],"curies":[{"name":"wp","href":"https:\/\/api.w.org\/{rel}","templated":true}]}}