{"id":3281,"date":"2026-04-12T09:26:56","date_gmt":"2026-04-12T12:26:56","guid":{"rendered":"https:\/\/delaet.com.br\/pt_br\/loja\/produto\/escudo-para-guitarra-jazz-master-59-preto-spirit-420-bk-f035\/"},"modified":"2026-04-12T22:29:21","modified_gmt":"2026-04-13T01:29:21","slug":"escudo-para-guitarra-jazz-master-59-preto-spirit-420-bk-f035","status":"publish","type":"product","link":"https:\/\/delaet.com.br\/en\/loja\/produto\/escudo-para-guitarra-jazz-master-59-preto-spirit-420-bk-f035\/","title":{"rendered":"Escudo Para Guitarra Jazz Master 59  Preto Spirit 420-BK"},"content":{"rendered":"<p>Escudo para Guitarra, modelo Jazz Master para 2 P90 (2xP90), 2.3mm de espessura e 13 furos, acabamento preto, Spirit Guitar Parts &#8211; 420-BK.<\/p>\n<p>Quantidade de camadas:1<br \/> Quantidade de furos:13<br \/> Espessura:2,3<br \/> Unidade de Espessura:mm<br \/> Instrumentos compat\u00edveis:Guitarra<br \/> Material:Acr\u00edlico<br \/> SKU:022507<\/p>\n<p> Condi\u00e7\u00e3o:Novo<br \/> Cor:Preta<br \/> C\u00f3digo Universal do Produto:7899559809195<br \/> G\u00eanero:Unissex<br \/> Linha:Spirit Guitar Parts<br \/> MPN:X420_000_700<br \/> Marca:Spirit<br \/> Modelo:420-BK<br \/> Origem:Cor\u00e9ia do Sul<br \/> Unidades por embalagem:1<br \/> \u00c9 kit:N\u00e3o<br \/> Instrumento Recomendado:Guitarra<\/p>\n<p><\/p>","protected":false},"excerpt":{"rendered":"<p>Escudo para Guitarra, modelo Jazz Master para 2 P90 (2xP90), 2.3mm de espessura e 13 furos, acabamento preto, Spirit Guitar Parts &#8211; 420-BK. Quantidade de camadas:1 Quantidade de furos:13 Espessura:2,3 Unidade de Espessura:mm Instrumentos compat\u00edveis:Guitarra Material:Acr\u00edlico SKU:022507 Condi\u00e7\u00e3o:Novo Cor:Preta C\u00f3digo Universal do Produto:7899559809195 G\u00eanero:Unissex Linha:Spirit Guitar Parts MPN:X420_000_700 Marca:Spirit Modelo:420-BK Origem:Cor\u00e9ia do Sul Unidades por [&hellip;]<\/p>\n","protected":false},"featured_media":3280,"comment_status":"open","ping_status":"closed","template":"","meta":{"om_disable_all_campaigns":false,"_monsterinsights_skip_tracking":false,"_monsterinsights_sitenote_active":false,"_monsterinsights_sitenote_note":"","_monsterinsights_sitenote_category":0,"jetpack_publicize_message":"","jetpack_publicize_feature_enabled":true,"jetpack_social_post_already_shared":false,"jetpack_social_options":{"image_generator_settings":{"template":"highway","default_image_id":0,"font":"","enabled":false},"version":2}},"product_brand":[165],"product_cat":[28,223],"product_tag":[592],"class_list":{"0":"post-3281","1":"product","2":"type-product","3":"status-publish","4":"has-post-thumbnail","6":"product_brand-spirit","7":"product_cat-eletricos","8":"product_cat-outros","9":"product_tag-escudo-guitarra","11":"first","12":"instock","13":"shipping-taxable","14":"purchasable","15":"product-type-simple"},"aioseo_notices":[],"jetpack_publicize_connections":[],"jetpack_sharing_enabled":true,"_links":{"self":[{"href":"https:\/\/delaet.com.br\/en\/wp-json\/wp\/v2\/product\/3281","targetHints":{"allow":["GET"]}}],"collection":[{"href":"https:\/\/delaet.com.br\/en\/wp-json\/wp\/v2\/product"}],"about":[{"href":"https:\/\/delaet.com.br\/en\/wp-json\/wp\/v2\/types\/product"}],"replies":[{"embeddable":true,"href":"https:\/\/delaet.com.br\/en\/wp-json\/wp\/v2\/comments?post=3281"}],"wp:featuredmedia":[{"embeddable":true,"href":"https:\/\/delaet.com.br\/en\/wp-json\/wp\/v2\/media\/3280"}],"wp:attachment":[{"href":"https:\/\/delaet.com.br\/en\/wp-json\/wp\/v2\/media?parent=3281"}],"wp:term":[{"taxonomy":"product_brand","embeddable":true,"href":"https:\/\/delaet.com.br\/en\/wp-json\/wp\/v2\/product_brand?post=3281"},{"taxonomy":"product_cat","embeddable":true,"href":"https:\/\/delaet.com.br\/en\/wp-json\/wp\/v2\/product_cat?post=3281"},{"taxonomy":"product_tag","embeddable":true,"href":"https:\/\/delaet.com.br\/en\/wp-json\/wp\/v2\/product_tag?post=3281"}],"curies":[{"name":"wp","href":"https:\/\/api.w.org\/{rel}","templated":true}]}}