{"id":3296,"date":"2026-04-12T09:27:47","date_gmt":"2026-04-12T12:27:47","guid":{"rendered":"https:\/\/delaet.com.br\/pt_br\/loja\/produto\/escudo-tremolos-guitarra-strato-preto-fosco-spirit-704-mbk-f035\/"},"modified":"2026-04-12T22:24:28","modified_gmt":"2026-04-13T01:24:28","slug":"escudo-tremolos-guitarra-strato-preto-fosco-spirit-704-mbk-f035","status":"publish","type":"product","link":"https:\/\/delaet.com.br\/en\/loja\/produto\/escudo-tremolos-guitarra-strato-preto-fosco-spirit-704-mbk-f035\/","title":{"rendered":"Escudo Tremolos Guitarra Strato Preto Fosco Spirit 704-MBK"},"content":{"rendered":"<p>Escudo para Tr\u00eamolos de guitarra, estilo Stratocaster com 1 abertura em acabamento Preto Fosco, Spirit Guitar Parts &#8211; 704-MBK.<\/p>\n<p> Condi\u00e7\u00e3o:Novo<br \/> Cor:Preta Fosca<br \/> C\u00f3digo Universal do Produto:7899559811549<br \/> G\u00eanero:Unissex<br \/> Inclui parafusos:N\u00e3o<br \/> Instrumento Recomendado:Guitarra<br \/> Instrumentos compat\u00edveis:Guitarra<br \/> Linha:Spirit Guitar Parts<br \/> MPN:X704_010_717<br \/> Marca:Spirit<br \/> Material:Acr\u00edlico<br \/> Modelo:X704_010_717<br \/> Origem:Cor\u00e9ia do Sul<br \/> Posi\u00e7\u00e3o do captador:N\/A<br \/> SKU:035571<br \/> Tipo de captador:N\/A<br \/> Unidades por embalagem:1<br \/> \u00c9 kit:N\u00e3o<\/p>\n<p><\/p>","protected":false},"excerpt":{"rendered":"<p>Escudo para Tr\u00eamolos de guitarra, estilo Stratocaster com 1 abertura em acabamento Preto Fosco, Spirit Guitar Parts &#8211; 704-MBK. Condi\u00e7\u00e3o:Novo Cor:Preta Fosca C\u00f3digo Universal do Produto:7899559811549 G\u00eanero:Unissex Inclui parafusos:N\u00e3o Instrumento Recomendado:Guitarra Instrumentos compat\u00edveis:Guitarra Linha:Spirit Guitar Parts MPN:X704_010_717 Marca:Spirit Material:Acr\u00edlico Modelo:X704_010_717 Origem:Cor\u00e9ia do Sul Posi\u00e7\u00e3o do captador:N\/A SKU:035571 Tipo de captador:N\/A Unidades por embalagem:1 \u00c9 kit:N\u00e3o<\/p>","protected":false},"featured_media":3294,"comment_status":"open","ping_status":"closed","template":"","meta":{"om_disable_all_campaigns":false,"_monsterinsights_skip_tracking":false,"_monsterinsights_sitenote_active":false,"_monsterinsights_sitenote_note":"","_monsterinsights_sitenote_category":0,"jetpack_publicize_message":"","jetpack_publicize_feature_enabled":true,"jetpack_social_post_already_shared":false,"jetpack_social_options":{"image_generator_settings":{"template":"highway","default_image_id":0,"font":"","enabled":false},"version":2}},"product_brand":[165],"product_cat":[96,28,223],"product_tag":[588,587],"class_list":{"0":"post-3296","1":"product","2":"type-product","3":"status-publish","4":"has-post-thumbnail","6":"product_brand-spirit","7":"product_cat-acessorios","8":"product_cat-eletricos","9":"product_cat-outros","10":"product_tag-capinha-tremolo","11":"product_tag-escudo","13":"first","14":"instock","15":"shipping-taxable","16":"purchasable","17":"product-type-simple"},"aioseo_notices":[],"jetpack_publicize_connections":[],"jetpack_sharing_enabled":true,"_links":{"self":[{"href":"https:\/\/delaet.com.br\/en\/wp-json\/wp\/v2\/product\/3296","targetHints":{"allow":["GET"]}}],"collection":[{"href":"https:\/\/delaet.com.br\/en\/wp-json\/wp\/v2\/product"}],"about":[{"href":"https:\/\/delaet.com.br\/en\/wp-json\/wp\/v2\/types\/product"}],"replies":[{"embeddable":true,"href":"https:\/\/delaet.com.br\/en\/wp-json\/wp\/v2\/comments?post=3296"}],"wp:featuredmedia":[{"embeddable":true,"href":"https:\/\/delaet.com.br\/en\/wp-json\/wp\/v2\/media\/3294"}],"wp:attachment":[{"href":"https:\/\/delaet.com.br\/en\/wp-json\/wp\/v2\/media?parent=3296"}],"wp:term":[{"taxonomy":"product_brand","embeddable":true,"href":"https:\/\/delaet.com.br\/en\/wp-json\/wp\/v2\/product_brand?post=3296"},{"taxonomy":"product_cat","embeddable":true,"href":"https:\/\/delaet.com.br\/en\/wp-json\/wp\/v2\/product_cat?post=3296"},{"taxonomy":"product_tag","embeddable":true,"href":"https:\/\/delaet.com.br\/en\/wp-json\/wp\/v2\/product_tag?post=3296"}],"curies":[{"name":"wp","href":"https:\/\/api.w.org\/{rel}","templated":true}]}}