{"id":3303,"date":"2026-04-12T09:28:17","date_gmt":"2026-04-12T12:28:17","guid":{"rendered":"https:\/\/delaet.com.br\/pt_br\/loja\/produto\/espigao-violoncelo-3-4-4-4-ebano-steel-class-ops51-f035\/"},"modified":"2026-04-12T22:15:23","modified_gmt":"2026-04-13T01:15:23","slug":"espigao-violoncelo-3-4-4-4-ebano-steel-class-ops51-f035","status":"publish","type":"product","link":"https:\/\/delaet.com.br\/en\/loja\/produto\/espigao-violoncelo-3-4-4-4-ebano-steel-class-ops51-f035\/","title":{"rendered":"Espig\u00e3o Violoncelo 3\/4 &#8211; 4\/4 \u00c9bano Steel Class OPS51"},"content":{"rendered":"<p>Espig\u00e3o para Violoncelo 3\/4 &#8211; 4\/4 \u00c9bano Steel Class OPS51.<\/p>\n<p>Cor:\u00c9bano<br \/> G\u00eanero:Unissex<br \/> Linha:Arco e Acess\u00f3rios<br \/> Marca:Class<br \/> Modelo:OPS51<br \/> Origem:India<br \/> SKU:008408<br \/> Unidades por Embalagem:1<br \/> \u00c9 kit:N\u00e3o<br \/> Instrumento Recomendado:Violoncelo<br \/> Condi\u00e7\u00e3o:Novo<\/p>\n<p><\/p>","protected":false},"excerpt":{"rendered":"<p>Espig\u00e3o para Violoncelo 3\/4 &#8211; 4\/4 \u00c9bano Steel Class OPS51. Cor:\u00c9bano G\u00eanero:Unissex Linha:Arco e Acess\u00f3rios Marca:Class Modelo:OPS51 Origem:India SKU:008408 Unidades por Embalagem:1 \u00c9 kit:N\u00e3o Instrumento Recomendado:Violoncelo Condi\u00e7\u00e3o:Novo<\/p>","protected":false},"featured_media":3301,"comment_status":"open","ping_status":"closed","template":"","meta":{"om_disable_all_campaigns":false,"_monsterinsights_skip_tracking":false,"_monsterinsights_sitenote_active":false,"_monsterinsights_sitenote_note":"","_monsterinsights_sitenote_category":0,"jetpack_publicize_message":"","jetpack_publicize_feature_enabled":true,"jetpack_social_post_already_shared":false,"jetpack_social_options":{"image_generator_settings":{"template":"highway","default_image_id":0,"font":"","enabled":false},"version":2}},"product_brand":[168],"product_cat":[226,210],"product_tag":[582,583],"class_list":{"0":"post-3303","1":"product","2":"type-product","3":"status-publish","4":"has-post-thumbnail","6":"product_brand-class","7":"product_cat-espigao","8":"product_cat-friccionadas","9":"product_tag-espigao","10":"product_tag-violoncelo","12":"first","13":"instock","14":"shipping-taxable","15":"purchasable","16":"product-type-simple"},"aioseo_notices":[],"jetpack_publicize_connections":[],"jetpack_sharing_enabled":true,"_links":{"self":[{"href":"https:\/\/delaet.com.br\/en\/wp-json\/wp\/v2\/product\/3303","targetHints":{"allow":["GET"]}}],"collection":[{"href":"https:\/\/delaet.com.br\/en\/wp-json\/wp\/v2\/product"}],"about":[{"href":"https:\/\/delaet.com.br\/en\/wp-json\/wp\/v2\/types\/product"}],"replies":[{"embeddable":true,"href":"https:\/\/delaet.com.br\/en\/wp-json\/wp\/v2\/comments?post=3303"}],"wp:featuredmedia":[{"embeddable":true,"href":"https:\/\/delaet.com.br\/en\/wp-json\/wp\/v2\/media\/3301"}],"wp:attachment":[{"href":"https:\/\/delaet.com.br\/en\/wp-json\/wp\/v2\/media?parent=3303"}],"wp:term":[{"taxonomy":"product_brand","embeddable":true,"href":"https:\/\/delaet.com.br\/en\/wp-json\/wp\/v2\/product_brand?post=3303"},{"taxonomy":"product_cat","embeddable":true,"href":"https:\/\/delaet.com.br\/en\/wp-json\/wp\/v2\/product_cat?post=3303"},{"taxonomy":"product_tag","embeddable":true,"href":"https:\/\/delaet.com.br\/en\/wp-json\/wp\/v2\/product_tag?post=3303"}],"curies":[{"name":"wp","href":"https:\/\/api.w.org\/{rel}","templated":true}]}}