{"id":3323,"date":"2026-04-12T09:29:47","date_gmt":"2026-04-12T12:29:47","guid":{"rendered":"https:\/\/delaet.com.br\/pt_br\/loja\/produto\/estandarte-violino-4-4-jacaranda-black-fret-class-nth-45-f035\/"},"modified":"2026-04-12T22:08:42","modified_gmt":"2026-04-13T01:08:42","slug":"estandarte-violino-4-4-jacaranda-black-fret-class-nth-45-f035","status":"publish","type":"product","link":"https:\/\/delaet.com.br\/en\/loja\/produto\/estandarte-violino-4-4-jacaranda-black-fret-class-nth-45-f035\/","title":{"rendered":"Estandarte Violino 4\/4 Jacarand\u00e1 (Black Fret) Class NTH-45"},"content":{"rendered":"<p>Estandarte para Violino 4\/4 Jacarand\u00e1 (Black Fret) Hill Class NTH-45C.<\/p>\n<p>Cor:Jacarand\u00e1<br \/> G\u00eanero:Unissex<br \/> Linha:Arco e Acess\u00f3rios<br \/> Marca:Class<br \/> Modelo:NTH-45C<br \/> Origem:India<br \/> SKU:008351<br \/> Unidades por Embalagem:1<br \/> \u00c9 kit:N\u00e3o<br \/> Instrumento Recomendado:Violino<br \/> Condi\u00e7\u00e3o:Novo<\/p>\n<p><\/p>","protected":false},"excerpt":{"rendered":"<p>Estandarte para Violino 4\/4 Jacarand\u00e1 (Black Fret) Hill Class NTH-45C. Cor:Jacarand\u00e1 G\u00eanero:Unissex Linha:Arco e Acess\u00f3rios Marca:Class Modelo:NTH-45C Origem:India SKU:008351 Unidades por Embalagem:1 \u00c9 kit:N\u00e3o Instrumento Recomendado:Violino Condi\u00e7\u00e3o:Novo<\/p>","protected":false},"featured_media":3322,"comment_status":"open","ping_status":"closed","template":"","meta":{"om_disable_all_campaigns":false,"jetpack_publicize_message":"","jetpack_publicize_feature_enabled":true,"jetpack_social_post_already_shared":false,"jetpack_social_options":{"image_generator_settings":{"template":"highway","default_image_id":0,"font":"","enabled":false},"version":2}},"product_brand":[168],"product_cat":[210,579],"product_tag":[577,580],"class_list":{"0":"post-3323","1":"product","2":"type-product","3":"status-publish","4":"has-post-thumbnail","6":"product_brand-class","7":"product_cat-friccionadas","8":"product_cat-estandarte","9":"product_tag-estandarte","10":"product_tag-estandarte-violino","12":"first","13":"instock","14":"shipping-taxable","15":"purchasable","16":"product-type-simple"},"aioseo_notices":[],"jetpack_publicize_connections":[],"jetpack_sharing_enabled":true,"_links":{"self":[{"href":"https:\/\/delaet.com.br\/en\/wp-json\/wp\/v2\/product\/3323","targetHints":{"allow":["GET"]}}],"collection":[{"href":"https:\/\/delaet.com.br\/en\/wp-json\/wp\/v2\/product"}],"about":[{"href":"https:\/\/delaet.com.br\/en\/wp-json\/wp\/v2\/types\/product"}],"replies":[{"embeddable":true,"href":"https:\/\/delaet.com.br\/en\/wp-json\/wp\/v2\/comments?post=3323"}],"wp:featuredmedia":[{"embeddable":true,"href":"https:\/\/delaet.com.br\/en\/wp-json\/wp\/v2\/media\/3322"}],"wp:attachment":[{"href":"https:\/\/delaet.com.br\/en\/wp-json\/wp\/v2\/media?parent=3323"}],"wp:term":[{"taxonomy":"product_brand","embeddable":true,"href":"https:\/\/delaet.com.br\/en\/wp-json\/wp\/v2\/product_brand?post=3323"},{"taxonomy":"product_cat","embeddable":true,"href":"https:\/\/delaet.com.br\/en\/wp-json\/wp\/v2\/product_cat?post=3323"},{"taxonomy":"product_tag","embeddable":true,"href":"https:\/\/delaet.com.br\/en\/wp-json\/wp\/v2\/product_tag?post=3323"}],"curies":[{"name":"wp","href":"https:\/\/api.w.org\/{rel}","templated":true}]}}