{"id":3327,"date":"2026-04-12T09:30:07","date_gmt":"2026-04-12T12:30:07","guid":{"rendered":"https:\/\/delaet.com.br\/pt_br\/loja\/produto\/estandarte-violoncelo-4-4-ebano-standard-class-e3a231-f035\/"},"modified":"2026-04-12T22:07:46","modified_gmt":"2026-04-13T01:07:46","slug":"estandarte-violoncelo-4-4-ebano-standard-class-e3a231-f035","status":"publish","type":"product","link":"https:\/\/delaet.com.br\/en\/loja\/produto\/estandarte-violoncelo-4-4-ebano-standard-class-e3a231-f035\/","title":{"rendered":"Estandarte Violoncelo 4\/4 \u00c9bano Standard Class E3A231"},"content":{"rendered":"<p>Estandarte para Violoncelo 4\/4 \u00c9bano Standard Class E3A231.<\/p>\n<p>Cor:\u00c9bano<br \/> G\u00eanero:Unissex<br \/> Linha:Arco e Acess\u00f3rios<br \/> Marca:Class<br \/> Modelo:E3A231<br \/> Origem:India<br \/> SKU:008341<br \/> Unidades por Embalagem:1<br \/> \u00c9 kit:N\u00e3o<br \/> Instrumento Recomendado:Violoncelo<br \/> Condi\u00e7\u00e3o:Novo<\/p>\n<p><\/p>","protected":false},"excerpt":{"rendered":"<p>Estandarte para Violoncelo 4\/4 \u00c9bano Standard Class E3A231. Cor:\u00c9bano G\u00eanero:Unissex Linha:Arco e Acess\u00f3rios Marca:Class Modelo:E3A231 Origem:India SKU:008341 Unidades por Embalagem:1 \u00c9 kit:N\u00e3o Instrumento Recomendado:Violoncelo Condi\u00e7\u00e3o:Novo<\/p>","protected":false},"featured_media":3326,"comment_status":"open","ping_status":"closed","template":"","meta":{"om_disable_all_campaigns":false,"jetpack_publicize_message":"","jetpack_publicize_feature_enabled":true,"jetpack_social_post_already_shared":false,"jetpack_social_options":{"image_generator_settings":{"template":"highway","default_image_id":0,"font":"","enabled":false},"version":2}},"product_brand":[168],"product_cat":[210,579],"product_tag":[577,578],"class_list":{"0":"post-3327","1":"product","2":"type-product","3":"status-publish","4":"has-post-thumbnail","6":"product_brand-class","7":"product_cat-friccionadas","8":"product_cat-estandarte","9":"product_tag-estandarte","10":"product_tag-estandarte-violoncelo","12":"first","13":"instock","14":"shipping-taxable","15":"purchasable","16":"product-type-simple"},"aioseo_notices":[],"jetpack_publicize_connections":[],"jetpack_sharing_enabled":true,"_links":{"self":[{"href":"https:\/\/delaet.com.br\/en\/wp-json\/wp\/v2\/product\/3327","targetHints":{"allow":["GET"]}}],"collection":[{"href":"https:\/\/delaet.com.br\/en\/wp-json\/wp\/v2\/product"}],"about":[{"href":"https:\/\/delaet.com.br\/en\/wp-json\/wp\/v2\/types\/product"}],"replies":[{"embeddable":true,"href":"https:\/\/delaet.com.br\/en\/wp-json\/wp\/v2\/comments?post=3327"}],"wp:featuredmedia":[{"embeddable":true,"href":"https:\/\/delaet.com.br\/en\/wp-json\/wp\/v2\/media\/3326"}],"wp:attachment":[{"href":"https:\/\/delaet.com.br\/en\/wp-json\/wp\/v2\/media?parent=3327"}],"wp:term":[{"taxonomy":"product_brand","embeddable":true,"href":"https:\/\/delaet.com.br\/en\/wp-json\/wp\/v2\/product_brand?post=3327"},{"taxonomy":"product_cat","embeddable":true,"href":"https:\/\/delaet.com.br\/en\/wp-json\/wp\/v2\/product_cat?post=3327"},{"taxonomy":"product_tag","embeddable":true,"href":"https:\/\/delaet.com.br\/en\/wp-json\/wp\/v2\/product_tag?post=3327"}],"curies":[{"name":"wp","href":"https:\/\/api.w.org\/{rel}","templated":true}]}}