{"id":3374,"date":"2026-04-12T09:32:30","date_gmt":"2026-04-12T12:32:30","guid":{"rendered":"https:\/\/delaet.com.br\/pt_br\/loja\/produto\/flanela-limpeza-e-polimento-microfibra-d-addario-pw-mpc-f035\/"},"modified":"2026-04-17T12:25:26","modified_gmt":"2026-04-17T15:25:26","slug":"flanela-limpeza-e-polimento-microfibra-d-addario-pw-mpc-f035","status":"publish","type":"product","link":"https:\/\/delaet.com.br\/en\/loja\/produto\/flanela-limpeza-e-polimento-microfibra-d-addario-pw-mpc-f035\/","title":{"rendered":"Flanela Limpeza E Polimento Microfibra D\u00b4Addario PW-MPC"},"content":{"rendered":"<p>As flanelas de microfibra para limpeza e polimento D Addario ret\u00e9m a sujeira dentro das fibras, proporcionando uma limpeza profunda. Sua durabilidade supera a dos tecidos comuns e podem ser lavadas diversas vezes.<br \/>\nMedida: 30cm em largura e comprimento, altura 1mm<\/p>\n<p>Origem:Coreia<br \/> Cor:Cinza<br \/> Unidades por Embalagem:1<br \/> G\u00eanero:Unissex<br \/> Material:Microfibra<br \/> C\u00f3digo Universal do Produto:0019954940980<br \/> SKU:014144<\/p>\n<p> Condi\u00e7\u00e3o do \u00edtem:Novo<br \/> MPN:PW-MPC<br \/> Fonte do Produto:Importado<br \/> \u00c9 kit:N\u00e3o<\/p>\n<p><\/p>","protected":false},"excerpt":{"rendered":"<p>As flanelas de microfibra para limpeza e polimento D Addario ret\u00e9m a sujeira dentro das fibras, proporcionando uma limpeza profunda. Sua durabilidade supera a dos tecidos comuns e podem ser lavadas diversas vezes. Medida: 30cm em largura e comprimento, altura 1mm Origem:Coreia Cor:Cinza Unidades por Embalagem:1 G\u00eanero:Unissex Material:Microfibra C\u00f3digo Universal do Produto:0019954940980 SKU:014144 Condi\u00e7\u00e3o do [&hellip;]<\/p>\n","protected":false},"featured_media":3371,"comment_status":"open","ping_status":"closed","template":"","meta":{"om_disable_all_campaigns":false,"_monsterinsights_skip_tracking":false,"_monsterinsights_sitenote_active":false,"_monsterinsights_sitenote_note":"","_monsterinsights_sitenote_category":0,"jetpack_publicize_message":"","jetpack_publicize_feature_enabled":true,"jetpack_social_post_already_shared":false,"jetpack_social_options":{"image_generator_settings":{"template":"highway","default_image_id":0,"font":"","enabled":false},"version":2}},"product_brand":[160],"product_cat":[96,489],"product_tag":[560,562],"class_list":{"0":"post-3374","1":"product","2":"type-product","3":"status-publish","4":"has-post-thumbnail","6":"product_brand-daddario","7":"product_cat-acessorios","8":"product_cat-limpeza","9":"product_tag-flanela","10":"product_tag-polimento","12":"first","13":"instock","14":"shipping-taxable","15":"purchasable","16":"product-type-simple"},"aioseo_notices":[],"jetpack_publicize_connections":[],"jetpack_sharing_enabled":true,"_links":{"self":[{"href":"https:\/\/delaet.com.br\/en\/wp-json\/wp\/v2\/product\/3374","targetHints":{"allow":["GET"]}}],"collection":[{"href":"https:\/\/delaet.com.br\/en\/wp-json\/wp\/v2\/product"}],"about":[{"href":"https:\/\/delaet.com.br\/en\/wp-json\/wp\/v2\/types\/product"}],"replies":[{"embeddable":true,"href":"https:\/\/delaet.com.br\/en\/wp-json\/wp\/v2\/comments?post=3374"}],"wp:featuredmedia":[{"embeddable":true,"href":"https:\/\/delaet.com.br\/en\/wp-json\/wp\/v2\/media\/3371"}],"wp:attachment":[{"href":"https:\/\/delaet.com.br\/en\/wp-json\/wp\/v2\/media?parent=3374"}],"wp:term":[{"taxonomy":"product_brand","embeddable":true,"href":"https:\/\/delaet.com.br\/en\/wp-json\/wp\/v2\/product_brand?post=3374"},{"taxonomy":"product_cat","embeddable":true,"href":"https:\/\/delaet.com.br\/en\/wp-json\/wp\/v2\/product_cat?post=3374"},{"taxonomy":"product_tag","embeddable":true,"href":"https:\/\/delaet.com.br\/en\/wp-json\/wp\/v2\/product_tag?post=3374"}],"curies":[{"name":"wp","href":"https:\/\/api.w.org\/{rel}","templated":true}]}}