{"id":3378,"date":"2026-04-12T09:32:41","date_gmt":"2026-04-12T12:32:41","guid":{"rendered":"https:\/\/delaet.com.br\/pt_br\/loja\/produto\/flanela-para-limpeza-e-polimento-nao-tratada-d-addario-pwpc2-f035\/"},"modified":"2026-04-12T20:59:42","modified_gmt":"2026-04-12T23:59:42","slug":"flanela-para-limpeza-e-polimento-nao-tratada-d-addario-pwpc2-f035","status":"publish","type":"product","link":"https:\/\/delaet.com.br\/en\/loja\/produto\/flanela-para-limpeza-e-polimento-nao-tratada-d-addario-pwpc2-f035\/","title":{"rendered":"Flanela Para Limpeza E Polimento N\u00e3o Tratada D\u00b4Addario PWPC2"},"content":{"rendered":"<p>As flanelas n\u00e3o tratadas para limpeza e polimento D Addario s\u00e3o feitas de algod\u00e3o felpudo de alta qualidade que duram mais e eliminam a sujeira de forma mais eficaz do que os tecidos comuns.<\/p>\n<p>Origem:Estados Unidos<br \/> Cor:Amarelo<br \/> Unidades por Embalagem:1<br \/> G\u00eanero:Unissex<br \/> Material:Algod\u00e3o<br \/> C\u00f3digo Universal do Produto:0019954929152<br \/> SKU:014137<\/p>\n<p> Condi\u00e7\u00e3o do \u00edtem:Novo<br \/> MPN:PWPC2<br \/> Fonte do Produto:Importado<br \/> \u00c9 kit:N\u00e3o<\/p>\n<p><\/p>","protected":false},"excerpt":{"rendered":"<p>As flanelas n\u00e3o tratadas para limpeza e polimento D Addario s\u00e3o feitas de algod\u00e3o felpudo de alta qualidade que duram mais e eliminam a sujeira de forma mais eficaz do que os tecidos comuns. Origem:Estados Unidos Cor:Amarelo Unidades por Embalagem:1 G\u00eanero:Unissex Material:Algod\u00e3o C\u00f3digo Universal do Produto:0019954929152 SKU:014137 Condi\u00e7\u00e3o do \u00edtem:Novo MPN:PWPC2 Fonte do Produto:Importado \u00c9 [&hellip;]<\/p>\n","protected":false},"featured_media":3375,"comment_status":"open","ping_status":"closed","template":"","meta":{"om_disable_all_campaigns":false,"_monsterinsights_skip_tracking":false,"_monsterinsights_sitenote_active":false,"_monsterinsights_sitenote_note":"","_monsterinsights_sitenote_category":0,"jetpack_publicize_message":"","jetpack_publicize_feature_enabled":true,"jetpack_social_post_already_shared":false,"jetpack_social_options":{"image_generator_settings":{"template":"highway","default_image_id":0,"font":"","enabled":false},"version":2}},"product_brand":[160],"product_cat":[96,489],"product_tag":[560,562],"class_list":{"0":"post-3378","1":"product","2":"type-product","3":"status-publish","4":"has-post-thumbnail","6":"product_brand-daddario","7":"product_cat-acessorios","8":"product_cat-limpeza","9":"product_tag-flanela","10":"product_tag-polimento","12":"first","13":"instock","14":"shipping-taxable","15":"purchasable","16":"product-type-simple"},"aioseo_notices":[],"jetpack_publicize_connections":[],"jetpack_sharing_enabled":true,"_links":{"self":[{"href":"https:\/\/delaet.com.br\/en\/wp-json\/wp\/v2\/product\/3378","targetHints":{"allow":["GET"]}}],"collection":[{"href":"https:\/\/delaet.com.br\/en\/wp-json\/wp\/v2\/product"}],"about":[{"href":"https:\/\/delaet.com.br\/en\/wp-json\/wp\/v2\/types\/product"}],"replies":[{"embeddable":true,"href":"https:\/\/delaet.com.br\/en\/wp-json\/wp\/v2\/comments?post=3378"}],"wp:featuredmedia":[{"embeddable":true,"href":"https:\/\/delaet.com.br\/en\/wp-json\/wp\/v2\/media\/3375"}],"wp:attachment":[{"href":"https:\/\/delaet.com.br\/en\/wp-json\/wp\/v2\/media?parent=3378"}],"wp:term":[{"taxonomy":"product_brand","embeddable":true,"href":"https:\/\/delaet.com.br\/en\/wp-json\/wp\/v2\/product_brand?post=3378"},{"taxonomy":"product_cat","embeddable":true,"href":"https:\/\/delaet.com.br\/en\/wp-json\/wp\/v2\/product_cat?post=3378"},{"taxonomy":"product_tag","embeddable":true,"href":"https:\/\/delaet.com.br\/en\/wp-json\/wp\/v2\/product_tag?post=3378"}],"curies":[{"name":"wp","href":"https:\/\/api.w.org\/{rel}","templated":true}]}}