{"id":3382,"date":"2026-04-12T09:32:52","date_gmt":"2026-04-12T12:32:52","guid":{"rendered":"https:\/\/delaet.com.br\/pt_br\/loja\/produto\/flanela-para-limpeza-e-polimento-pre-tratada-d-addario-pwpc1-f035\/"},"modified":"2026-04-12T20:59:10","modified_gmt":"2026-04-12T23:59:10","slug":"flanela-para-limpeza-e-polimento-pre-tratada-d-addario-pwpc1-f035","status":"publish","type":"product","link":"https:\/\/delaet.com.br\/en\/loja\/produto\/flanela-para-limpeza-e-polimento-pre-tratada-d-addario-pwpc1-f035\/","title":{"rendered":"Flanela Para Limpeza E Polimento Pr\u00e9 Tratada D\u00b4Addario PWPC1"},"content":{"rendered":"<p>As flanelas pr\u00e9 tratadas para limpeza e polimento D Addario s\u00e3o fabricadas com um limpador integrado no pr\u00f3prio tecido que elimina a necessidade de aplicar um polidor extra.<\/p>\n<p>Origem:Estados Unidos<br \/> Cor:Cinza<br \/> Unidades por Embalagem:1<br \/> G\u00eanero:Unissex<br \/> Material:Algod\u00e3o<br \/> C\u00f3digo Universal do Produto:0019954929145<br \/> SKU:014138<\/p>\n<p> Condi\u00e7\u00e3o do \u00edtem:Novo<br \/> MPN:PWPC1<br \/> Fonte do Produto:Importado<br \/> \u00c9 kit:N\u00e3o<\/p>\n<p><\/p>","protected":false},"excerpt":{"rendered":"<p>As flanelas pr\u00e9 tratadas para limpeza e polimento D Addario s\u00e3o fabricadas com um limpador integrado no pr\u00f3prio tecido que elimina a necessidade de aplicar um polidor extra. Origem:Estados Unidos Cor:Cinza Unidades por Embalagem:1 G\u00eanero:Unissex Material:Algod\u00e3o C\u00f3digo Universal do Produto:0019954929145 SKU:014138 Condi\u00e7\u00e3o do \u00edtem:Novo MPN:PWPC1 Fonte do Produto:Importado \u00c9 kit:N\u00e3o<\/p>","protected":false},"featured_media":3379,"comment_status":"open","ping_status":"closed","template":"","meta":{"om_disable_all_campaigns":false,"jetpack_publicize_message":"","jetpack_publicize_feature_enabled":true,"jetpack_social_post_already_shared":false,"jetpack_social_options":{"image_generator_settings":{"template":"highway","default_image_id":0,"font":"","enabled":false},"version":2}},"product_brand":[160],"product_cat":[96,489],"product_tag":[560,561],"class_list":{"0":"post-3382","1":"product","2":"type-product","3":"status-publish","4":"has-post-thumbnail","6":"product_brand-daddario","7":"product_cat-acessorios","8":"product_cat-limpeza","9":"product_tag-flanela","10":"product_tag-flanela-instrumento","12":"first","13":"instock","14":"shipping-taxable","15":"purchasable","16":"product-type-simple"},"aioseo_notices":[],"jetpack_publicize_connections":[],"jetpack_sharing_enabled":true,"_links":{"self":[{"href":"https:\/\/delaet.com.br\/en\/wp-json\/wp\/v2\/product\/3382","targetHints":{"allow":["GET"]}}],"collection":[{"href":"https:\/\/delaet.com.br\/en\/wp-json\/wp\/v2\/product"}],"about":[{"href":"https:\/\/delaet.com.br\/en\/wp-json\/wp\/v2\/types\/product"}],"replies":[{"embeddable":true,"href":"https:\/\/delaet.com.br\/en\/wp-json\/wp\/v2\/comments?post=3382"}],"wp:featuredmedia":[{"embeddable":true,"href":"https:\/\/delaet.com.br\/en\/wp-json\/wp\/v2\/media\/3379"}],"wp:attachment":[{"href":"https:\/\/delaet.com.br\/en\/wp-json\/wp\/v2\/media?parent=3382"}],"wp:term":[{"taxonomy":"product_brand","embeddable":true,"href":"https:\/\/delaet.com.br\/en\/wp-json\/wp\/v2\/product_brand?post=3382"},{"taxonomy":"product_cat","embeddable":true,"href":"https:\/\/delaet.com.br\/en\/wp-json\/wp\/v2\/product_cat?post=3382"},{"taxonomy":"product_tag","embeddable":true,"href":"https:\/\/delaet.com.br\/en\/wp-json\/wp\/v2\/product_tag?post=3382"}],"curies":[{"name":"wp","href":"https:\/\/api.w.org\/{rel}","templated":true}]}}